{"id":1072,"date":"2024-05-30T12:31:47","date_gmt":"2024-05-30T09:31:47","guid":{"rendered":"https:\/\/azal.of.by\/?page_id=1072"},"modified":"2024-06-03T17:21:42","modified_gmt":"2024-06-03T14:21:42","slug":"umumi-m-lumat","status":"publish","type":"page","link":"https:\/\/azal.of.by\/az\/umumi-m-lumat","title":{"rendered":"\u00dcmumi m\u0259lumat"},"content":{"rendered":"<div>\n<p><span style=\"font-size: 32px; color: #01357e;\">H\u00f6rm\u0259tli s\u0259rni\u015fin<\/span><\/p>\n<p>&nbsp;<\/p>\n<\/div>\n<div>\n<p>\u201cAz\u0259rbaycan Hava Yollar\u0131\u201d avia\u015firk\u0259ti il\u0259 u\u00e7u\u015fdan \u0259vv\u0259l vacib m\u0259qamlar\u0131 Siz\u0259 xat\u0131rlatmaq ist\u0259yirik:<\/p>\n<ul>\n<li>da\u015f\u0131nma qaydalar\u0131na uy\u011fun olaraq, s\u0259yah\u0259t \u00fc\u00e7\u00fcn b\u00fct\u00fcn laz\u0131mi s\u0259n\u0259dl\u0259r\u0259, vizalara v\u0259 icaz\u0259l\u0259r\u0259 sahib oldu\u011funuzdan \u0259min olma\u011f\u0131n\u0131z xahi\u015f olunur.<\/li>\n<li>gedi\u015f, t\u0259yinat v\u0259 tranzit \u00f6lk\u0259nin s\u0259n\u0259d t\u0259l\u0259bl\u0259ri v\u0259 qanunlar\u0131 il\u0259 tan\u0131\u015f olma\u011f\u0131n\u0131z v\u0259 onlara \u0259m\u0259l etm\u0259yiniz xahi\u015f olunur.<\/li>\n<\/ul>\n<p>Avia\u015firk\u0259t bu prosesd\u0259 Siz\u0259 h\u0259r zaman s\u0259lahiyy\u0259tl\u0259ri daxilind\u0259 k\u00f6m\u0259k etm\u0259y\u0259 haz\u0131rd\u0131r, lakin yuxar\u0131da qeyd edil\u0259n t\u0259l\u0259bl\u0259rin Siz\u0259 bildirilm\u0259m\u0259sin\u0259 v\u0259 ya Sizin t\u0259r\u0259finizd\u0259n onlara \u0259m\u0259l edilm\u0259m\u0259sin\u0259 g\u00f6r\u0259 m\u0259suliyy\u0259t da\u015f\u0131m\u0131r.<\/p>\n<\/div>\n","protected":false},"excerpt":{"rendered":"<p>H\u00f6rm\u0259tli s\u0259rni\u015fin &nbsp; \u201cAz\u0259rbaycan Hava Yollar\u0131\u201d avia\u015firk\u0259ti il\u0259 u\u00e7u\u015fdan \u0259vv\u0259l ...<\/p>\n","protected":false},"author":1,"featured_media":0,"parent":0,"menu_order":0,"comment_status":"closed","ping_status":"closed","template":"","meta":{"footnotes":""},"yst_prominent_words":[],"class_list":["post-1072","page","type-page","status-publish","hentry"],"_links":{"self":[{"href":"https:\/\/azal.of.by\/az\/wp-json\/wp\/v2\/pages\/1072","targetHints":{"allow":["GET"]}}],"collection":[{"href":"https:\/\/azal.of.by\/az\/wp-json\/wp\/v2\/pages"}],"about":[{"href":"https:\/\/azal.of.by\/az\/wp-json\/wp\/v2\/types\/page"}],"author":[{"embeddable":true,"href":"https:\/\/azal.of.by\/az\/wp-json\/wp\/v2\/users\/1"}],"replies":[{"embeddable":true,"href":"https:\/\/azal.of.by\/az\/wp-json\/wp\/v2\/comments?post=1072"}],"version-history":[{"count":1,"href":"https:\/\/azal.of.by\/az\/wp-json\/wp\/v2\/pages\/1072\/revisions"}],"predecessor-version":[{"id":1073,"href":"https:\/\/azal.of.by\/az\/wp-json\/wp\/v2\/pages\/1072\/revisions\/1073"}],"wp:attachment":[{"href":"https:\/\/azal.of.by\/az\/wp-json\/wp\/v2\/media?parent=1072"}],"wp:term":[{"taxonomy":"yst_prominent_words","embeddable":true,"href":"https:\/\/azal.of.by\/az\/wp-json\/wp\/v2\/yst_prominent_words?post=1072"}],"curies":[{"name":"wp","href":"https:\/\/api.w.org\/{rel}","templated":true}]}}