{"id":1092,"date":"2024-05-30T13:06:49","date_gmt":"2024-05-30T10:06:49","guid":{"rendered":"https:\/\/azal.of.by\/?page_id=1092"},"modified":"2024-06-03T17:22:59","modified_gmt":"2024-06-03T14:22:59","slug":"tarifl-rin-qaydalari","status":"publish","type":"page","link":"https:\/\/azal.of.by\/az\/tarifl-rin-qaydalari","title":{"rendered":"Tarifl\u0259rin qaydalar\u0131"},"content":{"rendered":"<div class=\"Text_text__ENRzj TextBlock_block_title__84eOD\">\n<p><span style=\"color: #01357e; font-size: 34px;\">Qeydl\u0259r:<\/span><\/p>\n<\/div>\n<div class=\"Text_text__ENRzj\">\n<p>Aviabiletin d\u0259y\u0259rinin qaytar\u0131lmas\u0131: istifad\u0259 olunmayan b\u00fct\u00fcn r\u00fcsum v\u0259 y\u0131\u011f\u0131mlar geri qaytar\u0131l\u0131r<\/p>\n<p>U\u015faqlar v\u0259 k\u00f6rp\u0259l\u0259r \u00fc\u00e7\u00fcn g\u00fcz\u0259\u015ftl\u0259r: yuxar\u0131da qeyd olunan b\u00fct\u00fcn tarifl\u0259r \u00fczr\u0259 2 ya\u015f\u0131ndan 12 ya\u015f\u0131nad\u0259k u\u015faqlar \u00fc\u00e7\u00fcn t\u0259tbiq olunan tarifd\u0259n 25% \u201cCHD\u201d, 0 \u2013 2 ya\u015f\u0131nda k\u00f6rp\u0259l\u0259r \u00fc\u00e7\u00fcn is\u0259 t\u0259tbiq olunan tarifd\u0259n 90% INF g\u00fcz\u0259\u015ftl\u0259ri t\u0259tbiq edilir<\/p>\n<p>Klassik il\u0259 s\u0259yah\u0259t ed\u0259n 0 \u2013 2 ya\u015f\u0131nda k\u00f6rp\u0259l\u0259r \u00fc\u00e7\u00fcn 1 yer 10 kq baqaj\u0131n da\u015f\u0131nmas\u0131na icaz\u0259 verilir<\/p>\n<p>Y\u0131\u011f\u0131m v\u0259 r\u00fcsumlar: t\u0259xsisetm\u0259 sistemind\u0259 d\u0259rc edil\u0259n y\u0131\u011f\u0131m v\u0259 r\u00fcsumlara \u0259sas\u0259n t\u0259tbiq edilir<\/p>\n<p>\u201cU\u00e7u\u015fdan \u0259vv\u0259l\u201d - U\u00e7u\u015fa 60 d\u0259qiq\u0259d\u0259n \u00e7ox vaxt qald\u0131qda yenid\u0259n t\u0259xsis etm\u0259k v\u0259 ya aviabiletin d\u0259y\u0259rini qaytarmaq ist\u0259y\u0259n S\u0259rni\u015fin qeydiyyata g\u0259lmi\u015f s\u0259rni\u015fin hesab olunur<\/p>\n<p>\u201cVOID\u201d - aviabilet l\u0259\u011fv edilm\u0259si (anulyasiyas\u0131) yaln\u0131z aviabilet r\u0259smil\u0259\u015fdiril\u0259n andan 3 (\u00fc\u00e7) saat \u0259rzind\u0259 icaz\u0259 verilir. Bu zaman biletd\u0259 g\u00f6st\u0259ril\u0259n u\u00e7u\u015f vaxt\u0131na 3 saatdan az qalmay\u0131bsa \u201cVoid\u201d statusu il\u0259 l\u0259\u011fv edil\u0259 bil\u0259r. \u201cNo Show\u201d statuslu biletl\u0259rin \u201cVoid\u201d statusla l\u0259\u011fvi q\u0259ti qada\u011fand\u0131r. Bel\u0259 hallarda aviabiletd\u0259n m\u00fcvafiq t\u0259tbiq olunan c\u0259rim\u0259 tutularaq yaln\u0131z \u201cRefund\u201d olunmas\u0131na icaz\u0259 verilir<\/p>\n<p>\u201cU\u00e7u\u015fdan sonra\u201d (NO-SHOW) - U\u00e7u\u015fa 60 d\u0259qiq\u0259d\u0259n az vaxt qald\u0131qda yenid\u0259n t\u0259xsis etm\u0259k v\u0259 ya aviabiletin d\u0259y\u0259rini qaytarmaq ist\u0259y\u0259n S\u0259rni\u015fin qeydiyyata g\u0259lm\u0259mi\u015f s\u0259rni\u015fin hesab olunur<\/p>\n<p>Maksimal qalma m\u00fcdd\u0259ti: aviabiletin q\u00fcvv\u0259d\u0259 olma m\u00fcdd\u0259ti. M\u00fcxt\u0259lif maksimal qalma m\u00fcdd\u0259tl\u0259ri olan tarifl\u0259rin birl\u0259\u015fdirilm\u0259si\/kombinasiyas\u0131 zaman\u0131, daha \u00e7ox olan \u201cmaksimal qalma m\u00fcdd\u0259ti\u201d t\u0259tbiq olunur<\/p>\n<p>Aviabiletin d\u0259y\u0259rinin qaytar\u0131lmas\u0131\/ Tarixin d\u0259yi\u015fdirilm\u0259si (rebooking\/revalidate)<\/p>\n<p>Aviabiletl\u0259rin geri qaytar\u0131lmas\u0131 v\u0259 yenid\u0259n t\u0259xsis edilm\u0259si \u00fc\u00e7\u00fcn c\u0259rim\u0259l\u0259r tarifin t\u0259tbiq qaydalar\u0131na uy\u011fun olaraq h\u0259r u\u00e7u\u015f seqmentin\u0259 t\u0259tbiq edilir.<\/p>\n<p>\u018fg\u0259r aviabilet bir sinifd\u0259n v\u0259 ya brend\u0259n daha yuxar\u0131 s\u0259viyy\u0259li sinf\u0259\/brend\u0259 \u201cupgrade\u201d proseduru (\u0259lav\u0259 \u00f6d\u0259ni\u015f) vasit\u0259sil\u0259 d\u0259yi\u015fdirilibs\u0259, h\u0259min aviabilet d\u0259y\u0259rinin qaytar\u0131lmas\u0131\/ tarixin d\u0259yi\u015fdirilm\u0259si (rebooking\/revalidate) a\u015fa\u011f\u0131dak\u0131 qaydalara \u0259sas\u0259n h\u0259yata ke\u00e7irilm\u0259lidir:<\/p>\n<ul>\n<li>tarixin d\u0259yi\u015fdirilm\u0259si (rebooking\/revalidate) - yeni t\u0259xsis edilmi\u015f sinifin qaydalar\u0131 \u0259sas\u0131nda.<\/li>\n<li>aviabilet d\u0259y\u0259rinin qaytar\u0131lmas\u0131 (refund): bir sinifd\u0259n daha yuxar\u0131 s\u0259viyy\u0259li sinf\u0259 art\u0131r\u0131lma \u201cupgrade\u201d proseduru \u00fc\u00e7\u00fcn \u00f6d\u0259nilmi\u015f tarif f\u0259rqi tam olaraq qaytar\u0131ld\u0131qdan sonra, ilkin sinif \u00fc\u00e7\u00fcn \u00f6d\u0259nil\u0259n m\u0259bl\u0259\u011f, h\u0259min sinfin m\u00fcvafiq qaydalar\u0131 \u0259sas\u0131nda c\u0259rim\u0259 tutularaq s\u0259rni\u015fin\u0259 qaytar\u0131l\u0131r<\/li>\n<\/ul>\n<p><strong>\u018fg\u0259r bir aviabilet iki v\u0259 ya bir ne\u00e7\u0259 sinifl\u0259rin\/brendl\u0259rin kombinasiyas\u0131 \u0259sas\u0131nda r\u0259smil\u0259\u015fdirilibs\u0259:<\/strong><\/p>\n<ul>\n<li>rebooking\/revalidate \u0259m\u0259liyyatlar\u0131 seqmentl\u0259r \u00fczr\u0259 m\u00fcvafiq t\u0259xsisetm\u0259 sinfl\u0259rinin\/brendl\u0259rin qaydalar\u0131na \u0259sas\u0259n h\u0259yata ke\u00e7irilir:<\/li>\n<li>tam istifad\u0259 olunmam\u0131\u015f aviabilet d\u0259y\u0259rinin qaytar\u0131lmas\u0131 (refund): aviabiletd\u0259 t\u0259tbiq olunan daha a\u015fa\u011f\u0131 sinifin\/brendin qaydalar\u0131na \u0259sas\u0259n h\u0259yata ke\u00e7irilir<\/li>\n<li>qism\u0259n istifad\u0259 olunmu\u015f aviabiletl\u0259rin qaytar\u0131lmas\u0131 v\u0259 ya u\u00e7u\u015f tarixinin d\u0259yi\u015fdirilm\u0259si qaydalar\u0131 yaln\u0131z istifad\u0259 olunmam\u0131\u015f\/aktual sah\u0259l\u0259r\u0259 \u015famil olunur<\/li>\n<\/ul>\n<p>Sinif\/brend s\u0259viyy\u0259sinin d\u0259yi\u015film\u0259sin\u0259 icaz\u0259 verilmir (eyni xidm\u0259t sinifi daxilind\u0259, daha a\u015fa\u011f\u0131 sinf\u0259)<\/p>\n<p>Aviabilet tarixinin d\u0259yi\u015fdirilm\u0259si (rebooking\/revalidate) avtomatik t\u0259xsisetm\u0259 sistemind\u0259 m\u00f6vcud olan sinf\u0259\/brend\u0259 \u0259sas\u0259n, tarif f\u0259rqinin tutulmas\u0131 v\u0259 tarifin m\u00fcvafiq t\u0259tbiq edilm\u0259 qaydalar\u0131na \u0259sas\u0259n h\u0259yata ke\u00e7irili<\/p>\n<p>\u201cRerouting\u201d - istiqam\u0259tl\u0259rin d\u0259yi\u015fdirilm\u0259si - yeni mar\u015frut\/istiqam\u0259t \u00fczr\u0259 tarifl\u0259r v\u0259 y\u0131\u011f\u0131mlar\/r\u00fcsumlar aras\u0131nda olan f\u0259rq v\u0259 h\u0259r istiqam\u0259t\u0259 (segment\u0259) g\u00f6r\u0259 50 Avro m\u0259bl\u0259\u011find\u0259 y\u0131\u011f\u0131m tutulmaq \u015f\u0259rtil\u0259 h\u0259yata ke\u00e7irilir (ilkin aviabiletd\u0259 t\u0259tbiq olunan brend t\u0259tbiq olunmal\u0131d\u0131r). Tarifl\u0259r aras\u0131nda olan f\u0259rq qaytar\u0131lm\u0131r<\/p>\n<p>Eyni \u015f\u0259h\u0259r, lakin m\u00fcxt\u0259lif hava limanlar\u0131n\u0131n \u201cRerouting\u201d zaman\u0131 yaln\u0131z avtomatik t\u0259xsisetm\u0259 sistemind\u0259 olan sinif v\u0259 y\u0131\u011f\u0131m\/r\u00fcsumlar aras\u0131nda olan f\u0259rq tutulmal\u0131d\u0131r. Tarifl\u0259r aras\u0131nda olan f\u0259rq qaytar\u0131lm\u0131r.<\/p>\n<\/div>\n","protected":false},"excerpt":{"rendered":"<p>Qeydl\u0259r: Aviabiletin d\u0259y\u0259rinin qaytar\u0131lmas\u0131: istifad\u0259 olunmayan b\u00fct\u00fcn r\u00fcsum v\u0259 y\u0131\u011f\u0131mlar ...<\/p>\n","protected":false},"author":1,"featured_media":0,"parent":0,"menu_order":0,"comment_status":"closed","ping_status":"closed","template":"page-rules.php","meta":{"footnotes":""},"yst_prominent_words":[],"class_list":["post-1092","page","type-page","status-publish","hentry"],"_links":{"self":[{"href":"https:\/\/azal.of.by\/az\/wp-json\/wp\/v2\/pages\/1092","targetHints":{"allow":["GET"]}}],"collection":[{"href":"https:\/\/azal.of.by\/az\/wp-json\/wp\/v2\/pages"}],"about":[{"href":"https:\/\/azal.of.by\/az\/wp-json\/wp\/v2\/types\/page"}],"author":[{"embeddable":true,"href":"https:\/\/azal.of.by\/az\/wp-json\/wp\/v2\/users\/1"}],"replies":[{"embeddable":true,"href":"https:\/\/azal.of.by\/az\/wp-json\/wp\/v2\/comments?post=1092"}],"version-history":[{"count":5,"href":"https:\/\/azal.of.by\/az\/wp-json\/wp\/v2\/pages\/1092\/revisions"}],"predecessor-version":[{"id":1097,"href":"https:\/\/azal.of.by\/az\/wp-json\/wp\/v2\/pages\/1092\/revisions\/1097"}],"wp:attachment":[{"href":"https:\/\/azal.of.by\/az\/wp-json\/wp\/v2\/media?parent=1092"}],"wp:term":[{"taxonomy":"yst_prominent_words","embeddable":true,"href":"https:\/\/azal.of.by\/az\/wp-json\/wp\/v2\/yst_prominent_words?post=1092"}],"curies":[{"name":"wp","href":"https:\/\/api.w.org\/{rel}","templated":true}]}}