{"id":1099,"date":"2024-05-30T13:14:01","date_gmt":"2024-05-30T10:14:01","guid":{"rendered":"https:\/\/azal.of.by\/?page_id=1099"},"modified":"2024-06-03T17:24:30","modified_gmt":"2024-06-03T14:24:30","slug":"usaqlar-v-hamil-qadinlarla-s-yah-t","status":"publish","type":"page","link":"https:\/\/azal.of.by\/az\/usaqlar-v-hamil-qadinlarla-s-yah-t","title":{"rendered":"U\u015faqlar v\u0259 hamil\u0259 qad\u0131nlarla s\u0259yah\u0259t"},"content":{"rendered":"<p><span style=\"font-size: 34px; color: #01357e;\">M\u00fc\u015fayi\u0259t olunmayan azya\u015fl\u0131lar<\/span><\/p>\n<div class=\"TextBlock_block__XoJBQ\">\n<div class=\"Text_text__ENRzj\">\n<p>5 ya\u015fdan 14 ya\u015fad\u0259k u\u015faqlar aviasiya \u015firk\u0259tinin reysl\u0259rin\u0259 yaln\u0131z 18 ya\u015f v\u0259 ondan b\u00f6y\u00fck s\u0259rni\u015finin (valideyn\/q\u0259yyum v\u0259 ya onlar\u0131n qanuni t\u0259msil\u00e7isinin) m\u00fc\u015fayi\u0259ti il\u0259 v\u0259 ya avia\u015firk\u0259tin u\u015faqlar\u0131n m\u00fc\u015fayi\u0259t olunmas\u0131 xidm\u0259tind\u0259n istifad\u0259 ed\u0259r\u0259k b\u00f6y\u00fck s\u0259rni\u015finin m\u00fc\u015fayi\u0259ti olmadan q\u0259bul olunur.<\/p>\n<\/div>\n<\/div>\n<div class=\"TravelingWithChildrenAndPregnant_wrapperTable__33kF_\">\n<table class=\"TravelingWithChildrenAndPregnant_table__WUDB9\">\n<thead class=\"TravelingWithChildrenAndPregnant_table_header__6HEzV\">\n<tr class=\"TravelingWithChildrenAndPregnant_row__1_IFX\">\n<td>\n<div class=\"Text_text__ENRzj\">\n<p>U\u015fa\u011f\u0131n ya\u015f\u0131<\/p>\n<\/div>\n<\/td>\n<td>\n<div class=\"Text_text__ENRzj\">\n<p>Siz avia\u015firk\u0259tin u\u015faqlar\u0131n m\u00fc\u015fayi\u0259t olunmas\u0131 xidm\u0259tind\u0259n istifad\u0259 ed\u0259 bil\u0259rsinizmi?<\/p>\n<\/div>\n<\/td>\n<td>\n<div class=\"Text_text__ENRzj\">\n<p>U\u015faqlar\u0131n m\u00fc\u015fayi\u0259t olunmas\u0131 xidm\u0259tinin d\u0259y\u0259ri n\u0259 q\u0259d\u0259r t\u0259\u015fkil edir?<\/p>\n<\/div>\n<\/td>\n<\/tr>\n<\/thead>\n<tbody class=\"TravelingWithChildrenAndPregnant_table_body__WO4Hp\">\n<tr class=\"TravelingWithChildrenAndPregnant_row__1_IFX\">\n<td>\n<div class=\"Text_text__ENRzj\">\n<p>5 ya\u015fad\u0259k<\/p>\n<\/div>\n<\/td>\n<td>\n<div class=\"Text_text__ENRzj\">\n<p>Bu xidm\u0259t g\u00f6st\u0259rilmir, sizin u\u015fa\u011f\u0131n\u0131z yaln\u0131z 18 ya\u015f v\u0259 ondan b\u00f6y\u00fck s\u0259rni\u015finin (valideynl\u0259r\/q\u0259yyumlar v\u0259 ya onlar\u0131n qanuni t\u0259msil\u00e7il\u0259rinin) m\u00fc\u015fayi\u0259ti il\u0259 u\u00e7a bil\u0259r.<\/p>\n<\/div>\n<\/td>\n<td>\n<div class=\"Text_text__ENRzj\">\n<p>Xidm\u0259t g\u00f6st\u0259rilmir.<\/p>\n<\/div>\n<\/td>\n<\/tr>\n<tr class=\"TravelingWithChildrenAndPregnant_row__1_IFX\">\n<td>\n<div class=\"Text_text__ENRzj\">\n<p>5 ya\u015fdan 14 ya\u015fad\u0259k<\/p>\n<\/div>\n<\/td>\n<td>\n<div class=\"Text_text__ENRzj\">\n<p>U\u015faqlar\u0131n m\u00fc\u015fayi\u0259t olunmas\u0131 xidm\u0259tini \u0259vv\u0259lc\u0259d\u0259n t\u0259xsis etm\u0259lisiniz.Sizin u\u015fa\u011f\u0131n\u0131z \u00fc\u00e7\u00fcn biletin d\u0259y\u0259ri b\u00f6y\u00fck tarifin ist\u0259nil\u0259n m\u00fcnasibsinif \u00fczr\u0259 \u00f6d\u0259nilir. 12 ya\u015fad\u0259k m\u00fc\u015fayi\u0259t olunmayan u\u015faqlar \u00fc\u00e7\u00fcn biletin d\u0259y\u0259ri b\u00f6y\u00fck tarifin 25 faiz m\u0259bl\u0259\u011find\u0259 u\u015faq endirimi t\u0259tbiq olunur.<\/p>\n<\/div>\n<\/td>\n<td>\n<div class=\"Text_text__ENRzj\">\n<p>50 EUR<\/p>\n<\/div>\n<\/td>\n<\/tr>\n<tr class=\"TravelingWithChildrenAndPregnant_row__1_IFX\">\n<td>\n<div class=\"Text_text__ENRzj\">\n<p>14 ya\u015fdan 18 ya\u015fad\u0259k<\/p>\n<\/div>\n<\/td>\n<td>\n<div class=\"Text_text__ENRzj\">\n<p>Sizin u\u015fa\u011f\u0131n\u0131z aviasiya \u015firk\u0259tinin reysl\u0259rind\u0259 m\u00fc\u015fayi\u0259t olunmadan u\u00e7a bil\u0259r v\u0259 ya (valideynl\u0259r\/q\u0259yyumlar v\u0259 ya onlar\u0131n qanuni t\u0259msil\u00e7il\u0259rinin) ist\u0259yi il\u0259 u\u015faqlar\u0131n m\u00fc\u015fayi\u0259t olunmas\u0131 xidm\u0259ti sifari\u015f oluna bil\u0259r.<\/p>\n<\/div>\n<\/td>\n<td>\n<div class=\"Text_text__ENRzj\">\n<p>50 EUR<\/p>\n<\/div>\n<\/td>\n<\/tr>\n<\/tbody>\n<\/table>\n<\/div>\n<div class=\"TextBlock_block__XoJBQ\">\n<div class=\"Text_text__ENRzj TextBlock_block_title__84eOD\"><\/div>\n<div class=\"Text_text__ENRzj\">\n<p><strong>\u201dAz\u0259rbaycan Hava Yollar\u0131\u201d QSC a\u015fa\u011f\u0131dak\u0131 hallarda u\u015faqlar\u0131n m\u00fc\u015fayi\u0259t olunmas\u0131 xidm\u0259tini g\u00f6st\u0259rmir:<\/strong><\/p>\n<p>U\u00e7u\u015fa terminallar\/hava limanlar\u0131 aras\u0131nda transfer daxil olduqda u\u015faqlar\u0131n m\u00fc\u015fayi\u0259t olunmas\u0131 xidm\u0259tind\u0259n istifad\u0259 etm\u0259k qeyri-m\u00fcmk\u00fcnd\u00fcr. \u201cAz\u0259rbaycan Hava Yollar\u0131\u201dn\u0131n marketinq da\u015f\u0131y\u0131c\u0131s\u0131 qismind\u0259 \u00e7\u0131x\u0131\u015f etdiyi kod-\u015ferinq reysl\u0259rind\u0259 v\u0259 interlayn da\u015f\u0131y\u0131c\u0131lar\u0131n reysl\u0259rind\u0259 u\u015faqlar\u0131n m\u00fc\u015fayi\u0259t olunmas\u0131 xidm\u0259ti t\u0259qdim olunmur. Tranzit hava liman\u0131nda gec\u0259 dayanacaqlar\u0131 oldu\u011fu halda u\u015faqlar reys\u0259 q\u0259bul olunmur.<\/p>\n<p><strong>\u00d6lk\u0259l\u0259r \u00fczr\u0259 h\u00fcquqi t\u0259l\u0259bl\u0259rd\u0259 f\u0259rql\u0259r<\/strong><\/p>\n<p>B\u0259zi \u00f6lk\u0259l\u0259rin immiqrasiya xidm\u0259tl\u0259ri g\u0259l\u0259n, ged\u0259n v\u0259 tranzitl\u0259 ke\u00e7\u0259n u\u015faqlar \u00fc\u00e7\u00fcn \u0259lav\u0259 s\u0259n\u0259dl\u0259r t\u0259l\u0259b edirl\u0259r. T\u0259l\u0259b olunan \u0259lav\u0259 s\u0259n\u0259dl\u0259r getdiyiniz \u00f6lk\u0259d\u0259n as\u0131l\u0131d\u0131r, bu s\u0259b\u0259bd\u0259n s\u0259f\u0259rd\u0259n \u0259vv\u0259l onlar bar\u0259d\u0259 m\u0259lumat al\u0131n. IATA Turizm M\u0259rk\u0259zi Siz\u0259 h\u0259r bir \u00f6lk\u0259 \u00fc\u00e7\u00fcn t\u0259l\u0259b olunan s\u0259n\u0259dl\u0259r bar\u0259d\u0259 t\u00f6vsiy\u0259 ver\u0259 bil\u0259r. \u018flav\u0259 t\u0259l\u0259bl\u0259rin g\u00f6st\u0259rilm\u0259si \u00fc\u00e7\u00fcn u\u015fa\u011f\u0131n do\u011fum tarixini m\u00fctl\u0259q qeyd edin.<\/p>\n<p><strong>Reys\u0259 q\u0259d\u0259r<\/strong><\/p>\n<p>U\u015faqlar\u0131n m\u00fc\u015fayi\u0259t olunmas\u0131 xidm\u0259tind\u0259n istifad\u0259 etm\u0259k \u00fc\u00e7\u00fcn mar\u015frutun b\u00fct\u00fcn seqmentl\u0259ri \u00fczr\u0259 bu xidm\u0259ti \u0259vv\u0259lc\u0259d\u0259n t\u0259xsis etm\u0259k v\u0259 aviasiya \u015firk\u0259tinin t\u0259sdiqini almaq z\u0259ruridir, xidm\u0259tinin \u00f6d\u0259ni\u015fi qabaqcadan el\u0259m\u0259k laz\u0131md\u0131r. Siz aviabiletin t\u0259xsis olunmas\u0131 il\u0259 eyni zamanda, lakin u\u00e7u\u015fdan \u0259n az 20 saat \u0259vv\u0259l u\u015fa\u011f\u0131n\u0131z \u00fc\u00e7\u00fcn qida sifari\u015f ed\u0259 bil\u0259rsiz.<\/p>\n<p><strong>Hava liman\u0131nda<\/strong><\/p>\n<p>Valideynl\u0259r\/q\u0259yyumlar v\u0259 ya onlar\u0131n qanuni t\u0259msil\u00e7il\u0259ri qeydiyyat proseduruna u\u00e7u\u015fdan \u0259n az\u0131 2 saat (b\u0259zi hava limanlar\u0131nda 3 saat) \u0259vv\u0259l g\u0259lm\u0259lidirl\u0259r. U\u015faqlar\u0131n m\u00fc\u015fayi\u0259t olunmas\u0131 xidm\u0259ti yaln\u0131z valideynl\u0259rin\/q\u0259yyumlar\u0131n v\u0259 ya onlar\u0131n qanuni t\u0259msil\u00e7il\u0259rinin u\u015fa\u011f\u0131n m\u00fc\u015fayi\u0259tsiz u\u00e7u\u015funa icaz\u0259si olduqda g\u00f6st\u0259rilir. \u018flav\u0259 olaraq,valideynl\u0259r\/q\u0259yyumlar v\u0259 ya onlar\u0131n qanuni t\u0259msil\u00e7il\u0259ri Avia\u015firk\u0259t t\u0259r\u0259find\u0259n m\u00fc\u0259yy\u0259n edilmi\u015f n\u00fcmun\u0259d\u0259 \u00abValideynl\u0259rin\/q\u0259yyumlar\u0131n v\u0259 ya onlar\u0131n qanuni t\u0259msil\u00e7il\u0259rinin m\u00fc\u015fayi\u0259t olunmayan u\u015fa\u011f\u0131n da\u015f\u0131nmas\u0131 \u00fc\u00e7\u00fcn \u0259riz\u0259si\u00bb ni doldurub imzalay\u0131rlar. Hava liman\u0131n\u0131n t\u0259hl\u00fck\u0259sizlik zonas\u0131nda, g\u00f6zl\u0259m\u0259 zal\u0131nda v\u0259 t\u0259yyar\u0259y\u0259 minik zaman\u0131 b\u00fct\u00fcn r\u0259smi prosedurlar apar\u0131lark\u0259n aviasiya \u015firk\u0259tinin \u0259m\u0259kda\u015f\u0131 u\u015fa\u011f\u0131n\u0131z\u0131 m\u00fc\u015fayi\u0259t ed\u0259c\u0259k, hava g\u0259misinin g\u00f6y\u0259rt\u0259sind\u0259 is\u0259 t\u0259yyar\u0259 b\u0259l\u0259d\u00e7il\u0259ri onun qay\u011f\u0131s\u0131na qalacaqlar. Valideynl\u0259r\/q\u0259yyumlar v\u0259 ya onlar\u0131n qanuni t\u0259msil\u00e7il\u0259ri u\u00e7u\u015f ba\u015flayanad\u0259k hava liman\u0131nda qalmal\u0131d\u0131rlar.<\/p>\n<p><strong>U\u00e7u\u015f zaman\u0131<\/strong><\/p>\n<p>U\u015fa\u011f\u0131n\u0131z t\u0259yyar\u0259y\u0259 mindikd\u0259n sonra Avia\u015firk\u0259t \u0259m\u0259kda\u015flar\u0131 onun pasportunu al\u0131r v\u0259 t\u0259yyar\u0259ni t\u0259rk etm\u0259zd\u0259n \u0259vv\u0259l geri qaytar\u0131rlar. U\u00e7u\u015f zaman\u0131 Avia\u015firk\u0259t \u0259m\u0259kda\u015flar\u0131 u\u015fa\u011f\u0131n\u0131za n\u0259zar\u0259t ed\u0259c\u0259k v\u0259 b\u00fct\u00fcn laz\u0131mi xidm\u0259tl\u0259ri g\u00f6st\u0259rm\u0259y\u0259 \u00e7al\u0131\u015facaqlar. U\u015fa\u011f\u0131n\u0131z\u0131n u\u00e7u\u015funun rahat ke\u00e7m\u0259si \u00fc\u00e7\u00fcn onun \u0259l y\u00fck\u00fcn\u0259 laz\u0131mi d\u0259rman, isti geyim v\u0259 sevimli oyunca\u011f\u0131n\u0131 yaxud oyunu yerl\u0259\u015fdirin.<\/p>\n<p><strong>G\u0259lm\u0259 zaman\u0131<\/strong><\/p>\n<p>Reys g\u0259ldikd\u0259 bizim yer\u00fcst\u00fc personal b\u00fct\u00fcn m\u00fcvafiq prosedurlar zaman\u0131 u\u015fa\u011f\u0131n\u0131z\u0131 m\u00fc\u015fayi\u0259t ed\u0259c\u0259kdir. Yaln\u0131z \u00ab Valideynl\u0259rin\/q\u0259yyumlar\u0131n v\u0259 ya onlar\u0131n qanuni t\u0259msil\u00e7il\u0259rinin m\u00fc\u015fayi\u0259t olunmayan u\u015fa\u011f\u0131n da\u015f\u0131nmas\u0131 \u00fc\u00e7\u00fcn \u0259riz\u0259\u00bb sind\u0259 qeyd olunan qar\u015f\u0131layan \u015f\u0259xsin \u015f\u0259xsiyy\u0259tini t\u0259sdiq ed\u0259n s\u0259n\u0259di yoxlan\u0131ld\u0131qdan v\u0259 onun t\u0259r\u0259find\u0259n \u00ab Valideynl\u0259rin\/q\u0259yyumlar\u0131n v\u0259 ya onlar\u0131n qanuni t\u0259msil\u00e7il\u0259rinin m\u00fc\u015fayi\u0259t olunmayan u\u015fa\u011f\u0131n da\u015f\u0131nmas\u0131 \u00fc\u00e7\u00fcn \u0259riz\u0259\u00bb imzaland\u0131qdan sonra Sizin u\u015fa\u011f\u0131n\u0131z qar\u015f\u0131layan \u015f\u0259xs\u0259 t\u0259hvil veril\u0259c\u0259kdir. U\u015fa\u011f\u0131 qar\u015f\u0131lamaq \u00fc\u00e7\u00fcn t\u0259r\u0259finizd\u0259n t\u0259yin olunmu\u015f \u015f\u0259xs l\u0259ngidiyi t\u0259qdird\u0259 d\u0259rhal bu bar\u0259d\u0259 aviasiya \u015firk\u0259tin\u0259 m\u0259lumat verin, \u00e7\u00fcnki b\u0259zi hava limanlar\u0131nda vaxt\u0131m\u0131z m\u0259hduddur.<\/p>\n<p><strong>U\u015faqlar\u0131n m\u00fc\u015fayi\u0259t olunmas\u0131 xidm\u0259tinin t\u0259xsis olunmas\u0131 bar\u0259d\u0259 m\u0259lumat<\/strong><\/p>\n<p>U\u015fa\u011f\u0131n m\u00fc\u015fayi\u0259t olunmas\u0131 xidm\u0259tini aviasiya \u015firk\u0259tinin ofisl\u0259rin\u0259 v\u0259 n\u00fcmay\u0259nd\u0259likl\u0259rin\u0259 v\u0259 ya turizm agentiniz\u0259 m\u00fcraci\u0259t ed\u0259r\u0259k sifari\u015f v\u0259 \u00f6d\u0259ni\u015f ed\u0259 bil\u0259rsiniz.<\/p>\n<p>Hamil\u0259, zah\u0131 qad\u0131nlar\u0131n v\u0259 yeni do\u011fulmu\u015f k\u00f6rp\u0259l\u0259rin da\u015f\u0131nmas\u0131<\/p>\n<p>Aviabiletin al\u0131nmas\u0131 v\u0259 yerl\u0259rin bronla\u015fd\u0131r\u0131lmas\u0131 zaman\u0131 hamil\u0259 qad\u0131n\u0131n, zah\u0131n\u0131n v\u0259 ya yeni do\u011fulmu\u015f k\u00f6rp\u0259nin da\u015f\u0131nmas\u0131 avia\u015firk\u0259tl\u0259 \u0259vv\u0259lc\u0259d\u0259n raz\u0131la\u015fd\u0131r\u0131lmal\u0131d\u0131r.<\/p>\n<p>Hamil\u0259 qad\u0131n hava n\u0259qliyyat\u0131ndan istifad\u0259nin m\u00fcmk\u00fcnl\u00fcy\u00fcn\u00fc \u00f6z\u00fc m\u00fc\u0259yy\u0259n edir v\u0259 da\u015f\u0131nma zaman\u0131 \u00f6z s\u0259hh\u0259tin\u0259 v\u0259 ya (yeni do\u011fulmu\u015f yaxud do\u011fulacaq) k\u00f6rp\u0259nin v\u0259ziyy\u0259tin\u0259 \u0259saslanaraq \u00f6z\u00fcn\u00fcn v\u0259 ya k\u00f6rp\u0259nin sa\u011flaml\u0131\u011f\u0131 \u00fc\u00e7\u00fcn m\u00fcmk\u00fcn t\u0259hl\u00fck\u0259ni n\u0259z\u0259r\u0259 al\u0131r.<\/p>\n<p>\u201cAz\u0259rbaycan Hava Yollar\u0131\u201d QSC-nin reysl\u0259ri il\u0259 da\u015f\u0131nmaya burax\u0131lm\u0131r:<\/p>\n<p>Hamil\u0259 qad\u0131nlar - hamil\u0259lik m\u00fcdd\u0259ti 32 h\u0259ft\u0259d\u0259n art\u0131q olduqda; Zah\u0131lar - do\u011fu\u015fdan sonrak\u0131 7 g\u00fcn \u0259rzind\u0259. Yaln\u0131z 7 g\u00fcnl\u00fckd\u0259n \u00e7ox olan k\u00f6rp\u0259l\u0259r ana, ata v\u0259 yaxud k\u00f6rp\u0259y\u0259 g\u00f6r\u0259 m\u0259suliyy\u0259t da\u015f\u0131yan dig\u0259r s\u0259rni\u015finin m\u00fc\u015fayi\u0259ti il\u0259 m\u00fc\u0259yy\u0259n edilmi\u015f qaydada \u201cAz\u0259rbaycan Hava Yollar\u0131\u201d QSC-nin reysl\u0259ri il\u0259 da\u015f\u0131nmaya q\u0259bul olunur.<\/p>\n<p>Hamil\u0259 qad\u0131nlar\u0131n, zah\u0131lar\u0131n v\u0259 yeni do\u011fulmu\u015f k\u00f6rp\u0259l\u0259rin da\u015f\u0131nmas\u0131 \u00fc\u00e7\u00fcn s\u0259n\u0259dl\u0259rin r\u0259smil\u0259\u015fdirilm\u0259si qaydas\u0131:<\/p>\n<p>Qeydiyyat zaman\u0131 hamil\u0259 s\u0259rni\u015fin t\u0259r\u0259find\u0259n \u015fifahi t\u0259qdim edil\u0259n m\u0259lumata \u0259sas\u0259n 26 h\u0259ft\u0259y\u0259d\u0259k hamil\u0259lik m\u00fcdd\u0259tind\u0259 olan s\u0259rni\u015fin \u201chamil\u0259 qad\u0131nlar\u0131n da\u015f\u0131nmas\u0131 zaman\u0131 avia\u015firk\u0259tin m\u0259suliyy\u0259td\u0259n azad edilm\u0259si bar\u0259d\u0259 b\u0259yannam\u0259\u201dni doldurmal\u0131 v\u0259 imzalamal\u0131d\u0131r. Bu zaman s\u0259rni\u015finin hamil\u0259liyi v\u0259 sa\u011flaml\u0131q v\u0259ziyy\u0259ti bar\u0259d\u0259 m\u00fcalic\u0259 h\u0259kiminin aray\u0131\u015f\u0131 t\u0259l\u0259b olunmur.<\/p>\n<p>\u018fg\u0259r qeydiyyat zaman\u0131 s\u0259rni\u015finin bildiri\u015fin\u0259 \u0259sas\u0259n hamil\u0259lik m\u00fcdd\u0259ti 26 h\u0259ft\u0259d\u0259n 32 h\u0259ft\u0259y\u0259 q\u0259d\u0259rdirs\u0259 (32 h\u0259ft\u0259 daxil olmaqla) s\u0259rni\u015fin \u201chamil\u0259 qad\u0131nlar\u0131n da\u015f\u0131nmas\u0131 zaman\u0131 avia\u015firk\u0259tin m\u0259suliyy\u0259td\u0259n azad edilm\u0259si bar\u0259d\u0259 b\u0259yannam\u0259\u201dni doldurmal\u0131 v\u0259 imzalamal\u0131, habel\u0259 \u0259lav\u0259 olaraq hamil\u0259lik v\u0259 sa\u011flaml\u0131q v\u0259ziyy\u0259ti bar\u0259d\u0259 aray\u0131\u015f t\u0259qdim etm\u0259lidir.<\/p>\n<p>Bu c\u00fcr aray\u0131\u015f s\u0259rni\u015finin m\u00fcalic\u0259 ald\u0131\u011f\u0131 tibb m\u00fc\u0259ssis\u0259sind\u0259 r\u0259smil\u0259\u015fdirilm\u0259li v\u0259 m\u00fcalic\u0259 ed\u0259n (t\u0259cr\u00fcb\u0259 ke\u00e7\u0259n) h\u0259kimin m\u00f6h\u00fcr\u00fc il\u0259 t\u0259sdiql\u0259nm\u0259lidir.Aray\u0131\u015fda hamil\u0259liyin m\u00fcdd\u0259ti, onun n\u00f6v\u00fc (bir- v\u0259 ya ikid\u00f6ll\u00fc) olmas\u0131, xarakteri (normal v\u0259 ya m\u00fcr\u0259kk\u0259b) v\u0259 s\u0259rni\u015finin hava n\u0259qliyyat\u0131 vasit\u0259sil\u0259 da\u015f\u0131mas\u0131n\u0131 m\u00fcmk\u00fcn etm\u0259y\u0259n patologiyalar\u0131n, vaxt\u0131ndan \u0259vv\u0259l do\u011fu\u015fun v\u0259 ya d\u00fc\u015fm\u0259 riskinin olmamas\u0131 bar\u0259d\u0259 m\u0259lumat m\u00fctl\u0259q g\u00f6st\u0259rilir.<\/p>\n<p>Yeni do\u011fulmu\u015f k\u00f6rp\u0259nin da\u015f\u0131nmas\u0131 r\u0259smil\u0259\u015fdiril\u0259rk\u0259n do\u011fum haqq\u0131nda \u015f\u0259had\u0259tnam\u0259 (do\u011fum evinin aray\u0131\u015f\u0131) t\u0259qdim olunmal\u0131d\u0131r. 7 g\u00fcnd\u0259n art\u0131q k\u00f6rp\u0259nin sa\u011flaml\u0131q v\u0259ziyy\u0259ti haqq\u0131nda tibbi aray\u0131\u015f t\u0259l\u0259b edilmir.<\/p>\n<p>Da\u015f\u0131y\u0131c\u0131 hamil\u0259 qad\u0131n\u0131, zah\u0131n\u0131, yeni do\u011fulmu\u015f k\u00f6rp\u0259ni birinci t\u0259yinat m\u0259nt\u0259q\u0259sin\u0259 (\u201cAzal\u201d\u0131n u\u00e7u\u015f yerin\u0259 yetirdiyi m\u0259nt\u0259q\u0259y\u0259) q\u0259d\u0259r da\u015f\u0131maya q\u0259bul edir v\u0259 dig\u0259r istismar\u00e7\u0131n\u0131n da\u015f\u0131madan imtina etm\u0259sin\u0259 g\u00f6r\u0259 m\u0259suliyy\u0259t da\u015f\u0131m\u0131r. Da\u015f\u0131y\u0131c\u0131 he\u00e7 bir halda hamil\u0259 qad\u0131n\u0131n, zah\u0131n\u0131n, yeni do\u011fulmu\u015f k\u00f6rp\u0259nin s\u0259hh\u0259tinin a\u011f\u0131rla\u015fmas\u0131na g\u00f6r\u0259 yaxud u\u00e7u\u015f zaman\u0131 v\u0259 ya u\u00e7u\u015fdan sonra dig\u0259r arzuolunmaz m\u0259nfi hallar\u0131n ba\u015f verm\u0259sin\u0259 g\u00f6r\u0259 m\u0259suliyy\u0259t da\u015f\u0131m\u0131r. Aviada\u015f\u0131ma r\u0259smil\u0259\u015fdiril\u0259rk\u0259n (Az\u0259rbaycana geriy\u0259 u\u00e7u\u015f zaman\u0131 \u2013 hava g\u0259misind\u0259 v\u0259 ya \u201cAz\u0259rbaycan Hava Yollar\u0131\u201d QSC-nin xarici \u00f6lk\u0259l\u0259rd\u0259ki n\u00fcmay\u0259nd\u0259likl\u0259rind\u0259) haz\u0131rk\u0131 da\u015f\u0131ma qaydalar\u0131 t\u0259tbiq edilir.<\/p>\n<\/div>\n<\/div>\n<p>&nbsp;<\/p>\n","protected":false},"excerpt":{"rendered":"<p>M\u00fc\u015fayi\u0259t olunmayan azya\u015fl\u0131lar 5 ya\u015fdan 14 ya\u015fad\u0259k u\u015faqlar aviasiya \u015firk\u0259tinin ...<\/p>\n","protected":false},"author":1,"featured_media":0,"parent":0,"menu_order":0,"comment_status":"closed","ping_status":"closed","template":"","meta":{"footnotes":""},"yst_prominent_words":[],"class_list":["post-1099","page","type-page","status-publish","hentry"],"_links":{"self":[{"href":"https:\/\/azal.of.by\/az\/wp-json\/wp\/v2\/pages\/1099","targetHints":{"allow":["GET"]}}],"collection":[{"href":"https:\/\/azal.of.by\/az\/wp-json\/wp\/v2\/pages"}],"about":[{"href":"https:\/\/azal.of.by\/az\/wp-json\/wp\/v2\/types\/page"}],"author":[{"embeddable":true,"href":"https:\/\/azal.of.by\/az\/wp-json\/wp\/v2\/users\/1"}],"replies":[{"embeddable":true,"href":"https:\/\/azal.of.by\/az\/wp-json\/wp\/v2\/comments?post=1099"}],"version-history":[{"count":1,"href":"https:\/\/azal.of.by\/az\/wp-json\/wp\/v2\/pages\/1099\/revisions"}],"predecessor-version":[{"id":1100,"href":"https:\/\/azal.of.by\/az\/wp-json\/wp\/v2\/pages\/1099\/revisions\/1100"}],"wp:attachment":[{"href":"https:\/\/azal.of.by\/az\/wp-json\/wp\/v2\/media?parent=1099"}],"wp:term":[{"taxonomy":"yst_prominent_words","embeddable":true,"href":"https:\/\/azal.of.by\/az\/wp-json\/wp\/v2\/yst_prominent_words?post=1099"}],"curies":[{"name":"wp","href":"https:\/\/api.w.org\/{rel}","templated":true}]}}