{"id":1103,"date":"2024-05-30T13:16:13","date_gmt":"2024-05-30T10:16:13","guid":{"rendered":"https:\/\/azal.of.by\/?page_id=1103"},"modified":"2024-06-03T17:27:40","modified_gmt":"2024-06-03T14:27:40","slug":"overbooking","status":"publish","type":"page","link":"https:\/\/azal.of.by\/az\/overbooking","title":{"rendered":"Overbooking"},"content":{"rendered":"<p>U\u00e7u\u015fda t\u0259xsis edil\u0259n yerl\u0259rin say\u0131n\u0131n art\u0131q olmas\u0131, u\u00e7u\u015f t\u0259hl\u00fck\u0259sizliyi (hava g\u0259misinin a\u011f\u0131rl\u0131q limitl\u0259ri) v\u0259 ya texniki s\u0259b\u0259bd\u0259n hava g\u0259misinin daha az oturacaql\u0131 hava g\u0259misi il\u0259 \u0259v\u0259zl\u0259nm\u0259si s\u0259b\u0259bind\u0259n S\u0259rni\u015fini da\u015f\u0131maya q\u0259bul etm\u0259k m\u00fcmk\u00fcn olmaya bil\u0259r. Bu halda Avia\u015firk\u0259t u\u00e7u\u015fda t\u0259sdiq olunmu\u015f yerini k\u00f6n\u00fcll\u00fc \u015f\u0259kild\u0259 daha sonrak\u0131 u\u00e7u\u015f v\u0259 kompensasiya m\u00fcqabilind\u0259 d\u0259yi\u015fm\u0259y\u0259 raz\u0131 olan S\u0259rni\u015finl\u0259r axtaracaq. \u018fg\u0259r kifay\u0259t q\u0259d\u0259r u\u00e7u\u015fdan imtina ed\u0259c\u0259k k\u00f6n\u00fcll\u00fc S\u0259rni\u015fin yoxdursa bu zaman b\u0259zi S\u0259rni\u015finl\u0259r Avia\u015firk\u0259tin minik prioriteti qaydalar\u0131na uy\u011fun olaraq u\u00e7u\u015fa burax\u0131lmayacaqlar. Avia\u015firk\u0259tin qeydiyyat vaxt\u0131na v\u0259 dig\u0259r qaydalar\u0131na riay\u0259t ed\u0259r\u0259k u\u00e7u\u015fdan k\u0259narla\u015fd\u0131r\u0131lm\u0131\u015f S\u0259rni\u015fini Avia\u015firk\u0259t alternativ u\u00e7u\u015f v\u0259 kompensasiya il\u0259 t\u0259min ed\u0259c\u0259kdir.<\/p>\n<p>\u018fg\u0259r S\u0259rni\u015fin Avi\u015firk\u0259tin qeydiyyat vaxt\u0131 v\u0259 dig\u0259r qaydalara riay\u0259t etm\u0259zs\u0259 kompensasiya verilm\u0259d\u0259n u\u00e7u\u015fdan k\u0259narla\u015fd\u0131r\u0131la bil\u0259r<\/p>\n<p>Pul kompensasiyas\u0131n\u0131n m\u0259bl\u0259\u011fi aviabiletin d\u0259y\u0259rinin 100%-ni t\u0259\u015fkil edir, lakin 200 Avrodan az v\u0259 1000 Avrodan art\u0131q olmamal\u0131d\u0131r.<\/p>\n<p>AB\u015e istiqam\u0259tin\u0259\/d\u0259n u\u00e7u\u015flarda S\u0259rni\u015fini da\u015f\u0131nmaya q\u0259bul etm\u0259k qeyri-m\u00fcmk\u00fcn olduqda \u201c14 CFR Part 250 \u2013 Oversales\u201d qaydalar\u0131na uy\u011fun olaraq s\u0259rni\u015fin\u0259 kompensasiya t\u0259qdim edilir.<\/p>\n","protected":false},"excerpt":{"rendered":"<p>U\u00e7u\u015fda t\u0259xsis edil\u0259n yerl\u0259rin say\u0131n\u0131n art\u0131q olmas\u0131, u\u00e7u\u015f t\u0259hl\u00fck\u0259sizliyi (hava ...<\/p>\n","protected":false},"author":1,"featured_media":0,"parent":0,"menu_order":0,"comment_status":"closed","ping_status":"closed","template":"","meta":{"footnotes":""},"yst_prominent_words":[],"class_list":["post-1103","page","type-page","status-publish","hentry"],"_links":{"self":[{"href":"https:\/\/azal.of.by\/az\/wp-json\/wp\/v2\/pages\/1103","targetHints":{"allow":["GET"]}}],"collection":[{"href":"https:\/\/azal.of.by\/az\/wp-json\/wp\/v2\/pages"}],"about":[{"href":"https:\/\/azal.of.by\/az\/wp-json\/wp\/v2\/types\/page"}],"author":[{"embeddable":true,"href":"https:\/\/azal.of.by\/az\/wp-json\/wp\/v2\/users\/1"}],"replies":[{"embeddable":true,"href":"https:\/\/azal.of.by\/az\/wp-json\/wp\/v2\/comments?post=1103"}],"version-history":[{"count":1,"href":"https:\/\/azal.of.by\/az\/wp-json\/wp\/v2\/pages\/1103\/revisions"}],"predecessor-version":[{"id":1104,"href":"https:\/\/azal.of.by\/az\/wp-json\/wp\/v2\/pages\/1103\/revisions\/1104"}],"wp:attachment":[{"href":"https:\/\/azal.of.by\/az\/wp-json\/wp\/v2\/media?parent=1103"}],"wp:term":[{"taxonomy":"yst_prominent_words","embeddable":true,"href":"https:\/\/azal.of.by\/az\/wp-json\/wp\/v2\/yst_prominent_words?post=1103"}],"curies":[{"name":"wp","href":"https:\/\/api.w.org\/{rel}","templated":true}]}}