{"id":1106,"date":"2024-05-30T13:21:25","date_gmt":"2024-05-30T10:21:25","guid":{"rendered":"https:\/\/azal.of.by\/?page_id=1106"},"modified":"2024-06-03T17:28:19","modified_gmt":"2024-06-03T14:28:19","slug":"t-hluk-li-syalar","status":"publish","type":"page","link":"https:\/\/azal.of.by\/az\/t-hluk-li-syalar","title":{"rendered":"T\u0259hl\u00fck\u0259li \u0259\u015fyalar"},"content":{"rendered":"<p>[vc_row][vc_column][vc_column_text]<\/p>\n<div class=\"Text_text__ENRzj TextBlock_block_title__84eOD\">\n<p><span style=\"font-size: 34px; color: #01357e;\">U\u00e7u\u015fun t\u0259hl\u00fck\u0259sizliyinin t\u0259min olunmas\u0131 m\u0259qs\u0259dil\u0259 a\u015fa\u011f\u0131dak\u0131 qaydalara riay\u0259t olunmal\u0131d\u0131r:<\/span><\/p>\n<\/div>\n<div class=\"Text_text__ENRzj\">\n<p>H\u0259r biri 100 ml-d\u0259k (3.4 oz) h\u0259cmli qablarda \u00fcmumi h\u0259cmi 1 litrd\u0259n \u00e7ox olmayan, a\u011fz\u0131 ba\u011fl\u0131 \u015f\u0259ffaf plastik paketd\u0259 olduqda mayel\u0259rin \u0259l y\u00fck\u00fcnd\u0259 da\u015f\u0131nmas\u0131na icaz\u0259 verilir.<\/p>\n<p>H\u0259cmi 100 ml-d\u0259k tutumlarda da\u00e7\u0131nmas\u0131 m\u00fcmk\u00fcn olmayan lakin s\u0259f\u0259r zaman\u0131 h\u0259yat \u00fcm\u00fcn vacib olan, tibbi v\u0259 ya diyetik t\u0259l\u0259bat\u0131 t\u0259min etm\u0259k \u00fc\u00e7\u00fcn z\u0259ruri olan mayel\u0259r yuxar\u0131da g\u00f6st\u0259ril\u0259n m\u0259hdudiyy\u0259tl\u0259rd\u0259n azad olunur.<\/p>\n<p>AB\u015e N\u0259qliyyat T\u0259hl\u00fck\u0259sizliyi Administrasiyas\u0131n\u0131n (TSA) yay\u0131mlad\u0131\u011f\u0131 q\u0259rara \u0259sas\u0259n, AB\u015e-a\/ dan u\u00e7u\u015flarda 350 millilitr\u0259 b\u0259rab\u0259r v\u0259 ya daha \u00e7ox miqdarda toz madd\u0259l\u0259rinin (un, \u015f\u0259k\u0259r, q\u0259hv\u0259, \u0259dviyyat, s\u00fcd tozu, pudra v\u0259 s.) \u0259l-y\u00fck\u00fcnd\u0259 v\u0259 ya s\u0259rni\u015finin \u00fcz\u0259rind\u0259 da\u015f\u0131nmas\u0131na icaz\u0259 verilmir. 350 ml h\u0259cmind\u0259n az olan toz m\u0259hsullar x\u00fcsusi t\u0259hl\u00fck\u0259sizlik bax\u0131\u015f\u0131na m\u0259ruz qal\u0131r v\u0259 \u0259g\u0259r bu m\u0259hsullar u\u00e7u\u015f zaman\u0131 g\u0259r\u0259kli deyils\u0259 s\u0259rni\u015finl\u0259ri onlar\u0131 qeydiyyatdan ke\u00e7mi\u015f baqajda aparma\u011fa d\u0259v\u0259t edirik.<\/p>\n<p>350 millilitr\u0259 b\u0259rab\u0259r v\u0259 ya daha \u00e7ox toz materillar\u0131n salonda da\u015f\u0131nmas\u0131na icaz\u0259 verilmir v\u0259 qeydiyyatdan ke\u00e7mi\u015f baqajda da\u015f\u0131nmal\u0131d\u0131r.<\/p>\n<p>350 millilitr\u0259 b\u0259rab\u0259r v\u0259 ya daha \u00e7ox toz materillar\u0131n salonda da\u015f\u0131nmas\u0131na icaz\u0259 verilmir v\u0259 qeydiyyatdan ke\u00e7mi\u015f baqajda da\u015f\u0131nmal\u0131d\u0131r.<\/p>\n<p>U\u015faq qidas\u0131, reseptli d\u0259rmanlar v\u0259 insan qal\u0131qlar\u0131 yaln\u0131z m\u00f6h\u00fcrl\u0259nmi\u015f ba\u011flamada da\u015f\u0131na bil\u0259r.<\/p>\n<p>Son yola d\u00fc\u015fm\u0259 m\u0259nt\u0259q\u0259sind\u0259 hava liman\u0131n\u0131n r\u00fcsumsuz ticar\u0259t ma\u011fazalar\u0131ndan sat\u0131n al\u0131nm\u0131\u015f toz hal\u0131nda madd\u0259l\u0259r kassa \u00e7eki il\u0259 birlikd\u0259 X\u00fcsusi hermetik ba\u011flamada yerl\u0259\u015fdirilm\u0259lidir.<\/p>\n<p>&nbsp;<\/p>\n<\/div>\n<p><span style=\"font-size: 34px; color: #01357e;\">Sizin baqaj\u0131n\u0131zda da\u015f\u0131nmas\u0131 q\u0259ti qada\u011fan olunmu\u015f \u0259\u015fyalar<\/span>[\/vc_column_text][vc_row_inner gap=\"15\" css=\".vc_custom_1716819717072{margin-bottom: 0px !important;padding-right: 15px !important;padding-left: 15px !important;}\"][vc_column_inner width=\"1\/4\" css=\".vc_custom_1716819677120{margin-bottom: 0px !important;border-top-width: 1px !important;border-right-width: 1px !important;border-bottom-width: 1px !important;border-left-width: 1px !important;border-left-color: #d74440 !important;border-left-style: solid !important;border-right-color: #d74440 !important;border-right-style: solid !important;border-top-color: #d74440 !important;border-top-style: solid !important;border-bottom-color: #d74440 !important;border-bottom-style: solid !important;border-radius: 15px !important;}\"][vc_single_image image=\"338\" img_size=\"full\" alignment=\"center\" css=\".vc_custom_1716818829311{margin-bottom: 20px !important;}\"][vc_column_text]<\/p>\n<p style=\"text-align: center; font-weight: 500;\">Z\u0259h\u0259r<\/p>\n<p>[\/vc_column_text][\/vc_column_inner][vc_column_inner width=\"1\/4\" css=\".vc_custom_1716819672457{margin-bottom: 0px !important;border-top-width: 1px !important;border-right-width: 1px !important;border-bottom-width: 1px !important;border-left-width: 1px !important;border-left-color: #d74440 !important;border-left-style: solid !important;border-right-color: #d74440 !important;border-right-style: solid !important;border-top-color: #d74440 !important;border-top-style: solid !important;border-bottom-color: #d74440 !important;border-bottom-style: solid !important;border-radius: 15px !important;}\"][vc_single_image image=\"351\" img_size=\"full\" alignment=\"center\" css=\".vc_custom_1716819329290{margin-bottom: 20px !important;}\"][vc_column_text]<\/p>\n<p style=\"text-align: center; font-weight: 500;\">Radioaktiv madd\u0259l\u0259r<\/p>\n<p>[\/vc_column_text][\/vc_column_inner][vc_column_inner width=\"1\/4\" css=\".vc_custom_1716819666902{margin-bottom: 0px !important;border-top-width: 1px !important;border-right-width: 1px !important;border-bottom-width: 1px !important;border-left-width: 1px !important;border-left-color: #d74440 !important;border-left-style: solid !important;border-right-color: #d74440 !important;border-right-style: solid !important;border-top-color: #d74440 !important;border-top-style: solid !important;border-bottom-color: #d74440 !important;border-bottom-style: solid !important;border-radius: 15px !important;}\"][vc_single_image image=\"354\" img_size=\"full\" alignment=\"center\" css=\".vc_custom_1716819363136{margin-bottom: 20px !important;}\"][vc_column_text]<\/p>\n<p style=\"text-align: center; font-weight: 500;\">Paslanmaya meyilli madd\u0259l\u0259r<\/p>\n<p>[\/vc_column_text][\/vc_column_inner][vc_column_inner width=\"1\/4\" css=\".vc_custom_1716819658811{margin-bottom: 0px !important;border-top-width: 1px !important;border-right-width: 1px !important;border-bottom-width: 1px !important;border-left-width: 1px !important;border-left-color: #d74440 !important;border-left-style: solid !important;border-right-color: #d74440 !important;border-right-style: solid !important;border-top-color: #d74440 !important;border-top-style: solid !important;border-bottom-color: #d74440 !important;border-bottom-style: solid !important;border-radius: 15px !important;}\"][vc_single_image image=\"357\" img_size=\"full\" alignment=\"center\" css=\".vc_custom_1716819386495{margin-bottom: 20px !important;}\"][vc_column_text]<\/p>\n<p style=\"text-align: center; font-weight: 500;\">Fi\u015f\u0259ng<\/p>\n<p>[\/vc_column_text][\/vc_column_inner][\/vc_row_inner][vc_row_inner gap=\"15\" css=\".vc_custom_1716819923871{margin-bottom: 50px !important;padding-right: 15px !important;padding-left: 15px !important;}\"][vc_column_inner width=\"1\/4\" css=\".vc_custom_1716819520099{border-top-width: 1px !important;border-right-width: 1px !important;border-bottom-width: 1px !important;border-left-width: 1px !important;border-left-color: #d74440 !important;border-left-style: solid !important;border-right-color: #d74440 !important;border-right-style: solid !important;border-top-color: #d74440 !important;border-top-style: solid !important;border-bottom-color: #d74440 !important;border-bottom-style: solid !important;border-radius: 15px !important;}\"][vc_single_image image=\"361\" img_size=\"full\" alignment=\"center\" css=\".vc_custom_1716819487466{margin-bottom: 20px !important;}\"][vc_column_text]<\/p>\n<p style=\"text-align: center; font-weight: 500;\">Partlay\u0131c\u0131 madd\u0259l\u0259r<\/p>\n<p>[\/vc_column_text][\/vc_column_inner][vc_column_inner width=\"1\/4\"][\/vc_column_inner][vc_column_inner width=\"1\/4\"][\/vc_column_inner][vc_column_inner width=\"1\/4\"][\/vc_column_inner][\/vc_row_inner][\/vc_column][\/vc_row][vc_row][vc_column][vc_column_text]<span style=\"font-size: 34px; color: #01357e;\">Baqaja verilm\u0259sin\u0259 icaz\u0259 veril\u0259n, amma q\u0259ti sur\u0259td\u0259 salona ke\u00e7irilm\u0259si qada\u011fan olunan \u0259\u015fyalar<\/span>[\/vc_column_text][vc_row_inner gap=\"15\" css=\".vc_custom_1716820408383{margin-bottom: 50px !important;padding-right: 15px !important;padding-left: 15px !important;}\"][vc_column_inner width=\"1\/4\" css=\".vc_custom_1716819874611{margin-bottom: 0px !important;border-top-width: 1px !important;border-right-width: 1px !important;border-bottom-width: 1px !important;border-left-width: 1px !important;border-left-color: #01357e !important;border-left-style: solid !important;border-right-color: #01357e !important;border-right-style: solid !important;border-top-color: #01357e !important;border-top-style: solid !important;border-bottom-color: #01357e !important;border-bottom-style: solid !important;border-radius: 15px !important;}\"][vc_single_image image=\"375\" img_size=\"full\" alignment=\"center\" css=\".vc_custom_1716819998267{margin-bottom: 20px !important;}\"][vc_column_text]<\/p>\n<p style=\"text-align: center; font-weight: 500;\">T\u0259chizat<\/p>\n<p>[\/vc_column_text][\/vc_column_inner][vc_column_inner width=\"1\/4\" css=\".vc_custom_1716819881269{margin-bottom: 0px !important;border-top-width: 1px !important;border-right-width: 1px !important;border-bottom-width: 1px !important;border-left-width: 1px !important;border-left-color: #01357e !important;border-left-style: solid !important;border-right-color: #01357e !important;border-right-style: solid !important;border-top-color: #01357e !important;border-top-style: solid !important;border-bottom-color: #01357e !important;border-bottom-style: solid !important;border-radius: 15px !important;}\"][vc_single_image image=\"379\" img_size=\"full\" alignment=\"center\" css=\".vc_custom_1716820056423{margin-bottom: 20px !important;}\"][vc_column_text]<\/p>\n<p style=\"text-align: center; font-weight: 500;\">Soyuq silah<\/p>\n<p>[\/vc_column_text][\/vc_column_inner][vc_column_inner width=\"1\/4\" css=\".vc_custom_1716819886596{margin-bottom: 0px !important;border-top-width: 1px !important;border-right-width: 1px !important;border-bottom-width: 1px !important;border-left-width: 1px !important;border-left-color: #01357e !important;border-left-style: solid !important;border-right-color: #01357e !important;border-right-style: solid !important;border-top-color: #01357e !important;border-top-style: solid !important;border-bottom-color: #01357e !important;border-bottom-style: solid !important;border-radius: 15px !important;}\"][vc_single_image image=\"382\" img_size=\"full\" alignment=\"center\" css=\".vc_custom_1716820160316{margin-bottom: 20px !important;}\"][vc_column_text]<\/p>\n<p style=\"text-align: center; font-weight: 500;\">Odlu silah<\/p>\n<p>[\/vc_column_text][\/vc_column_inner][vc_column_inner width=\"1\/4\" css=\".vc_custom_1716819949467{margin-bottom: 0px !important;border-radius: 15px !important;}\"][\/vc_column_inner][\/vc_row_inner][\/vc_column][\/vc_row][vc_row][vc_column][vc_column_text]<span style=\"font-size: 34px; color: #01357e;\">Baqaja t\u0259hvil verilm\u0259sin\u0259 v\u0259 ya da\u015f\u0131nmas\u0131na icaz\u0259 veril\u0259n \u0259\u015fyalar<\/span>[\/vc_column_text][vc_row_inner gap=\"15\" css=\".vc_custom_1716820603581{margin-bottom: 50px !important;padding-right: 15px !important;padding-left: 15px !important;}\"][vc_column_inner width=\"1\/4\" css=\".vc_custom_1716819874611{margin-bottom: 0px !important;border-top-width: 1px !important;border-right-width: 1px !important;border-bottom-width: 1px !important;border-left-width: 1px !important;border-left-color: #01357e !important;border-left-style: solid !important;border-right-color: #01357e !important;border-right-style: solid !important;border-top-color: #01357e !important;border-top-style: solid !important;border-bottom-color: #01357e !important;border-bottom-style: solid !important;border-radius: 15px !important;}\"][vc_single_image image=\"387\" img_size=\"full\" alignment=\"center\" css=\".vc_custom_1716820293991{margin-bottom: 20px !important;}\"][vc_column_text]<\/p>\n<p style=\"text-align: center; font-weight: 500;\">Kibrit, al\u0131\u015fqanlar<\/p>\n<p>[\/vc_column_text][\/vc_column_inner][vc_column_inner width=\"1\/4\" css=\".vc_custom_1716819881269{margin-bottom: 0px !important;border-top-width: 1px !important;border-right-width: 1px !important;border-bottom-width: 1px !important;border-left-width: 1px !important;border-left-color: #01357e !important;border-left-style: solid !important;border-right-color: #01357e !important;border-right-style: solid !important;border-top-color: #01357e !important;border-top-style: solid !important;border-bottom-color: #01357e !important;border-bottom-style: solid !important;border-radius: 15px !important;}\"][vc_single_image image=\"390\" img_size=\"full\" alignment=\"center\" css=\".vc_custom_1716820364481{margin-bottom: 20px !important;}\"][vc_column_text]<\/p>\n<p style=\"text-align: center; font-weight: 500;\">Tualet \u0259\u015fyalar\u0131: \u0259tirl\u0259r, aerozollar<\/p>\n<div class=\"DangerousObjects_warning__peC_W\">\n<div class=\"Text_text__ENRzj DangerousObjects_warning_title__6pFJe\"><\/div>\n<\/div>\n<p>[\/vc_column_text][\/vc_column_inner][vc_column_inner width=\"1\/4\" css=\".vc_custom_1716820378705{margin-bottom: 0px !important;border-radius: 15px !important;}\"][\/vc_column_inner][vc_column_inner width=\"1\/4\" css=\".vc_custom_1716819949467{margin-bottom: 0px !important;border-radius: 15px !important;}\"][\/vc_column_inner][\/vc_row_inner][\/vc_column][\/vc_row][vc_row][vc_column][vc_column_text]<span style=\"font-size: 34px; color: #01357e;\">X\u0259b\u0259rdarl\u0131q!<\/span><\/p>\n<p><a href=\"http:\/\/azal.of.by\/wp-content\/uploads\/2024\/05\/converted-15.svg\"><img decoding=\"async\" class=\"alignnone wp-image-394\" role=\"img\" src=\"http:\/\/azal.of.by\/wp-content\/uploads\/2024\/05\/converted-15.svg\" alt=\"\" width=\"20\" height=\"20\" \/><\/a>\u00a0 \u00a0 T\u0259hl\u00fck\u0259li \u0259\u015fyalar\u0131n t\u0259yyar\u0259nin g\u00f6y\u0259rt\u0259sin\u0259 ke\u00e7irilm\u0259si qeyri-qanuni hesab olunur v\u0259 qaydalar\u0131 pozan \u015f\u0259xsl\u0259r ittiham v\u0259 c\u0259rim\u0259 oluna bil\u0259rl\u0259r.[\/vc_column_text][\/vc_column][\/vc_row]<\/p>\n","protected":false},"excerpt":{"rendered":"<p>[vc_row][vc_column][vc_column_text] U\u00e7u\u015fun t\u0259hl\u00fck\u0259sizliyinin t\u0259min olunmas\u0131 m\u0259qs\u0259dil\u0259 a\u015fa\u011f\u0131dak\u0131 qaydalara riay\u0259t olunmal\u0131d\u0131r: ...<\/p>\n","protected":false},"author":1,"featured_media":0,"parent":0,"menu_order":0,"comment_status":"closed","ping_status":"closed","template":"","meta":{"footnotes":""},"yst_prominent_words":[],"class_list":["post-1106","page","type-page","status-publish","hentry"],"_links":{"self":[{"href":"https:\/\/azal.of.by\/az\/wp-json\/wp\/v2\/pages\/1106","targetHints":{"allow":["GET"]}}],"collection":[{"href":"https:\/\/azal.of.by\/az\/wp-json\/wp\/v2\/pages"}],"about":[{"href":"https:\/\/azal.of.by\/az\/wp-json\/wp\/v2\/types\/page"}],"author":[{"embeddable":true,"href":"https:\/\/azal.of.by\/az\/wp-json\/wp\/v2\/users\/1"}],"replies":[{"embeddable":true,"href":"https:\/\/azal.of.by\/az\/wp-json\/wp\/v2\/comments?post=1106"}],"version-history":[{"count":2,"href":"https:\/\/azal.of.by\/az\/wp-json\/wp\/v2\/pages\/1106\/revisions"}],"predecessor-version":[{"id":1108,"href":"https:\/\/azal.of.by\/az\/wp-json\/wp\/v2\/pages\/1106\/revisions\/1108"}],"wp:attachment":[{"href":"https:\/\/azal.of.by\/az\/wp-json\/wp\/v2\/media?parent=1106"}],"wp:term":[{"taxonomy":"yst_prominent_words","embeddable":true,"href":"https:\/\/azal.of.by\/az\/wp-json\/wp\/v2\/yst_prominent_words?post=1106"}],"curies":[{"name":"wp","href":"https:\/\/api.w.org\/{rel}","templated":true}]}}