{"id":1115,"date":"2024-05-30T13:31:57","date_gmt":"2024-05-30T10:31:57","guid":{"rendered":"https:\/\/azal.of.by\/?page_id=1115"},"modified":"2024-06-03T17:30:21","modified_gmt":"2024-06-03T14:30:21","slug":"qiym-t-siyas-ti","status":"publish","type":"page","link":"https:\/\/azal.of.by\/az\/qiym-t-siyas-ti","title":{"rendered":"Qiym\u0259t siyas\u0259ti"},"content":{"rendered":"<div class=\"Text_text__ENRzj TextBlock_block_title__84eOD\">\n<p><span style=\"color: #01357e; font-size: 34px;\">\u201cAz\u0259rbaycan Hava Yollar\u0131\u201dn\u0131n qiym\u0259t siyas\u0259ti<\/span><\/p>\n<p>&nbsp;<\/p>\n<\/div>\n<div class=\"Text_text__ENRzj\">\n<p>\"Az\u0259rbaycan Hava Yollar\u0131\" avia\u015firk\u0259tinin b\u00fct\u00fcn beyn\u0259lxalq reysl\u0259rind\u0259 dinamik qiym\u0259tqoyma siyas\u0259ti t\u0259tbiq edilir. Bu o dem\u0259kdir ki, bu v\u0259 ya dig\u0259r istiqam\u0259t \u00fczr\u0259 aviabiletin d\u0259y\u0259ri u\u00e7u\u015f tarixind\u0259n v\u0259 biletin al\u0131nma tarixind\u0259n, m\u00f6vs\u00fcmi u\u00e7u\u015f c\u0259dv\u0259lind\u0259n, u\u00e7u\u015flar\u0131n tezliyind\u0259n, h\u0259m\u00e7inin t\u0259yyar\u0259d\u0259 bo\u015f yerl\u0259rin say\u0131ndan as\u0131l\u0131 olaraq d\u0259yi\u015fir.<\/p>\n<p>Bu aviabilet d\u0259y\u0259rinin formala\u015fd\u0131r\u0131lmas\u0131 sistemi avia\u015firk\u0259tl\u0259r\u0259 bu v\u0259 ya dig\u0259r reysin maksimum y\u00fckl\u0259nm\u0259sini t\u0259min etm\u0259y\u0259, eyni zamanda f\u00f6vq\u0259lad\u0259 hallarda t\u0259xir\u0259sal\u0131nmaz u\u00e7u\u015fu t\u0259l\u0259b olunan s\u0259rni\u015fin kateqoriyas\u0131 \u00fc\u00e7\u00fcn t\u0259yyar\u0259d\u0259 bo\u015f yerl\u0259ri h\u0259r zaman saxlama\u011fa imkan ver\u0259n beyn\u0259lxalq s\u0259viyy\u0259d\u0259 tan\u0131nm\u0131\u015f u\u011furlu t\u0259cr\u00fcb\u0259dir.<\/p>\n<p>AZAL avia\u015firk\u0259tinin tarif siyas\u0259ti h\u0259r reysd\u0259 bir ne\u00e7\u0259 tarif sinfini n\u0259z\u0259rd\u0259 tutur v\u0259 aviabiletin d\u0259y\u0259ri \u0259vv\u0259lc\u0259d\u0259n m\u00fc\u0259yy\u0259n edilir - \u0259n a\u015fa\u011f\u0131 tarifd\u0259n \u0259n y\u00fcks\u0259k tarif\u0259d\u0259k. \u018fvv\u0259lc\u0259 \u0259n ucuz tarifl\u0259rl\u0259 aviabiletl\u0259r sat\u0131l\u0131r v\u0259 t\u0259yyar\u0259d\u0259 yerl\u0259r dolduqca h\u0259r n\u00f6vb\u0259ti aviabiletin d\u0259y\u0259ri art\u0131r. Bu, s\u0259rni\u015finl\u0259ri aviabiletl\u0259ri \u00f6nc\u0259d\u0259n alma\u011fa s\u00f6vq edir, avia\u015firk\u0259tl\u0259r\u0259 is\u0259 t\u0259yyar\u0259d\u0259 kifay\u0259t q\u0259d\u0259r s\u0259rni\u015finl\u0259rin olaca\u011f\u0131na z\u0259man\u0259t verir.<\/p>\n<p>Tarif sinifl\u0259rini xidm\u0259t sinifl\u0259ri il\u0259 \u2013 y\u0259ni ekonom sinif v\u0259 ya biznes sinfi il\u0259 qar\u0131\u015fd\u0131rmaq laz\u0131m deyil. H\u0259r bir xidm\u0259t sinfi bir ne\u00e7\u0259 tarif sinfini \u0259hat\u0259 ed\u0259 bil\u0259r. Tarifl\u0259r, h\u0259m\u00e7inin, aviabiletl\u0259rin qaytar\u0131lmas\u0131 v\u0259 ya d\u0259yi\u015fdirilm\u0259si \u015f\u0259rtl\u0259ri il\u0259 f\u0259rql\u0259n\u0259 bil\u0259r.<\/p>\n<p>Qeyd etm\u0259k laz\u0131md\u0131r ki, avia\u015firk\u0259tl\u0259rin x\u0259rcl\u0259ri \u201cCOVID-19\u201d pandemiyas\u0131 d\u00f6vr\u00fcnd\u0259 \u0259h\u0259miyy\u0259tli d\u0259r\u0259c\u0259d\u0259 artm\u0131\u015fd\u0131r. Bu x\u0259rcl\u0259r, \u0259sas\u0259n, yanaca\u011f\u0131n d\u0259y\u0259rinin artmas\u0131, hava g\u0259mil\u0259rinin dezinfeksiyas\u0131 il\u0259 ba\u011fl\u0131 hava limanlar\u0131nda yer\u00fcst\u00fc xidm\u0259t haqq\u0131n\u0131n y\u00fcks\u0259lm\u0259si v\u0259 dig\u0259r amill\u0259rl\u0259 \u0259laq\u0259dard\u0131r.<\/p>\n<p>Buna baxmayaraq, h\u0259r bir s\u0259rni\u015fin aviabilet alark\u0259n q\u0259na\u0259t ed\u0259 v\u0259 \u0259n m\u00fcnasib qiym\u0259t\u0259 aviabilet ala bil\u0259r. Bunun \u00fc\u00e7\u00fcn s\u0259yah\u0259tl\u0259rinizi planla\u015fd\u0131rma\u011f\u0131 v\u0259 biletl\u0259ri \u0259vv\u0259lc\u0259d\u0259n - gedi\u015fd\u0259n 2-3 ay \u0259vv\u0259l v\u0259 ya, daha yax\u015f\u0131 olar ki, aviabilet sat\u0131\u015f\u0131n\u0131n ba\u015fland\u0131\u011f\u0131 elan edil\u0259n kimi d\u0259rhal alma\u011f\u0131n\u0131z\u0131 m\u0259sl\u0259h\u0259t g\u00f6r\u00fcr\u00fck. H\u0259m\u00e7inin h\u0259r istiqam\u0259t \u00fc\u00e7\u00fcn ayr\u0131ca bilet almaqdansa, gedi\u015f-d\u00f6n\u00fc\u015f aviabiletl\u0259rini \u0259ld\u0259 etm\u0259k daha s\u0259rf\u0259lidir. H\u0259m d\u0259 n\u0259z\u0259r\u0259 almaq laz\u0131md\u0131r ki, s\u0259yah\u0259tin pik m\u00f6vs\u00fcm\u00fcnd\u0259 \u2013 m\u0259s\u0259l\u0259n, yay m\u0259zuniyy\u0259tl\u0259ri d\u00f6vr\u00fcnd\u0259, Yeni \u0130l v\u0259 ya dig\u0259r uzunm\u00fcdd\u0259tli bayramlar zaman\u0131 biletl\u0259r daha tez sat\u0131l\u0131r v\u0259 n\u0259tic\u0259 edibaril\u0259 daha baha olur. M\u0259hz s\u0259yah\u0259tini ilk planla\u015fd\u0131ranlar \u0259n m\u00fcnasib qiym\u0259t\u0259 bilet ala bil\u0259c\u0259kl\u0259r.<\/p>\n<\/div>\n","protected":false},"excerpt":{"rendered":"<p>\u201cAz\u0259rbaycan Hava Yollar\u0131\u201dn\u0131n qiym\u0259t siyas\u0259ti &nbsp; \"Az\u0259rbaycan Hava Yollar\u0131\" avia\u015firk\u0259tinin ...<\/p>\n","protected":false},"author":1,"featured_media":0,"parent":0,"menu_order":0,"comment_status":"closed","ping_status":"closed","template":"","meta":{"footnotes":""},"yst_prominent_words":[],"class_list":["post-1115","page","type-page","status-publish","hentry"],"_links":{"self":[{"href":"https:\/\/azal.of.by\/az\/wp-json\/wp\/v2\/pages\/1115","targetHints":{"allow":["GET"]}}],"collection":[{"href":"https:\/\/azal.of.by\/az\/wp-json\/wp\/v2\/pages"}],"about":[{"href":"https:\/\/azal.of.by\/az\/wp-json\/wp\/v2\/types\/page"}],"author":[{"embeddable":true,"href":"https:\/\/azal.of.by\/az\/wp-json\/wp\/v2\/users\/1"}],"replies":[{"embeddable":true,"href":"https:\/\/azal.of.by\/az\/wp-json\/wp\/v2\/comments?post=1115"}],"version-history":[{"count":2,"href":"https:\/\/azal.of.by\/az\/wp-json\/wp\/v2\/pages\/1115\/revisions"}],"predecessor-version":[{"id":1118,"href":"https:\/\/azal.of.by\/az\/wp-json\/wp\/v2\/pages\/1115\/revisions\/1118"}],"wp:attachment":[{"href":"https:\/\/azal.of.by\/az\/wp-json\/wp\/v2\/media?parent=1115"}],"wp:term":[{"taxonomy":"yst_prominent_words","embeddable":true,"href":"https:\/\/azal.of.by\/az\/wp-json\/wp\/v2\/yst_prominent_words?post=1115"}],"curies":[{"name":"wp","href":"https:\/\/api.w.org\/{rel}","templated":true}]}}