{"id":1119,"date":"2024-05-30T13:35:36","date_gmt":"2024-05-30T10:35:36","guid":{"rendered":"https:\/\/azal.of.by\/?page_id=1119"},"modified":"2024-06-03T17:30:59","modified_gmt":"2024-06-03T14:30:59","slug":"proqram-haqqinda","status":"publish","type":"page","link":"https:\/\/azal.of.by\/az\/proqram-haqqinda","title":{"rendered":"Proqram haqq\u0131nda"},"content":{"rendered":"<p>AZAL-Miles proqram\u0131 \u201cAz\u0259rbaycan Hava Yollar\u0131\u201d avia\u015firk\u0259ti il\u0259 tez-tez u\u00e7an s\u0259rni\u015finl\u0259r \u00fc\u00e7\u00fcn yarad\u0131lm\u0131\u015f proqramd\u0131r.<br \/>\nAZAL-Miles tez-tez u\u00e7an s\u0259rni\u015fin proqram\u0131 olaraq, i\u015ftirak\u00e7\u0131lar\u0131n\u0131 s\u0259yah\u0259t v\u0259 status ballar\u0131 il\u0259 m\u00fckafatland\u0131r\u0131r.<\/p>\n<p>\"Az\u0259rbaycan Hava Yollar\u0131\" avia\u015firk\u0259tinin m\u00fcnt\u0259z\u0259m reysl\u0259ri il\u0259 u\u00e7u\u015flara g\u00f6r\u0259 v\u0259 proqram\u0131n \u0259m\u0259kda\u015f \u015firk\u0259tl\u0259rinin xidm\u0259tl\u0259rind\u0259n istifad\u0259 edildiyi zaman hesaba s\u0259yah\u0259t ballar\u0131 \u0259lav\u0259 edilir. Hesaba \u0259lav\u0259 edil\u0259n s\u0259yah\u0259t ballar\u0131n\u0131n say\u0131 (tarif\u0259 r\u00fcsumlar, hava liman\u0131 y\u0131\u011f\u0131mlar\u0131 v\u0259 \u0259lav\u0259 x\u0259rcl\u0259r istisna olmaqla) \u00f6d\u0259nilmi\u015f \u0259sas tarifin h\u0259r bir avrosuna g\u00f6r\u0259 \u0259lav\u0259 edilir.<\/p>\n<p>S\u0259yah\u0259t ballar\u0131 \u201cAz\u0259rbaycan Hava Yollar\u0131\u201d QSC-nin m\u00fcnt\u0259z\u0259m u\u00e7u\u015flar\u0131nda m\u00fckafatland\u0131rmalara d\u0259yi\u015fdiril\u0259 bil\u0259r.<\/p>\n<p>Yerin\u0259 yetiril\u0259n h\u0259r u\u00e7u\u015fa g\u00f6r\u0259 s\u0259rni\u015fin m\u00fc\u0259yy\u0259n miqdarda status ballar\u0131 toplay\u0131r. H\u0259min status ballar\u0131n\u0131n miqdar\u0131 u\u00e7u\u015f istiqam\u0259tind\u0259n v\u0259 xidm\u0259t sinfind\u0259n as\u0131l\u0131d\u0131r.<\/p>\n<ul>\n<li>Bir i\u015ftirak ili \u0259rzind\u0259 toplad\u0131\u011f\u0131 8000 Status bal\u0131 il\u0259 Classic statusundan Gold statusunad\u0259k y\u00fcks\u0259ldil\u0259c\u0259kdir<\/li>\n<li>Bir i\u015ftirak ili \u0259rzind\u0259 toplad\u0131\u011f\u0131 20000 Status bal\u0131 il\u0259 Gold statusundan Platinum statusunad\u0259k y\u00fcks\u0259ldil\u0259c\u0259kdir<\/li>\n<\/ul>\n<p>&nbsp;<\/p>\n<p><span style=\"font-size: 34px; color: #01357e;\">AZAL-Miles proqram\u0131 \u00fczr\u0259 i\u015ftirak\u00e7\u0131 statuslar\u0131<\/span><\/p>\n<p>&nbsp;<\/p>\n<p><span style=\"color: #01357e;\">Classic status - i\u015ftirak\u00e7\u0131l\u0131\u011f\u0131n ba\u015flan\u011f\u0131c statusudur.<\/span><\/p>\n<ul>\n<li>Classic statuslu i\u015ftirak\u00e7\u0131lar aviabiletin \u0259sas tarifinin h\u0259r bir avrosuna (1 \u20ac) g\u00f6r\u0259 1 s\u0259yah\u0259t bal\u0131 toplay\u0131rlar.<\/li>\n<li>Classic statuslu i\u015ftirak\u00e7\u0131lara virtual i\u015ftirak\u00e7\u0131 kart\u0131 t\u0259qdim edilir (fiziki olaraq kart t\u0259qdim edilmir).<\/li>\n<li>8000 status bal\u0131 topland\u0131qda i\u015ftirak\u00e7\u0131 statusu n\u00f6vb\u0259ti i\u015ftirak ili \u0259rzind\u0259 Gold statusuna y\u00fcks\u0259ldil\u0259c\u0259kdir.<\/li>\n<\/ul>\n<p><span style=\"color: #01357e;\">Gold status<\/span><\/p>\n<ul>\n<li>Gold statuslu i\u015ftirak\u00e7\u0131lar aviabiletin \u0259sas tarifinin h\u0259r bir avrosuna (1 \u20ac) g\u00f6r\u0259 2 s\u0259yah\u0259t bal\u0131 toplay\u0131rlar.<\/li>\n<li>\u0130\u015ftirak\u00e7\u0131lara daha \u00e7ox g\u00fcz\u0259\u015ftl\u0259r \u0259ld\u0259 etm\u0259y\u0259 imkan ver\u0259n Gold statuslu virtual kart t\u0259qdim olunur.( fiziki olaraq kart t\u0259qdim edilmir). Gold statusunu saxlamaq v\u0259 ya n\u00f6vb\u0259ti statusuna y\u00fcks\u0259lm\u0259k \u00fc\u00e7\u00fcn i\u015ftirak\u00e7\u0131lar bir i\u015ftirak ili \u0259rzind\u0259 laz\u0131mi miqdarda bal toplamal\u0131d\u0131rlar.<\/li>\n<li>Kifay\u0259t q\u0259d\u0259r status bal\u0131 toplayan i\u015ftirak\u00e7\u0131lar\u0131n statusu avtomatik olaraq Platinum statusuna y\u00fcks\u0259ldil\u0259c\u0259kdir.<\/li>\n<li>Bir i\u015ftirak ili \u0259rzind\u0259 Gold statusunun saxlan\u0131lmas\u0131 \u00fc\u00e7\u00fcn kifay\u0259t q\u0259d\u0259r status bal\u0131 toplamayan Gold statuslu i\u015ftirak\u00e7\u0131lar Classic statusuna endiril\u0259c\u0259kdir.<\/li>\n<\/ul>\n<p><span style=\"color: #01357e;\">Platinum status<\/span><\/p>\n<ul>\n<li>Platinum statuslu i\u015ftirak\u00e7\u0131lar aviabiletin \u0259sas tarifinin h\u0259r bir avrosuna (1 \u20ac) g\u00f6r\u0259 3 s\u0259yah\u0259t bal\u0131 toplay\u0131r. -\u2022 \u0130\u015ftirak\u00e7\u0131lara daha \u00e7ox g\u00fcz\u0259\u015ftl\u0259r \u0259ld\u0259 etm\u0259y\u0259 imkan ver\u0259n Platinum statuslu virtual kart t\u0259qdim olunur.( fiziki olaraq kart t\u0259qdim edilmir). Platinum statusunu saxlamaq \u00fc\u00e7\u00fcn i\u015ftirak\u00e7\u0131lar iki i\u015ftirak ili \u0259rzind\u0259 laz\u0131mi miqdarda bal toplamal\u0131d\u0131rlar.<\/li>\n<li>Bir i\u015ftirak ili \u0259rzind\u0259 Platinum statusunun saxlan\u0131lmas\u0131 \u00fc\u00e7\u00fcn kifay\u0259t q\u0259d\u0259r status bal\u0131 toplamayan Platinum statuslu i\u015ftirak\u00e7\u0131lar Gold statusuna endiril\u0259c\u0259kdir.<\/li>\n<li>AZAL-Miles proqram\u0131 b\u00fct\u00fcn s\u0259rni\u015finl\u0259r\u0259 unikal v\u0259 istifad\u0259si asan m\u00fckafatlar t\u0259qdim edir.<\/li>\n<li>S\u0259rni\u015fin proqramda qeydiyyatdan ke\u00e7diyi andan yarad\u0131lan f\u0259rdi hesab vasit\u0259sil\u0259 b\u00fct\u00fcn i\u015ftirak\u00e7\u0131lar \u00f6z i\u015ftirak\u00e7\u0131l\u0131q f\u0259aliyy\u0259tin\u0259 n\u0259zar\u0259t ed\u0259 bil\u0259rl\u0259r.<\/li>\n<\/ul>\n<p>Daha \u0259trafl\u0131 m\u0259lumat Qaydalar v\u0259 \u015e\u0259rtl\u0259r b\u00f6lm\u0259sind\u0259 qeyd edilib.<\/p>\n","protected":false},"excerpt":{"rendered":"<p>AZAL-Miles proqram\u0131 \u201cAz\u0259rbaycan Hava Yollar\u0131\u201d avia\u015firk\u0259ti il\u0259 tez-tez u\u00e7an s\u0259rni\u015finl\u0259r ...<\/p>\n","protected":false},"author":1,"featured_media":0,"parent":0,"menu_order":0,"comment_status":"closed","ping_status":"closed","template":"","meta":{"footnotes":""},"yst_prominent_words":[],"class_list":["post-1119","page","type-page","status-publish","hentry"],"_links":{"self":[{"href":"https:\/\/azal.of.by\/az\/wp-json\/wp\/v2\/pages\/1119","targetHints":{"allow":["GET"]}}],"collection":[{"href":"https:\/\/azal.of.by\/az\/wp-json\/wp\/v2\/pages"}],"about":[{"href":"https:\/\/azal.of.by\/az\/wp-json\/wp\/v2\/types\/page"}],"author":[{"embeddable":true,"href":"https:\/\/azal.of.by\/az\/wp-json\/wp\/v2\/users\/1"}],"replies":[{"embeddable":true,"href":"https:\/\/azal.of.by\/az\/wp-json\/wp\/v2\/comments?post=1119"}],"version-history":[{"count":2,"href":"https:\/\/azal.of.by\/az\/wp-json\/wp\/v2\/pages\/1119\/revisions"}],"predecessor-version":[{"id":1121,"href":"https:\/\/azal.of.by\/az\/wp-json\/wp\/v2\/pages\/1119\/revisions\/1121"}],"wp:attachment":[{"href":"https:\/\/azal.of.by\/az\/wp-json\/wp\/v2\/media?parent=1119"}],"wp:term":[{"taxonomy":"yst_prominent_words","embeddable":true,"href":"https:\/\/azal.of.by\/az\/wp-json\/wp\/v2\/yst_prominent_words?post=1119"}],"curies":[{"name":"wp","href":"https:\/\/api.w.org\/{rel}","templated":true}]}}