{"id":1127,"date":"2024-05-30T13:45:22","date_gmt":"2024-05-30T10:45:22","guid":{"rendered":"https:\/\/azal.of.by\/?page_id=1127"},"modified":"2024-06-03T17:33:02","modified_gmt":"2024-06-03T14:33:02","slug":"haqqimizda","status":"publish","type":"page","link":"https:\/\/azal.of.by\/az\/haqqimizda","title":{"rendered":"Haqq\u0131m\u0131zda"},"content":{"rendered":"<p>[vc_row][vc_column width=\"1\/2\"][vc_column_text]\u201cAz\u0259rbaycan Hava Yollar\u0131\u201d Qapal\u0131 S\u0259hmdar C\u0259miyy\u0259ti milli aviada\u015f\u0131y\u0131c\u0131d\u0131r v\u0259 MDB \u00f6lk\u0259l\u0259rinin \u0259n m\u00fcasir t\u0259yyar\u0259 park\u0131na malik lider aviasiya \u015firk\u0259tl\u0259rind\u0259n biridir. S\u0259rni\u015finl\u0259r\u0259 xidm\u0259t keyfiyy\u0259tinin y\u00fcks\u0259k standartlar\u0131na g\u00f6r\u0259 m\u00fclki aviasiya s\u0259nayesind\u0259 qabaqc\u0131l aviada\u015f\u0131y\u0131c\u0131lardand\u0131r.[\/vc_column_text][\/vc_column][vc_column width=\"1\/2\"][vc_column_text]Bunu Skytrax t\u0259r\u0259find\u0259n tan\u0131nm\u0131\u015f beyn\u0259lxalq reytinqd\u0259 y\u00fcks\u0259k m\u00f6vqel\u0259r t\u0259sdiql\u0259yir. \u201cAz\u0259rbaycan Hava Yollar\u0131\u201d daim \u00f6z mar\u015frut \u015f\u0259b\u0259k\u0259sini geni\u015fl\u0259ndirm\u0259k \u00fcz\u0259rind\u0259 i\u015fl\u0259yir - bir \u00e7ox m\u00fcnt\u0259z\u0259m mar\u015frutlarla yana\u015f\u0131, da\u015f\u0131y\u0131c\u0131 tez-tez yeni m\u00f6vs\u00fcmi v\u0259 \u00e7arter mar\u015frutlar\u0131 a\u00e7\u0131r.[\/vc_column_text][\/vc_column][\/vc_row][vc_row][vc_column][vc_single_image image=\"433\" img_size=\"full\" alignment=\"center\"][\/vc_column][\/vc_row][vc_row][vc_column width=\"9\/12\"][vc_column_text]<\/p>\n<p class=\"AboutUs_block_title__Sljs6\"><span style=\"color: #000000; font-size: 40px; font-weight: 400;\">Haz\u0131rda AZAL QSC-nin t\u0259rkibin\u0259 a\u015fa\u011f\u0131dak\u0131 strukturlar daxildir<\/span><\/p>\n<p>[\/vc_column_text][\/vc_column][vc_column width=\"3\/12\"][\/vc_column][\/vc_row][vc_row][vc_column width=\"1\/2\"][vc_row_inner content_placement=\"middle\"][vc_column_inner width=\"1\/6\"][vc_single_image image=\"445\" img_size=\"64x64\" alignment=\"center\"][\/vc_column_inner][vc_column_inner width=\"5\/6\"][vc_column_text]<span style=\"font-size: 20px; color: #000000;\">Aviasiya T\u0259hl\u00fck\u0259sizliyi Ba\u015f \u0130dar\u0259si<\/span>[\/vc_column_text][\/vc_column_inner][\/vc_row_inner][vc_row_inner content_placement=\"middle\"][vc_column_inner width=\"1\/6\"][vc_single_image image=\"445\" img_size=\"64x64\" alignment=\"center\"][\/vc_column_inner][vc_column_inner width=\"5\/6\"][vc_column_text]<span style=\"font-size: 20px; color: #000000;\">Milli aviada\u015f\u0131y\u0131c\u0131 \u201cAz\u0259rbaycan Hava Yollar\u0131\u201d<\/span>[\/vc_column_text][\/vc_column_inner][\/vc_row_inner][vc_row_inner content_placement=\"middle\"][vc_column_inner width=\"1\/6\"][vc_single_image image=\"458\" img_size=\"64x64\" alignment=\"center\"][\/vc_column_inner][vc_column_inner width=\"5\/6\"][vc_column_text]<span style=\"font-size: 20px; color: #000000;\">Milli Aviasiya Akademiyas\u0131<\/span>[\/vc_column_text][\/vc_column_inner][\/vc_row_inner][\/vc_column][vc_column width=\"1\/2\"][vc_row_inner content_placement=\"middle\"][vc_column_inner width=\"1\/6\"][vc_single_image image=\"462\" img_size=\"64x64\" alignment=\"center\"][\/vc_column_inner][vc_column_inner width=\"5\/6\"][vc_column_text]<span style=\"font-size: 20px; color: #000000;\">\u201cAz\u0259raeronaviqasiya\u201d (AZANS) Hava H\u0259r\u0259k\u0259ti \u0130dar\u0259si<\/span><\/p>\n<p>[\/vc_column_text][\/vc_column_inner][\/vc_row_inner][vc_row_inner content_placement=\"middle\"][vc_column_inner width=\"1\/6\"][vc_single_image image=\"445\" img_size=\"64x64\" alignment=\"center\"][\/vc_column_inner][vc_column_inner width=\"5\/6\"][vc_column_text]<span style=\"font-size: 20px; color: #000000;\">\u201cAzalOil\u201d Yanacaq-S\u00fcrtg\u00fc Materiallar\u0131 \u0130dar\u0259si,<\/span><\/p>\n<p>[\/vc_column_text][\/vc_column_inner][\/vc_row_inner][\/vc_column][\/vc_row][vc_row][vc_column][vc_column_text]<\/p>\n<p class=\"AboutUs_block_title__Sljs6\"><span style=\"color: #000000; font-size: 40px; font-weight: 400;\">Hava limanlar\u0131m\u0131z<\/span><\/p>\n<p>[\/vc_column_text][\/vc_column][\/vc_row][vc_row equal_height=\"yes\"][vc_column width=\"1\/3\"][vc_column_text css=\".vc_custom_1717066233951{border-top-width: 1px !important;border-right-width: 1px !important;border-bottom-width: 1px !important;border-left-width: 1px !important;padding-top: 24px !important;padding-right: 24px !important;padding-bottom: 24px !important;padding-left: 24px !important;border-left-color: #dbe0e4 !important;border-left-style: solid !important;border-right-color: #dbe0e4 !important;border-right-style: solid !important;border-top-color: #dbe0e4 !important;border-top-style: solid !important;border-bottom-color: #dbe0e4 !important;border-bottom-style: solid !important;border-radius: 15px !important;}\"]<span style=\"font-size: 24px; color: #40b7de;\">Bak\u0131<\/span><\/p>\n<p>Heyd\u0259r \u018fliyev Beyn\u0259lxalq Aeroportu[\/vc_column_text][\/vc_column][vc_column width=\"1\/3\"][vc_column_text css=\".vc_custom_1717066305451{border-top-width: 1px !important;border-right-width: 1px !important;border-bottom-width: 1px !important;border-left-width: 1px !important;padding-top: 24px !important;padding-right: 24px !important;padding-bottom: 24px !important;padding-left: 24px !important;border-left-color: #dbe0e4 !important;border-left-style: solid !important;border-right-color: #dbe0e4 !important;border-right-style: solid !important;border-top-color: #dbe0e4 !important;border-top-style: solid !important;border-bottom-color: #dbe0e4 !important;border-bottom-style: solid !important;border-radius: 15px !important;}\"]<span style=\"font-size: 24px; color: #40b7de;\">Zaqatala<\/span><\/p>\n<p>Beyn\u0259lxalq Hava Liman\u0131[\/vc_column_text][\/vc_column][vc_column width=\"1\/3\"][vc_column_text css=\".vc_custom_1717066322050{border-top-width: 1px !important;border-right-width: 1px !important;border-bottom-width: 1px !important;border-left-width: 1px !important;padding-top: 24px !important;padding-right: 24px !important;padding-bottom: 24px !important;padding-left: 24px !important;border-left-color: #dbe0e4 !important;border-left-style: solid !important;border-right-color: #dbe0e4 !important;border-right-style: solid !important;border-top-color: #dbe0e4 !important;border-top-style: solid !important;border-bottom-color: #dbe0e4 !important;border-bottom-style: solid !important;border-radius: 15px !important;}\"]<span style=\"font-size: 24px; color: #40b7de;\">F\u00fczuli<\/span><\/p>\n<p>Beyn\u0259lxalq Hava Liman\u0131<\/p>\n<p>[\/vc_column_text][\/vc_column][\/vc_row][vc_row equal_height=\"yes\"][vc_column width=\"1\/3\"][vc_column_text css=\".vc_custom_1717075237100{border-top-width: 1px !important;border-right-width: 1px !important;border-bottom-width: 1px !important;border-left-width: 1px !important;padding-top: 24px !important;padding-right: 24px !important;padding-bottom: 24px !important;padding-left: 24px !important;border-left-color: #dbe0e4 !important;border-left-style: solid !important;border-right-color: #dbe0e4 !important;border-right-style: solid !important;border-top-color: #dbe0e4 !important;border-top-style: solid !important;border-bottom-color: #dbe0e4 !important;border-bottom-style: solid !important;border-radius: 15px !important;}\"]<span style=\"font-size: 24px; color: #40b7de;\">Z\u0259ngilan<\/span><\/p>\n<p>Beyn\u0259lxalq Hava Liman\u0131[\/vc_column_text][\/vc_column][vc_column width=\"1\/3\"][vc_column_text css=\".vc_custom_1717066353748{border-top-width: 1px !important;border-right-width: 1px !important;border-bottom-width: 1px !important;border-left-width: 1px !important;padding-top: 24px !important;padding-right: 24px !important;padding-bottom: 24px !important;padding-left: 24px !important;border-left-color: #dbe0e4 !important;border-left-style: solid !important;border-right-color: #dbe0e4 !important;border-right-style: solid !important;border-top-color: #dbe0e4 !important;border-top-style: solid !important;border-bottom-color: #dbe0e4 !important;border-bottom-style: solid !important;border-radius: 15px !important;}\"]<span style=\"font-size: 24px; color: #40b7de;\">G\u0259nc\u0259<\/span><\/p>\n<p>Beyn\u0259lxalq Hava Liman\u0131[\/vc_column_text][\/vc_column][vc_column width=\"1\/3\"][vc_column_text css=\".vc_custom_1717075242029{border-top-width: 1px !important;border-right-width: 1px !important;border-bottom-width: 1px !important;border-left-width: 1px !important;padding-top: 24px !important;padding-right: 24px !important;padding-bottom: 24px !important;padding-left: 24px !important;border-left-color: #dbe0e4 !important;border-left-style: solid !important;border-right-color: #dbe0e4 !important;border-right-style: solid !important;border-top-color: #dbe0e4 !important;border-top-style: solid !important;border-bottom-color: #dbe0e4 !important;border-bottom-style: solid !important;border-radius: 15px !important;}\"]<span style=\"font-size: 24px; color: #40b7de;\">Q\u0259b\u0259l\u0259<\/span><\/p>\n<p>Beyn\u0259lxalq Hava Liman\u0131[\/vc_column_text][\/vc_column][\/vc_row][vc_row equal_height=\"yes\"][vc_column width=\"1\/3\"][vc_column_text css=\".vc_custom_1717075246714{border-top-width: 1px !important;border-right-width: 1px !important;border-bottom-width: 1px !important;border-left-width: 1px !important;padding-top: 24px !important;padding-right: 24px !important;padding-bottom: 24px !important;padding-left: 24px !important;border-left-color: #dbe0e4 !important;border-left-style: solid !important;border-right-color: #dbe0e4 !important;border-right-style: solid !important;border-top-color: #dbe0e4 !important;border-top-style: solid !important;border-bottom-color: #dbe0e4 !important;border-bottom-style: solid !important;border-radius: 15px !important;}\"]<span style=\"font-size: 24px; color: #40b7de;\">Yevlax<\/span><\/p>\n<p>Hava liman\u0131[\/vc_column_text][\/vc_column][vc_column width=\"1\/3\"][vc_column_text css=\".vc_custom_1717075252330{border-top-width: 1px !important;border-right-width: 1px !important;border-bottom-width: 1px !important;border-left-width: 1px !important;padding-top: 24px !important;padding-right: 24px !important;padding-bottom: 24px !important;padding-left: 24px !important;border-left-color: #dbe0e4 !important;border-left-style: solid !important;border-right-color: #dbe0e4 !important;border-right-style: solid !important;border-top-color: #dbe0e4 !important;border-top-style: solid !important;border-bottom-color: #dbe0e4 !important;border-bottom-style: solid !important;border-radius: 15px !important;}\"]<span style=\"font-size: 24px; color: #40b7de;\">La\u00e7\u0131n<\/span><\/p>\n<p>Beyn\u0259lxalq Hava Liman\u0131[\/vc_column_text][\/vc_column][vc_column width=\"1\/3\"][vc_column_text css=\".vc_custom_1717075256423{border-top-width: 1px !important;border-right-width: 1px !important;border-bottom-width: 1px !important;border-left-width: 1px !important;padding-top: 24px !important;padding-right: 24px !important;padding-bottom: 24px !important;padding-left: 24px !important;border-left-color: #dbe0e4 !important;border-left-style: solid !important;border-right-color: #dbe0e4 !important;border-right-style: solid !important;border-top-color: #dbe0e4 !important;border-top-style: solid !important;border-bottom-color: #dbe0e4 !important;border-bottom-style: solid !important;border-radius: 15px !important;}\"]<span style=\"font-size: 24px; color: #40b7de;\">L\u0259nk\u0259ran<\/span><\/p>\n<p>Beyn\u0259lxalq Hava Liman\u0131[\/vc_column_text][\/vc_column][\/vc_row][vc_row][vc_column width=\"1\/3\"][vc_column_text css=\".vc_custom_1717075260541{border-top-width: 1px !important;border-right-width: 1px !important;border-bottom-width: 1px !important;border-left-width: 1px !important;padding-top: 24px !important;padding-right: 24px !important;padding-bottom: 24px !important;padding-left: 24px !important;border-left-color: #dbe0e4 !important;border-left-style: solid !important;border-right-color: #dbe0e4 !important;border-right-style: solid !important;border-top-color: #dbe0e4 !important;border-top-style: solid !important;border-bottom-color: #dbe0e4 !important;border-bottom-style: solid !important;border-radius: 15px !important;}\"]<span style=\"font-size: 24px; color: #40b7de;\">Nax\u00e7\u0131van<\/span><\/p>\n<p>Beyn\u0259lxalq Hava Liman\u0131[\/vc_column_text][\/vc_column][vc_column width=\"1\/3\"][\/vc_column][vc_column width=\"1\/3\"][\/vc_column][\/vc_row][vc_row][vc_column][vc_column_text]<\/p>\n<p class=\"AboutUs_block_title__Sljs6\"><span style=\"color: #000000; font-size: 40px; font-weight: 400;\">M\u00fckafatlar<\/span><\/p>\n<p>[\/vc_column_text][\/vc_column][\/vc_row][vc_row][vc_column width=\"1\/2\"][vc_row_inner][vc_column_inner width=\"1\/4\"][vc_single_image image=\"475\" img_size=\"180x180\"][\/vc_column_inner][vc_column_inner width=\"3\/4\"][vc_column_text]<span style=\"font-size: 24px; color: #000000;\">Heyd\u0259r \u018fliyev Beyn\u0259lxalq Aeroportu 5 Ulduz<\/span><\/p>\n<p>\u201cSkytrax World Airport Awards\u201d t\u0259r\u0259find\u0259n \u0259n y\u00fcks\u0259k m\u00fckafata - \u201c5 ulduz\u201d statusuna layiq g\u00f6r\u00fclm\u00fc\u015f Heyd\u0259r \u018fliyev Beyn\u0259lxalq Aeroportu MDB \u00f6lk\u0259l\u0259rinin \u0259n yax\u015f\u0131 hava limanlar\u0131 reytinqin\u0259 d\u0259 d\u0259f\u0259l\u0259rl\u0259 ba\u015f\u00e7\u0131l\u0131q etmi\u015fdir.[\/vc_column_text][\/vc_column_inner][\/vc_row_inner][\/vc_column][vc_column width=\"1\/2\"][vc_row_inner][vc_column_inner width=\"1\/4\"][vc_single_image image=\"483\" img_size=\"180x180\"][\/vc_column_inner][vc_column_inner width=\"3\/4\"][vc_column_text]<span style=\"font-size: 24px; color: #000000;\">AZAL 4 Ulduz<\/span><\/p>\n<p>Dinamik inki\u015faf ed\u0259n avia\u015firk\u0259t \u201cSkytrax\u201d Britaniya konsaltinq \u015firk\u0259ti t\u0259r\u0259find\u0259n d\u0259f\u0259l\u0259rl\u0259 n\u00fcfuzlu \u201c4 Ulduz\u201d reytinqini t\u0259sdiq etmi\u015fdir.[\/vc_column_text][\/vc_column_inner][\/vc_row_inner][\/vc_column][\/vc_row][vc_row content_placement=\"middle\"][vc_column width=\"1\/2\"][vc_single_image image=\"487\" img_size=\"full\"][\/vc_column][vc_column width=\"1\/2\"][vc_column_text]\u201cAz\u0259rbaycan Hava Yollar\u0131\u201d daim \u00f6z mar\u015frut \u015f\u0259b\u0259k\u0259sini geni\u015fl\u0259ndirm\u0259k \u00fcz\u0259rind\u0259 i\u015fl\u0259yir - bir \u00e7ox m\u00fcnt\u0259z\u0259m mar\u015frutlarla yana\u015f\u0131, da\u015f\u0131y\u0131c\u0131 tez-tez yeni m\u00f6vs\u00fcmi v\u0259 \u00e7arter mar\u015frutlar\u0131 a\u00e7\u0131r.<\/p>\n<p>AZAL \u00f6z s\u0259rni\u015finl\u0259rin\u0259 \u0259n m\u00fcasir xidm\u0259tl\u0259ri, el\u0259c\u0259 d\u0259 s\u0259yah\u0259ti m\u00fcmk\u00fcn q\u0259d\u0259r rahat etm\u0259k \u00fc\u00e7\u00fcn b\u00fct\u00fcn texnoloji h\u0259ll\u0259r t\u0259klif edir.<\/p>\n<p>Az\u0259rbaycan\u0131n m\u00fclki aviasiya t\u0259yyar\u0259l\u0259ri Beyn\u0259lxalq M\u00fclki Aviasiya T\u0259\u015fkilat\u0131n\u0131n (ICAO) standartlar\u0131na tam uy\u011fundur v\u0259 AZAL \u0259n n\u00fcfuzlu m\u00fclki aviasiya assosiasiyas\u0131n\u0131n - Beyn\u0259lxalq Hava N\u0259qliyyat\u0131 Assosiasiyas\u0131n\u0131n (IATA) \u00fczv\u00fcd\u00fcr. Az\u0259rbaycan\u0131n milli aviada\u015f\u0131y\u0131c\u0131s\u0131 h\u0259m d\u0259 Az\u0259rbaycan Turizm Assosiasiyas\u0131n\u0131n (AZTA) idar\u0259 hey\u0259tinin \u00fczv\u00fcd\u00fcr.[\/vc_column_text][\/vc_column][\/vc_row][vc_row][vc_column][vc_column_text]<\/p>\n<p class=\"AboutUs_block_title__Sljs6\" style=\"text-align: center;\"><span style=\"color: #000000; font-size: 40px; font-weight: 400; line-height: 34px;\">AZAL-\u0131n ba\u015f ofisi Bak\u0131da, beyn\u0259lxalq standartlar\u0131n y\u00fcks\u0259k t\u0259l\u0259bl\u0259rin\u0259 cavab ver\u0259n Heyd\u0259r \u018fliyev Beyn\u0259lxalq Aeroportunda yerl\u0259\u015fir.<\/span><\/p>\n<p>[\/vc_column_text][\/vc_column][\/vc_row][vc_row][vc_column]<div class=\"map-contact-block\">\n\t<div id=\"my-map\" style=\"width: 100%; height: 400px;\"><\/div>\n\t<div class=\"route-map-links\">\n\t<div>\n\t\t<div class=\"route-map-links-head\">Mar\u015frut qurun:<\/div>\n\t\t<div class=\"route-map-links-link\"style=\" \n\t\t\">\n\t\t\t<a href=\"https:\/\/www.google.com\/maps\/dir\/?api=1&destination=53.908098, 27.549596\" target=\"_blank\">\n\t\t\t\t<svg xmlns=\"http:\/\/www.w3.org\/2000\/svg\" viewBox=\"0 0 92.3 132.3\" width=\"32\" height=\"32\">\n\t\t\t\t\t<path fill=\"#1a73e8\" d=\"M60.2 2.2C55.8.8 51 0 46.1 0 32 0 19.3 6.4 10.8 16.5l21.8 18.3L60.2 2.2z\"\/>\n\t\t\t\t\t<path fill=\"#ea4335\" d=\"M10.8 16.5C4.1 24.5 0 34.9 0 46.1c0 8.7 1.7 15.7 4.6 22l28-33.3-21.8-18.3z\"\/>\n\t\t\t\t\t<path fill=\"#4285f4\" d=\"M46.2 28.5c9.8 0 17.7 7.9 17.7 17.7 0 4.3-1.6 8.3-4.2 11.4 0 0 13.9-16.6 27.5-32.7-5.6-10.8-15.3-19-27-22.7L32.6 34.8c3.3-3.8 8.1-6.3 13.6-6.3\"\/>\n\t\t\t\t\t<path fill=\"#fbbc04\" d=\"M46.2 63.8c-9.8 0-17.7-7.9-17.7-17.7 0-4.3 1.5-8.3 4.1-11.3l-28 33.3c4.8 10.6 12.8 19.2 21 29.9l34.1-40.5c-3.3 3.9-8.1 6.3-13.5 6.3\"\/>\n\t\t\t\t\t<path fill=\"#34a853\" d=\"M59.1 109.2c15.4-24.1 33.3-35 33.3-63 0-7.7-1.9-14.9-5.2-21.3L25.6 98c2.6 3.4 5.3 7.3 7.9 11.3 9.4 14.5 6.8 23.1 12.8 23.1s3.4-8.7 12.8-23.2\"\/>\n\t\t\t\t<\/svg><span>Google<\/span>\n\t\t\t<\/a>\n\t\t\t<a href=\"https:\/\/yandex.ru\/maps\/?rtext=~53.908098, 27.549596\" target=\"_blank\">  \n\t\t\t<svg xmlns=\"http:\/\/www.w3.org\/2000\/svg\" width=\"28\" height=\"28\" viewBox=\"0 0 28 28\" fill=\"none\">\n\t\t\t<path d=\"M16.8325 12.2214L13.9267 16.5126L9.62976 20.7881C8.03168 18.757 6.2866 16.7895 5.22266 14.4098L7.53878 10.8617L11.0911 7.43457C9.90385 8.90189 9.9925 11.06 11.3571 12.4246C12.8171 13.8845 15.1835 13.8845 16.6434 12.4246C16.7089 12.3592 16.772 12.2914 16.8325 12.2214Z\" fill=\"#FC3F1D\"\/>\n\t\t\t<path d=\"M16.9001 12.1408C18.0977 10.6728 18.0128 8.50726 16.6437 7.13898C15.1838 5.67904 12.8173 5.67904 11.3575 7.13898C11.2967 7.19978 11.2381 7.26261 11.1816 7.32738L13.6322 3.34356L16.957 0.455566C19.4402 1.24164 21.4941 2.99192 22.6799 5.26681L20.2544 9.17784L16.9001 12.1408Z\" fill=\"#FC3F1D\"\/>\n\t\t\t<path d=\"M11.0913 7.43462L5.22265 14.41C4.64061 13.1093 4.26223 11.6856 4.22318 10.0607C4.22022 9.96791 4.21874 9.87505 4.21875 9.78219C4.21875 7.39137 5.07652 5.19998 6.50173 3.50073L11.0913 7.43462Z\" fill=\"#FC3F1D\"\/>\n\t\t\t<path d=\"M11.0917 7.43471L6.50195 3.50055C8.29658 1.3609 10.9896 0 14.001 0C15.0316 0 16.025 0.159469 16.9577 0.455L11.0917 7.43471Z\" fill=\"#FC3F1D\"\/>\n\t\t\t<path d=\"M23.7815 9.78174C23.7815 8.1532 23.3835 6.61757 22.6795 5.26685L9.62891 20.7886C11.1116 22.6746 12.4665 24.6159 13.0295 26.9931C13.0476 27.0692 13.067 27.1582 13.0877 27.2582C13.2918 28.2473 14.7081 28.2473 14.9122 27.2582C14.9329 27.1582 14.9523 27.0692 14.9703 26.9931C16.4714 20.6553 23.6004 17.4163 23.7774 10.0609C23.7799 9.96811 23.7815 9.87509 23.7815 9.78174Z\" fill=\"#FC3F1D\"\/>\n\t\t\t<\/svg><span>Yandex<\/span>\n\t\t\t<\/a>\n\t\t<\/div>\n\t<\/div>\n\t\n<\/div><\/div>\n\t<script src=\"https:\/\/api-maps.yandex.ru\/2.1\/?lang=ru_RU&amp;apikey=7f85250a-5189-4757-b829-4d741b4d9537\"><\/script>\n\t<script>\n\t\tymaps.ready(function () {\n\t\t    var myMap = new ymaps.Map(\"my-map\", {\n\t\t            center: [53.908098, 27.549596],\n\t\t            zoom: 16\n\t\t        }, {\n\t\t            searchControlProvider: \"yandex#search\"\n\t\t        }),\n\n\t\t        MyIconContentLayout = ymaps.templateLayoutFactory.createClass(\n\t\t            '<div style=\"color: #FFFFFF; font-weight: bold;\">$[properties.iconContent]<\/div>'\n\t\t        ),\n\t\t        myPlacemarkWithContent = new ymaps.Placemark([53.908098, 27.549596], {\n\t\t            hintContent: \"Az\u0259rbaycan Hava Yollar\u0131\",\n\t\t            balloonContent: \"Minsk, qalibl\u0259r prospekti, 7\"\n\t\t        }, {\n\t\t            iconLayout: \"default#imageWithContent\",\n\t\t            iconImageHref: \"https:\/\/azal.of.by\/wp-content\/uploads\/2024\/05\/default_1317680bbd.282cb616.png\",\n\t\t            iconImageSize: [60, 60],\n\t\t            iconImageOffset: [-30, -60],\n\t\t            iconContentOffset: [15, 15],\n\t\t            iconContentLayout: MyIconContentLayout\n\t\t        });\n\n\t\t    myMap.geoObjects.add(myPlacemarkWithContent);\n\t\t});\n\t<\/script>[\/vc_column][\/vc_row]<\/p>\n","protected":false},"excerpt":{"rendered":"<p>[vc_row][vc_column width=\"1\/2\"][vc_column_text]\u201cAz\u0259rbaycan Hava Yollar\u0131\u201d Qapal\u0131 S\u0259hmdar C\u0259miyy\u0259ti milli aviada\u015f\u0131y\u0131c\u0131d\u0131r v\u0259 ...<\/p>\n","protected":false},"author":1,"featured_media":0,"parent":0,"menu_order":0,"comment_status":"closed","ping_status":"closed","template":"about-company.php","meta":{"footnotes":""},"yst_prominent_words":[],"class_list":["post-1127","page","type-page","status-publish","hentry"],"_links":{"self":[{"href":"https:\/\/azal.of.by\/az\/wp-json\/wp\/v2\/pages\/1127","targetHints":{"allow":["GET"]}}],"collection":[{"href":"https:\/\/azal.of.by\/az\/wp-json\/wp\/v2\/pages"}],"about":[{"href":"https:\/\/azal.of.by\/az\/wp-json\/wp\/v2\/types\/page"}],"author":[{"embeddable":true,"href":"https:\/\/azal.of.by\/az\/wp-json\/wp\/v2\/users\/1"}],"replies":[{"embeddable":true,"href":"https:\/\/azal.of.by\/az\/wp-json\/wp\/v2\/comments?post=1127"}],"version-history":[{"count":19,"href":"https:\/\/azal.of.by\/az\/wp-json\/wp\/v2\/pages\/1127\/revisions"}],"predecessor-version":[{"id":1269,"href":"https:\/\/azal.of.by\/az\/wp-json\/wp\/v2\/pages\/1127\/revisions\/1269"}],"wp:attachment":[{"href":"https:\/\/azal.of.by\/az\/wp-json\/wp\/v2\/media?parent=1127"}],"wp:term":[{"taxonomy":"yst_prominent_words","embeddable":true,"href":"https:\/\/azal.of.by\/az\/wp-json\/wp\/v2\/yst_prominent_words?post=1127"}],"curies":[{"name":"wp","href":"https:\/\/api.w.org\/{rel}","templated":true}]}}