{"id":1143,"date":"2024-05-30T14:06:07","date_gmt":"2024-05-30T11:06:07","guid":{"rendered":"https:\/\/azal.of.by\/?page_id=1143"},"modified":"2024-06-03T17:35:10","modified_gmt":"2024-06-03T14:35:10","slug":"qrup-s-klind-dasimalar","status":"publish","type":"page","link":"https:\/\/azal.of.by\/az\/qrup-s-klind-dasimalar","title":{"rendered":"Qrup \u015f\u0259klind\u0259 da\u015f\u0131malar"},"content":{"rendered":"<p><span style=\"font-size: 34px; color: #01357e;\">Baqaj\u0131n pulsuz da\u015f\u0131nma normas\u0131n\u0131n \u015famil edilm\u0259diyi x\u00fcsusi baqaj \u0259\u015fyalar\u0131<\/span><\/p>\n<p>&nbsp;<\/p>\n<p>\u00d6l\u00e7\u00fc v\u0259 \u00e7\u0259kisin\u0259 g\u00f6r\u0259 adi baqajdan f\u0259rql\u0259n\u0259n iri\u00f6l\u00e7\u00fcl\u00fc v\u0259 qeyri-standart baqaja pulsuz da\u015f\u0131nma normas\u0131 \u015famil olunmur. Bunlara aiddir:<\/p>\n<ul>\n<li>idman l\u0259vazimat\u0131*;<\/li>\n<li>\u00fc\u00e7 \u00f6l\u00e7\u00fcn\u00fcn c\u0259mind\u0259 115 sm-d\u0259n art\u0131q olan \u00f6l\u00e7\u00fcd\u0259 musiqi al\u0259tl\u0259ri;<\/li>\n<li>Audio v\u0259 videotexnika;<\/li>\n<li>televizorlar, soyuducular;<\/li>\n<li>qabla\u015fd\u0131r\u0131lm\u0131\u015f v\u0259ziyy\u0259td\u0259 \u00f6l\u00e7\u00fc v\u0259 \u00e7\u0259kisi pulsuz da\u015f\u0131nma normas\u0131ndan art\u0131q olan baqaj;<\/li>\n<li>diri heyvanlar;<\/li>\n<\/ul>\n<p>X\u00fcsusi baqaj\u0131n da\u015f\u0131nmas\u0131 Avia\u015firk\u0259tl\u0259 raz\u0131la\u015fd\u0131r\u0131lmal\u0131 v\u0259 s\u0259rni\u015finin da\u015f\u0131d\u0131\u011f\u0131 dig\u0259r baqaj\u0131n \u00e7\u0259kisind\u0259n as\u0131l\u0131 olmayaraq m\u00fc\u0259yy\u0259n edilmi\u015f tarifl\u0259 \u00f6d\u0259nilm\u0259lidir.<\/p>\n<p>*B\u00fct\u00fcn u\u00e7u\u015flarda velosiped baqaj\u0131n pulsuz da\u015f\u0131nma normas\u0131na daxildir. Normadan art\u0131q da\u015f\u0131nmas\u0131 zaman\u0131 art\u0131q \u00f6l\u00e7\u00fc n\u0259z\u0259r\u0259 al\u0131nmamal\u0131 yaln\u0131z normadan art\u0131q yer v\u0259 ya \u00e7\u0259ki olduqda n\u0259z\u0259r\u0259d\u0259 tutulmu\u015f \u00f6d\u0259ni\u015f apar\u0131lmal\u0131d\u0131r.<\/p>\n","protected":false},"excerpt":{"rendered":"<p>Baqaj\u0131n pulsuz da\u015f\u0131nma normas\u0131n\u0131n \u015famil edilm\u0259diyi x\u00fcsusi baqaj \u0259\u015fyalar\u0131 &nbsp; ...<\/p>\n","protected":false},"author":1,"featured_media":0,"parent":0,"menu_order":0,"comment_status":"closed","ping_status":"closed","template":"","meta":{"footnotes":""},"yst_prominent_words":[],"class_list":["post-1143","page","type-page","status-publish","hentry"],"_links":{"self":[{"href":"https:\/\/azal.of.by\/az\/wp-json\/wp\/v2\/pages\/1143","targetHints":{"allow":["GET"]}}],"collection":[{"href":"https:\/\/azal.of.by\/az\/wp-json\/wp\/v2\/pages"}],"about":[{"href":"https:\/\/azal.of.by\/az\/wp-json\/wp\/v2\/types\/page"}],"author":[{"embeddable":true,"href":"https:\/\/azal.of.by\/az\/wp-json\/wp\/v2\/users\/1"}],"replies":[{"embeddable":true,"href":"https:\/\/azal.of.by\/az\/wp-json\/wp\/v2\/comments?post=1143"}],"version-history":[{"count":1,"href":"https:\/\/azal.of.by\/az\/wp-json\/wp\/v2\/pages\/1143\/revisions"}],"predecessor-version":[{"id":1144,"href":"https:\/\/azal.of.by\/az\/wp-json\/wp\/v2\/pages\/1143\/revisions\/1144"}],"wp:attachment":[{"href":"https:\/\/azal.of.by\/az\/wp-json\/wp\/v2\/media?parent=1143"}],"wp:term":[{"taxonomy":"yst_prominent_words","embeddable":true,"href":"https:\/\/azal.of.by\/az\/wp-json\/wp\/v2\/yst_prominent_words?post=1143"}],"curies":[{"name":"wp","href":"https:\/\/api.w.org\/{rel}","templated":true}]}}