{"id":1146,"date":"2024-05-30T14:08:59","date_gmt":"2024-05-30T11:08:59","guid":{"rendered":"https:\/\/azal.of.by\/?page_id=1146"},"modified":"2024-06-03T17:35:38","modified_gmt":"2024-06-03T14:35:38","slug":"m-tbuat-xidm-ti","status":"publish","type":"page","link":"https:\/\/azal.of.by\/az\/m-tbuat-xidm-ti","title":{"rendered":"M\u0259tbuat xidm\u0259ti"},"content":{"rendered":"<p>[vc_row][vc_column width=\"2\/3\"][vc_column_text]K\u0130V v\u0259 m\u0259tbuat sor\u011fular\u0131 elektron po\u00e7t \u00fcnvan\u0131 vasit\u0259sil\u0259 \u00abAz\u0259rbaycan Hava Yollar\u0131\u00bb QSC-nin m\u0259tbuat xidm\u0259tin\u0259 g\u00f6nd\u0259rilm\u0259lidir: media@azal.az.Elektron po\u00e7t \u00fcnvan\u0131na g\u00f6nd\u0259ril\u0259n sor\u011fuda a\u015fa\u011f\u0131dak\u0131lar qeyd edilm\u0259lidir:<\/p>\n<p>sor\u011funun m\u00f6vzusu;<\/p>\n<p>suallar\u0131n siyah\u0131s\u0131;<\/p>\n<p>t\u0259qdim edil\u0259n m\u0259lumat n\u0259 vaxt, harada v\u0259 hans\u0131 kontekstd\u0259 istifad\u0259 olunacaq;<\/p>\n<p>redaksiyan\u0131n v\u0259 m\u00fcxbirin \u0259laq\u0259 m\u0259lumatlar\u0131.<\/p>\n<p>M\u0259tbuatla i\u015f \u015f\u00f6b\u0259sinin r\u0259hb\u0259ri: F\u0259rid H\u00fcseynov<\/p>\n<p>\"Az\u0259rbaycan Hava Yollar\u0131\" avia\u015firk\u0259tinin x\u0259b\u0259rl\u0259rini sosial \u015f\u0259b\u0259k\u0259l\u0259rd\u0259 izl\u0259yin:<\/p>\n<p>Korporativ \u00fcslub \u00fczr\u0259 t\u0259limat kitab\u00e7as\u0131n\u0131 bu linkd\u0259n y\u00fckl\u0259y\u0259 bil\u0259rsiniz:[\/vc_column_text][\/vc_column][vc_column width=\"1\/3\"]       \t\n\t<div class=\"link-body\">\n\t<a href=\"https:\/\/portal.azal.az\/_next\/static\/media\/pdf\/press_room123.pdf\" target=\"_blank\">\n\t\t<div class=\"link-img\"><img decoding=\"async\" src=\"\/wp-content\/uploads\/2024\/05\/converted-14.svg\" alt=\"pdf\"><\/div>\n\t\t<div class=\"link-text\">\n\t\t<span>Az\u0259rbaycan Hava Yollar\u0131 Brend T\u0259limatlar\u0131<\/span>\n\t\t<p>Y\u00fckl\u0259<\/p>\n\t\n\t<\/div>\n\t\n\n\t\n\t<\/a>\n\t\t\t\t   <\/div>   \n\t[\/vc_column][\/vc_row]<\/p>\n","protected":false},"excerpt":{"rendered":"<p>[vc_row][vc_column width=\"2\/3\"][vc_column_text]K\u0130V v\u0259 m\u0259tbuat sor\u011fular\u0131 elektron po\u00e7t \u00fcnvan\u0131 vasit\u0259sil\u0259 \u00abAz\u0259rbaycan ...<\/p>\n","protected":false},"author":1,"featured_media":0,"parent":0,"menu_order":0,"comment_status":"closed","ping_status":"closed","template":"","meta":{"footnotes":""},"yst_prominent_words":[],"class_list":["post-1146","page","type-page","status-publish","hentry"],"_links":{"self":[{"href":"https:\/\/azal.of.by\/az\/wp-json\/wp\/v2\/pages\/1146","targetHints":{"allow":["GET"]}}],"collection":[{"href":"https:\/\/azal.of.by\/az\/wp-json\/wp\/v2\/pages"}],"about":[{"href":"https:\/\/azal.of.by\/az\/wp-json\/wp\/v2\/types\/page"}],"author":[{"embeddable":true,"href":"https:\/\/azal.of.by\/az\/wp-json\/wp\/v2\/users\/1"}],"replies":[{"embeddable":true,"href":"https:\/\/azal.of.by\/az\/wp-json\/wp\/v2\/comments?post=1146"}],"version-history":[{"count":1,"href":"https:\/\/azal.of.by\/az\/wp-json\/wp\/v2\/pages\/1146\/revisions"}],"predecessor-version":[{"id":1147,"href":"https:\/\/azal.of.by\/az\/wp-json\/wp\/v2\/pages\/1146\/revisions\/1147"}],"wp:attachment":[{"href":"https:\/\/azal.of.by\/az\/wp-json\/wp\/v2\/media?parent=1146"}],"wp:term":[{"taxonomy":"yst_prominent_words","embeddable":true,"href":"https:\/\/azal.of.by\/az\/wp-json\/wp\/v2\/yst_prominent_words?post=1146"}],"curies":[{"name":"wp","href":"https:\/\/api.w.org\/{rel}","templated":true}]}}