{"id":1153,"date":"2024-05-30T14:15:07","date_gmt":"2024-05-30T11:15:07","guid":{"rendered":"https:\/\/azal.of.by\/?page_id=1153"},"modified":"2024-06-03T17:36:10","modified_gmt":"2024-06-03T14:36:10","slug":"struktur-bolm-l-ri","status":"publish","type":"page","link":"https:\/\/azal.of.by\/az\/struktur-bolm-l-ri","title":{"rendered":"Struktur b\u00f6lm\u0259l\u0259ri"},"content":{"rendered":"<p>[vc_row][vc_column width=\"1\/2\"][vc_row_inner content_placement=\"middle\"][vc_column_inner width=\"1\/6\"][vc_single_image image=\"445\" img_size=\"64x64\" alignment=\"center\"][\/vc_column_inner][vc_column_inner width=\"5\/6\"][vc_column_text]<span style=\"font-size: 20px; color: #000000;\">Aviasiya T\u0259hl\u00fck\u0259sizliyi Ba\u015f \u0130dar\u0259si<\/span><\/p>\n<p>[\/vc_column_text][\/vc_column_inner][\/vc_row_inner][vc_row_inner content_placement=\"middle\"][vc_column_inner width=\"1\/6\"][vc_single_image image=\"445\" img_size=\"64x64\" alignment=\"center\"][\/vc_column_inner][vc_column_inner width=\"5\/6\"][vc_column_text]<span style=\"font-size: 20px; color: #000000;\">Milli aviada\u015f\u0131y\u0131c\u0131 \u201cAz\u0259rbaycan Hava Yollar\u0131\u201d<\/span>[\/vc_column_text][\/vc_column_inner][\/vc_row_inner][vc_row_inner content_placement=\"middle\"][vc_column_inner width=\"1\/6\"][vc_single_image image=\"458\" img_size=\"64x64\" alignment=\"center\"][\/vc_column_inner][vc_column_inner width=\"5\/6\"][vc_column_text]<span style=\"font-size: 20px; color: #000000;\">Milli Aviasiya Akademiyas\u0131<\/span>[\/vc_column_text][\/vc_column_inner][\/vc_row_inner][\/vc_column][vc_column width=\"1\/2\"][vc_row_inner content_placement=\"middle\"][vc_column_inner width=\"1\/6\"][vc_single_image image=\"462\" img_size=\"64x64\" alignment=\"center\"][\/vc_column_inner][vc_column_inner width=\"5\/6\"][vc_column_text]<span style=\"font-size: 20px; color: #000000;\">\u201cAz\u0259raeronaviqasiya\u201d (AZANS) Hava H\u0259r\u0259k\u0259ti \u0130dar\u0259si<\/span>[\/vc_column_text][\/vc_column_inner][\/vc_row_inner][vc_row_inner content_placement=\"middle\"][vc_column_inner width=\"1\/6\"][vc_single_image image=\"445\" img_size=\"64x64\" alignment=\"center\"][\/vc_column_inner][vc_column_inner width=\"5\/6\"][vc_column_text]<span style=\"font-size: 20px; color: #000000;\">\u201cAzalOil\u201d Yanacaq-S\u00fcrtg\u00fc Materiallar\u0131 \u0130dar\u0259si<\/span>[\/vc_column_text][\/vc_column_inner][\/vc_row_inner][\/vc_column][\/vc_row][vc_column][\/vc_column]<\/p>\n","protected":false},"excerpt":{"rendered":"<p>[vc_row][vc_column width=\"1\/2\"][vc_row_inner content_placement=\"middle\"][vc_column_inner width=\"1\/6\"][vc_single_image image=\"445\" img_size=\"64x64\" alignment=\"center\"][\/vc_column_inner][vc_column_inner width=\"5\/6\"][vc_column_text]Aviasiya T\u0259hl\u00fck\u0259sizliyi Ba\u015f ...<\/p>\n","protected":false},"author":1,"featured_media":0,"parent":0,"menu_order":0,"comment_status":"closed","ping_status":"closed","template":"","meta":{"footnotes":""},"yst_prominent_words":[],"class_list":["post-1153","page","type-page","status-publish","hentry"],"_links":{"self":[{"href":"https:\/\/azal.of.by\/az\/wp-json\/wp\/v2\/pages\/1153","targetHints":{"allow":["GET"]}}],"collection":[{"href":"https:\/\/azal.of.by\/az\/wp-json\/wp\/v2\/pages"}],"about":[{"href":"https:\/\/azal.of.by\/az\/wp-json\/wp\/v2\/types\/page"}],"author":[{"embeddable":true,"href":"https:\/\/azal.of.by\/az\/wp-json\/wp\/v2\/users\/1"}],"replies":[{"embeddable":true,"href":"https:\/\/azal.of.by\/az\/wp-json\/wp\/v2\/comments?post=1153"}],"version-history":[{"count":2,"href":"https:\/\/azal.of.by\/az\/wp-json\/wp\/v2\/pages\/1153\/revisions"}],"predecessor-version":[{"id":1303,"href":"https:\/\/azal.of.by\/az\/wp-json\/wp\/v2\/pages\/1153\/revisions\/1303"}],"wp:attachment":[{"href":"https:\/\/azal.of.by\/az\/wp-json\/wp\/v2\/media?parent=1153"}],"wp:term":[{"taxonomy":"yst_prominent_words","embeddable":true,"href":"https:\/\/azal.of.by\/az\/wp-json\/wp\/v2\/yst_prominent_words?post=1153"}],"curies":[{"name":"wp","href":"https:\/\/api.w.org\/{rel}","templated":true}]}}