{"id":1156,"date":"2024-05-30T14:16:45","date_gmt":"2024-05-30T11:16:45","guid":{"rendered":"https:\/\/azal.of.by\/?page_id=1156"},"modified":"2024-06-03T17:36:34","modified_gmt":"2024-06-03T14:36:34","slug":"agentl-r-ucun-m-lumat","status":"publish","type":"page","link":"https:\/\/azal.of.by\/az\/agentl-r-ucun-m-lumat","title":{"rendered":"Agentl\u0259r \u00fc\u00e7\u00fcn m\u0259lumat"},"content":{"rendered":"<p>[vc_row][vc_column width=\"1\/3\"]       \t\n\t<div class=\"link-body\">\n\t<a href=\"https:\/\/portal.azal.az\/_next\/static\/media\/pdf\/adm-penalty-j2-rus.pdf\" target=\"_blank\">\n\t\t<div class=\"link-img\"><img decoding=\"async\" src=\"\/wp-content\/uploads\/2024\/05\/converted-14.svg\" alt=\"pdf\"><\/div>\n\t\t<div class=\"link-text\">\n\t\t<span>M\u00fcqavil\u0259nin \u015f\u0259rtl\u0259rinin pozulmas\u0131na g\u00f6r\u0259 c\u0259rim\u0259 sanksiyalar\u0131n\u0131n siyah\u0131s\u0131 (BSP v\u0259 ARC vasit\u0259si il\u0259 i\u015fl\u0259y\u0259n agentl\u0259r \u00fc\u00e7\u00fcn ADM policy)<\/span>\n\t\t<p>Y\u00fckl\u0259<\/p>\n\t\n\t<\/div>\n\t\n\n\t\n\t<\/a>\n\t\t\t\t   <\/div>   \n\t[\/vc_column][vc_column width=\"1\/3\"][\/vc_column][vc_column width=\"1\/3\"][\/vc_column][\/vc_row]<\/p>\n","protected":false},"excerpt":{"rendered":"<p>[vc_row][vc_column width=\"1\/3\"][\/vc_column][vc_column width=\"1\/3\"][\/vc_column][vc_column width=\"1\/3\"][\/vc_column][\/vc_row]<\/p>\n","protected":false},"author":1,"featured_media":0,"parent":0,"menu_order":0,"comment_status":"closed","ping_status":"closed","template":"","meta":{"footnotes":""},"yst_prominent_words":[],"class_list":["post-1156","page","type-page","status-publish","hentry"],"_links":{"self":[{"href":"https:\/\/azal.of.by\/az\/wp-json\/wp\/v2\/pages\/1156","targetHints":{"allow":["GET"]}}],"collection":[{"href":"https:\/\/azal.of.by\/az\/wp-json\/wp\/v2\/pages"}],"about":[{"href":"https:\/\/azal.of.by\/az\/wp-json\/wp\/v2\/types\/page"}],"author":[{"embeddable":true,"href":"https:\/\/azal.of.by\/az\/wp-json\/wp\/v2\/users\/1"}],"replies":[{"embeddable":true,"href":"https:\/\/azal.of.by\/az\/wp-json\/wp\/v2\/comments?post=1156"}],"version-history":[{"count":1,"href":"https:\/\/azal.of.by\/az\/wp-json\/wp\/v2\/pages\/1156\/revisions"}],"predecessor-version":[{"id":1157,"href":"https:\/\/azal.of.by\/az\/wp-json\/wp\/v2\/pages\/1156\/revisions\/1157"}],"wp:attachment":[{"href":"https:\/\/azal.of.by\/az\/wp-json\/wp\/v2\/media?parent=1156"}],"wp:term":[{"taxonomy":"yst_prominent_words","embeddable":true,"href":"https:\/\/azal.of.by\/az\/wp-json\/wp\/v2\/yst_prominent_words?post=1156"}],"curies":[{"name":"wp","href":"https:\/\/api.w.org\/{rel}","templated":true}]}}