{"id":1164,"date":"2024-05-30T14:26:40","date_gmt":"2024-05-30T11:26:40","guid":{"rendered":"https:\/\/azal.of.by\/?page_id=1164"},"modified":"2024-06-03T17:37:46","modified_gmt":"2024-06-03T14:37:46","slug":"xidm-tl-rimiz","status":"publish","type":"page","link":"https:\/\/azal.of.by\/az\/xidm-tl-rimiz","title":{"rendered":"Premium Ekonom"},"content":{"rendered":"<div class=\"Text_text__ENRzj TextBlock_block_title__84eOD\"><span style=\"font-size: 34px; color: #01357e;\">Hans\u0131 \u00f6lk\u0259y\u0259 s\u0259yah\u0259t etdiyinizd\u0259n as\u0131l\u0131 olmayaraq, \u201cAz\u0259rbaycan Hava Yollar\u0131\u201d \u015firk\u0259tinin Premium Ekonom sinfi Siz\u0259 u\u00e7u\u015f boyu \u00f6z\u00fcn\u00fcz\u00fc daha rahat v\u0259 s\u0259rb\u0259st hiss etm\u0259k imkan\u0131 ver\u0259c\u0259kdir.<\/span><\/div>\n<div class=\"Text_text__ENRzj\">\n<p><strong>Premium Ekonom-da u\u00e7ark\u0259n Siz a\u015fa\u011f\u0131dak\u0131 \u00fcst\u00fcnl\u00fckl\u0259rd\u0259n faydalanacaqs\u0131n\u0131z:<\/strong><\/p>\n<ul>\n<li>\u0130\u015fl\u0259m\u0259k v\u0259 dinc\u0259lm\u0259k \u00fc\u00e7\u00fcn daha geni\u015f m\u0259kan, ayaqlar\u0131n\u0131z \u00fc\u00e7\u00fcn \u0259lav\u0259 geni\u015f yer v\u0259 daha \u00e7ox a\u00e7\u0131lan oturacaqlar<\/li>\n<li>Hava liman\u0131nda n\u00f6vb\u0259siz qeydiyyat v\u0259 hava g\u0259misin\u0259 n\u00f6vb\u0259siz minik<\/li>\n<li>Heyd\u0259r \u018fliyev Beyn\u0259lxalq Aeroportunda gedi\u015f zaman\u0131 prosedurlardan \u201cs\u00fcr\u0259tli ke\u00e7id\u201d xidm\u0259ti v\u0259 f\u0259rdi k\u00f6m\u0259k<\/li>\n<li>Hava limanlar\u0131nda Biznes sinf\u0259 m\u0259xsus g\u00f6zl\u0259m\u0259 zallar\u0131na burax\u0131l\u0131\u015f<\/li>\n<li>Daha \u00e7ox pulsuz da\u015f\u0131nan baqaj normas\u0131<\/li>\n<\/ul>\n<p>Premium Ekonom biletl\u0259rin\u0259 h\u0259r biri 32 kiloqrama q\u0259d\u0259r \u00e7\u0259kid\u0259 2 yer baqaj v\u0259 10 kiloqrama q\u0259d\u0259r \u00e7\u0259kid\u0259 2 yer \u0259l y\u00fck\u00fc daxildir.<\/p>\n<p>\u018flav\u0259 baqaj\u0131n da\u015f\u0131nmas\u0131 \u00fc\u00e7\u00fcn \u00f6d\u0259ni\u015f h\u0259yata ke\u00e7irilm\u0259lidir.<\/p>\n<p>Premium Ekonom-da b\u00fct\u00fcn yem\u0259kl\u0259r v\u0259 i\u00e7kil\u0259r z\u0259rif \u00e7ini qablarda t\u0259qdim edilir. H\u0259r yem\u0259yin t\u0259qdim edilm\u0259sind\u0259n \u0259vv\u0259l s\u0259rni\u015fin\u0259 t\u0259rav\u0259tl\u0259ndirici isti d\u0259smal t\u0259qdim olunur. Eyni zamanda, Siz\u0259 p\u0259hriziniz\u0259 uy\u011fun olaraq u\u00e7u\u015fdan \u0259n az\u0131 24 saat \u0259vv\u0259l sifari\u015f edilmi\u015f x\u00fcsusi yem\u0259kl\u0259r d\u0259 t\u0259qdim edil\u0259 bil\u0259r.<\/p>\n<ul>\n<li>\u201cBoeing 787\u201d hava g\u0259misind\u0259 oturacaqlara qura\u015fd\u0131r\u0131lm\u0131\u015f 10.6 d\u00fcym \u00f6l\u00e7\u00fcd\u0259 sensorlu monitorlara y\u00fckl\u0259n\u0259n geni\u015f \u00e7e\u015fidd\u0259 \u0259n son v\u0259 klassik filml\u0259r, audio yaz\u0131lar, TV proqramlar, oyunlar v\u0259 dig\u0259r \u0259yl\u0259nc\u0259l\u0259rin daxil oldu\u011fu f\u0259rdi \u0259yl\u0259nc\u0259 sistemi Sizin s\u0259yah\u0259tinizi daha maraql\u0131 ed\u0259c\u0259k.<\/li>\n<\/ul>\n<p>\"Az\u0259rbaycan Hava Yollar\u0131\" \u00f6z s\u0259rni\u015finl\u0259rin\u0259 Az\u0259rbaycan v\u0259 xarici d\u00f6vri n\u0259\u015frl\u0259r t\u0259qdim edir, onlar\u0131n se\u00e7imi reysin istiqam\u0259tind\u0259n as\u0131l\u0131 olaraq s\u0259rni\u015finl\u0259r\u0259 t\u0259klif olunur.<\/p>\n<p>Qar\u015f\u0131n\u0131zdak\u0131 oturaca\u011f\u0131n cibind\u0259 yerl\u0259\u015fdiril\u0259n \u00abAzerbaijan Airlines\u00bb* bort jurnal\u0131n\u0131, \u00abOn-Board Sales Catalogue\u00bb* v\u0259 \u00abIdeal\u00bb* jurnallar\u0131n\u0131 n\u0259z\u0259rd\u0259n ke\u00e7ir\u0259 bil\u0259rsiniz.<\/p>\n<p>Avia\u015firk\u0259tin r\u0259ngar\u0259ng \u015f\u0259killi bort jurnal\u0131nda siz faydal\u0131 v\u0259 maraql\u0131 m\u0259lumatlarla tan\u0131\u015f ola bil\u0259rsiniz. Burada siz mac\u0259ra dolu s\u0259yah\u0259t, d\u00fcnyan\u0131n f\u00fcsunkar yerl\u0259ri, g\u00f6z\u0259l \u015f\u0259h\u0259rl\u0259ri bar\u0259d\u0259 m\u0259qal\u0259l\u0259rl\u0259 tan\u0131\u015f ola v\u0259 m\u0259d\u0259niyy\u0259t, biznes v\u0259 s\u0259naye sah\u0259sind\u0259 son x\u0259b\u0259rl\u0259ri \u00f6yr\u0259n\u0259 bil\u0259rsiniz. Biz m\u00fcxt\u0259lif insanlar\u0131n v\u0259 pe\u015f\u0259 sahibl\u0259rinin maraq v\u0259 z\u00f6vq\u00fcn\u00fc n\u0259z\u0259r\u0259 al\u0131r\u0131q ki, bu da jurnal\u0131m\u0131z\u0131 daha da maraql\u0131 edir v\u0259 dig\u0259rl\u0259rind\u0259n f\u0259rql\u0259ndirir. Jurnal\u0131n s\u0259hif\u0259l\u0259rind\u0259 h\u0259m\u00e7inin \u015firk\u0259tin u\u00e7u\u015f sxeml\u0259ri, hava limanlar\u0131nda transfer c\u0259dv\u0259ll\u0259ri v\u0259 s. \u0259ks etdirilib.<\/p>\n<p>Eyni zamanda hava g\u0259mil\u0259rimizd\u0259 s\u0259rni\u015finl\u0259r \u00fc\u00e7\u00fcn al\u0131\u015f-veri\u015f etm\u0259k imkan\u0131 da yarad\u0131l\u0131r. \u00abOn-Board Sales Catalogue\u00bb* jurnal\u0131n\u0131n s\u0259hif\u0259l\u0259rin\u0259 n\u0259z\u0259r yetir\u0259r\u0259k parf\u00fcmeriya v\u0259 kosmetik m\u0259hsullar\u0131n \u00e7e\u015fidl\u0259ri il\u0259, h\u0259m\u00e7inin h\u0259diyy\u0259 v\u0259 suvenirl\u0259rl\u0259 tan\u0131\u015f olun.<\/p>\n<p>Uzunm\u00fcdd\u0259tli u\u00e7u\u015flarda (7 saatdan art\u0131q davam ed\u0259n u\u00e7u\u015flarda) y\u00fcks\u0259k keyfiyy\u0259tli gigiyenik v\u0259 kosmetik vasit\u0259l\u0259rl\u0259 v\u0259 aksessuarlarla S\u0259yah\u0259t d\u0259sti t\u0259qdim edilir.<\/p>\n<ul>\n<li>Uzunm\u00fcdd\u0259tli u\u00e7u\u015flarda (7 saatdan art\u0131q davam ed\u0259n u\u00e7u\u015flarda) y\u00fcks\u0259k keyfiyy\u0259tli gigiyenik v\u0259 kosmetik vasit\u0259l\u0259rl\u0259 v\u0259 aksessuarlarla S\u0259yah\u0259t d\u0259sti t\u0259qdim edilir.<\/li>\n<li>\u018fyl\u0259nc\u0259li oyunlar v\u0259 u\u015faq g\u00f6z maskas\u0131 (yuxu \u00fc\u00e7\u00fcn) il\u0259 sehrli u\u015faq s\u0259yah\u0259t d\u0259sti<\/li>\n<li>S\u0259yah\u0259t yast\u0131\u011f\u0131<\/li>\n<li>7 saatdan art\u0131q davam ed\u0259n u\u00e7u\u015flarda yum\u015faq oyuncaqlar t\u0259qdim edilir<\/li>\n<\/ul>\n<\/div>\n","protected":false},"excerpt":{"rendered":"<p>Hans\u0131 \u00f6lk\u0259y\u0259 s\u0259yah\u0259t etdiyinizd\u0259n as\u0131l\u0131 olmayaraq, \u201cAz\u0259rbaycan Hava Yollar\u0131\u201d \u015firk\u0259tinin ...<\/p>\n","protected":false},"author":1,"featured_media":0,"parent":0,"menu_order":0,"comment_status":"closed","ping_status":"closed","template":"","meta":{"footnotes":""},"yst_prominent_words":[],"class_list":["post-1164","page","type-page","status-publish","hentry"],"_links":{"self":[{"href":"https:\/\/azal.of.by\/az\/wp-json\/wp\/v2\/pages\/1164","targetHints":{"allow":["GET"]}}],"collection":[{"href":"https:\/\/azal.of.by\/az\/wp-json\/wp\/v2\/pages"}],"about":[{"href":"https:\/\/azal.of.by\/az\/wp-json\/wp\/v2\/types\/page"}],"author":[{"embeddable":true,"href":"https:\/\/azal.of.by\/az\/wp-json\/wp\/v2\/users\/1"}],"replies":[{"embeddable":true,"href":"https:\/\/azal.of.by\/az\/wp-json\/wp\/v2\/comments?post=1164"}],"version-history":[{"count":2,"href":"https:\/\/azal.of.by\/az\/wp-json\/wp\/v2\/pages\/1164\/revisions"}],"predecessor-version":[{"id":1167,"href":"https:\/\/azal.of.by\/az\/wp-json\/wp\/v2\/pages\/1164\/revisions\/1167"}],"wp:attachment":[{"href":"https:\/\/azal.of.by\/az\/wp-json\/wp\/v2\/media?parent=1164"}],"wp:term":[{"taxonomy":"yst_prominent_words","embeddable":true,"href":"https:\/\/azal.of.by\/az\/wp-json\/wp\/v2\/yst_prominent_words?post=1164"}],"curies":[{"name":"wp","href":"https:\/\/api.w.org\/{rel}","templated":true}]}}