{"id":1168,"date":"2024-05-30T14:30:01","date_gmt":"2024-05-30T11:30:01","guid":{"rendered":"https:\/\/azal.of.by\/?page_id=1168"},"modified":"2024-06-03T17:38:12","modified_gmt":"2024-06-03T14:38:12","slug":"biznes-sinif","status":"publish","type":"page","link":"https:\/\/azal.of.by\/az\/biznes-sinif","title":{"rendered":"Biznes sinif"},"content":{"rendered":"<div class=\"Text_text__ENRzj TextBlock_block_title__84eOD\">\n<p><span style=\"font-size: 32px; color: #01357e;\">Biznes Sinifd\u0259 daha rahat v\u0259 s\u0259rb\u0259st s\u0259yah\u0259t edin.<\/span><\/p>\n<\/div>\n<div class=\"Text_text__ENRzj\">\n<p>Hans\u0131 \u00f6lk\u0259y\u0259 s\u0259yah\u0259t etdiyinizd\u0259n as\u0131l\u0131 olmayaraq, \u201cAz\u0259rbaycan Hava Yollar\u0131\u201d \u015firk\u0259tinin Biznes Sinfi Siz\u0259 u\u00e7u\u015f boyu \u00f6z\u00fcn\u00fcz\u00fc daha rahat v\u0259 s\u0259rb\u0259st hiss etm\u0259k imkan\u0131 ver\u0259c\u0259kdir.<\/p>\n<p>Biznes Sinifl\u0259 u\u00e7ark\u0259n Siz a\u015fa\u011f\u0131dak\u0131 \u00fcst\u00fcnl\u00fckl\u0259rd\u0259n faydalanacaqs\u0131n\u0131z:<\/p>\n<ul>\n<li>\u0130\u015fl\u0259m\u0259k v\u0259 dinc\u0259lm\u0259k \u00fc\u00e7\u00fcn daha geni\u015f m\u0259kan, ayaqlar\u0131n\u0131z \u00fc\u00e7\u00fcn \u0259lav\u0259 geni\u015f yer v\u0259 daha \u00e7ox a\u00e7\u0131lan oturacaqlar<\/li>\n<li>Hava liman\u0131nda n\u00f6vb\u0259siz qeydiyyat v\u0259 hava g\u0259misin\u0259 n\u00f6vb\u0259siz minik<\/li>\n<li>Hava limanlar\u0131nda Biznes Sinf\u0259 m\u0259xsus g\u00f6zl\u0259m\u0259 zallar\u0131na burax\u0131l\u0131\u015f<\/li>\n<li>Daha \u00e7ox pulsuz da\u015f\u0131nan baqaj normas\u0131<\/li>\n<\/ul>\n<p>Biznes Sinif biletl\u0259rin\u0259 h\u0259r biri 32 kiloqrama q\u0259d\u0259r \u00e7\u0259kid\u0259 2 yer baqaj v\u0259 10 kiloqrama q\u0259d\u0259r \u00e7\u0259kid\u0259 2 yer \u0259l y\u00fck\u00fc daxildir.<\/p>\n<p>\u018flav\u0259 baqaj\u0131n da\u015f\u0131nmas\u0131 \u00fc\u00e7\u00fcn \u00f6d\u0259ni\u015f h\u0259yata ke\u00e7irilm\u0259lidir.<\/p>\n<p>Biznes Sinifd\u0259 b\u00fct\u00fcn yem\u0259kl\u0259r v\u0259 i\u00e7kil\u0259r z\u0259rif \u00e7ini qablarda t\u0259qdim edilir. H\u0259r yem\u0259yin t\u0259qdim edilm\u0259sind\u0259n \u0259vv\u0259l s\u0259rni\u015fin\u0259 t\u0259rav\u0259tl\u0259nm\u0259k \u00fc\u00e7\u00fcn isti d\u0259smal t\u0259qdim olunur.<\/p>\n<p>S\u0259rni\u015finl\u0259r\u0259 yem\u0259kl\u0259 yana\u015f\u0131, \u015fampan, viski, konyak, rom, araq, cin, piv\u0259, lik\u00f6r, xarici v\u0259 yerli \u015f\u0259rablar kimi alkoqolsuz v\u0259 spirtli i\u00e7kil\u0259rin geni\u015f \u00e7e\u015fidi t\u0259klif olunur. U\u00e7u\u015f boyu q\u0259hv\u0259, kapu\u00e7ino, isti \u015fokolad v\u0259 m\u00fcxt\u0259lif \u00e7aylar verilir.<\/p>\n<p>Eyni zamanda, Siz\u0259 p\u0259hriziniz\u0259 uy\u011fun olaraq u\u00e7u\u015fdan \u0259n az\u0131 24 saat \u0259vv\u0259l sifari\u015f edilmi\u015f x\u00fcsusi yem\u0259kl\u0259r d\u0259 t\u0259qdim edil\u0259 bil\u0259r.<\/p>\n<p>U\u00e7u\u015f boyu s\u0259rni\u015finl\u0259r video izl\u0259y\u0259 v\u0259 ya musiqi dinl\u0259y\u0259 bil\u0259rl\u0259r. S\u0259yah\u0259t d\u0259sti say\u0259sind\u0259 u\u00e7u\u015f u\u015faqlar \u00fc\u00e7\u00fcn bel\u0259 hiss olunmadan ke\u00e7\u0259c\u0259k. \u018fyl\u0259nc\u0259li oyunlar, t\u0259krar istifad\u0259 edil\u0259 bil\u0259n r\u0259sm l\u00f6vh\u0259si, r\u0259ngli karanda\u015flarla r\u0259ngl\u0259m\u0259 tapmacas\u0131 v\u0259 u\u015faq yuxu maskas\u0131 olan sehrli u\u015faq d\u0259sti (4-10 ya\u015f) t\u0259qdim edirik (bu d\u0259st d\u00f6rd saatdan \u00e7ox davam ed\u0259n u\u00e7u\u015flarda verilir). S\u0259yah\u0259t yast\u0131\u011f\u0131. 7 saatdan \u00e7ox davam ed\u0259n u\u00e7u\u015flarda yum\u015faq oyuncaqlar t\u0259qdim edilir. Sehrli stikerl\u0259r.<\/p>\n<p>\"Az\u0259rbaycan Hava Yollar\u0131\" \u00f6z s\u0259rni\u015finl\u0259rin\u0259 Az\u0259rbaycan v\u0259 xarici d\u00f6vri n\u0259\u015frl\u0259r t\u0259qdim edir, onlar\u0131n se\u00e7imi reysin istiqam\u0259tind\u0259n as\u0131l\u0131 olaraq s\u0259rni\u015finl\u0259r\u0259 t\u0259klif olunur.<\/p>\n<p>Qar\u015f\u0131n\u0131zdak\u0131 oturaca\u011f\u0131n cibind\u0259 yerl\u0259\u015fdiril\u0259n \u00abAzerbaijan Airlines\u00bb* bort jurnal\u0131n\u0131, \u00abOn-Board Sales Catalogue\u00bb* v\u0259 \u00abIdeal\u00bb* jurnallar\u0131n\u0131 n\u0259z\u0259rd\u0259n ke\u00e7ir\u0259 bil\u0259rsiniz.<\/p>\n<p>Avia\u015firk\u0259tin r\u0259ngar\u0259ng \u015f\u0259killi bort jurnal\u0131nda siz faydal\u0131 v\u0259 maraql\u0131 m\u0259lumatlarla tan\u0131\u015f ola bil\u0259rsiniz. Burada siz mac\u0259ra dolu s\u0259yah\u0259t, d\u00fcnyan\u0131n f\u00fcsunkar yerl\u0259ri, g\u00f6z\u0259l \u015f\u0259h\u0259rl\u0259ri bar\u0259d\u0259 m\u0259qal\u0259l\u0259rl\u0259 tan\u0131\u015f ola v\u0259 m\u0259d\u0259niyy\u0259t, biznes v\u0259 s\u0259naye sah\u0259sind\u0259 son x\u0259b\u0259rl\u0259ri \u00f6yr\u0259n\u0259 bil\u0259rsiniz. Biz m\u00fcxt\u0259lif insanlar\u0131n v\u0259 pe\u015f\u0259 sahibl\u0259rinin maraq v\u0259 z\u00f6vq\u00fcn\u00fc n\u0259z\u0259r\u0259 al\u0131r\u0131q ki, bu da jurnal\u0131m\u0131z\u0131 daha da maraql\u0131 edir v\u0259 dig\u0259rl\u0259rind\u0259n f\u0259rql\u0259ndirir. Jurnal\u0131n s\u0259hif\u0259l\u0259rind\u0259 h\u0259m\u00e7inin \u015firk\u0259tin u\u00e7u\u015f sxeml\u0259ri, hava limanlar\u0131nda transfer c\u0259dv\u0259ll\u0259ri v\u0259 s. \u0259ks etdirilib.<\/p>\n<p>Eyni zamanda hava g\u0259mil\u0259rimizd\u0259 s\u0259rni\u015finl\u0259r \u00fc\u00e7\u00fcn al\u0131\u015f-veri\u015f etm\u0259k imkan\u0131 da yarad\u0131l\u0131r. \u00abOn-Board Sales Catalogue\u00bb* jurnal\u0131n\u0131n s\u0259hif\u0259l\u0259rin\u0259 n\u0259z\u0259r yetir\u0259r\u0259k parf\u00fcmeriya v\u0259 kosmetik m\u0259hsullar\u0131n \u00e7e\u015fidl\u0259ri il\u0259, h\u0259m\u00e7inin h\u0259diyy\u0259 v\u0259 suvenirl\u0259rl\u0259 tan\u0131\u015f olun.<\/p>\n<\/div>\n","protected":false},"excerpt":{"rendered":"<p>Biznes Sinifd\u0259 daha rahat v\u0259 s\u0259rb\u0259st s\u0259yah\u0259t edin. Hans\u0131 \u00f6lk\u0259y\u0259 ...<\/p>\n","protected":false},"author":1,"featured_media":0,"parent":0,"menu_order":0,"comment_status":"closed","ping_status":"closed","template":"","meta":{"footnotes":""},"yst_prominent_words":[],"class_list":["post-1168","page","type-page","status-publish","hentry"],"_links":{"self":[{"href":"https:\/\/azal.of.by\/az\/wp-json\/wp\/v2\/pages\/1168","targetHints":{"allow":["GET"]}}],"collection":[{"href":"https:\/\/azal.of.by\/az\/wp-json\/wp\/v2\/pages"}],"about":[{"href":"https:\/\/azal.of.by\/az\/wp-json\/wp\/v2\/types\/page"}],"author":[{"embeddable":true,"href":"https:\/\/azal.of.by\/az\/wp-json\/wp\/v2\/users\/1"}],"replies":[{"embeddable":true,"href":"https:\/\/azal.of.by\/az\/wp-json\/wp\/v2\/comments?post=1168"}],"version-history":[{"count":1,"href":"https:\/\/azal.of.by\/az\/wp-json\/wp\/v2\/pages\/1168\/revisions"}],"predecessor-version":[{"id":1169,"href":"https:\/\/azal.of.by\/az\/wp-json\/wp\/v2\/pages\/1168\/revisions\/1169"}],"wp:attachment":[{"href":"https:\/\/azal.of.by\/az\/wp-json\/wp\/v2\/media?parent=1168"}],"wp:term":[{"taxonomy":"yst_prominent_words","embeddable":true,"href":"https:\/\/azal.of.by\/az\/wp-json\/wp\/v2\/yst_prominent_words?post=1168"}],"curies":[{"name":"wp","href":"https:\/\/api.w.org\/{rel}","templated":true}]}}