{"id":1173,"date":"2024-05-30T14:32:21","date_gmt":"2024-05-30T11:32:21","guid":{"rendered":"https:\/\/azal.of.by\/?page_id=1173"},"modified":"2024-06-03T17:38:36","modified_gmt":"2024-06-03T14:38:36","slug":"ekonom-sinif","status":"publish","type":"page","link":"https:\/\/azal.of.by\/az\/ekonom-sinif","title":{"rendered":"Ekonom Sinif"},"content":{"rendered":"<p><span style=\"font-size: 34px; color: #01357e;\">Biziml\u0259 Ekonom Sinifd\u0259 s\u0259yah\u0259t ed\u0259rk\u0259n y\u00fcks\u0259k s\u0259viyy\u0259li xidm\u0259t standartlar\u0131ndan z\u00f6vq al\u0131n.<\/span><\/p>\n<p>Ekonom Sinif \u201cAz\u0259rbaycan Hava Yollar\u0131\u201d \u015firk\u0259tind\u0259n \u0259lveri\u015fli qiym\u0259t\u0259 \u0259ld\u0259 etm\u0259k ist\u0259diyiniz h\u0259r n\u00f6v rahatl\u0131q v\u0259 \u00fcst\u00fcnl\u00fckl\u0259ri t\u0259min ed\u0259r\u0259k, x\u00fcsusi reysl\u0259r istisna olmaqla, beyn\u0259lxalq reysl\u0259rd\u0259 b\u00fct\u00fcn n\u00f6v ekonom sinif xidm\u0259tl\u0259rini t\u0259qdim edir.<\/p>\n<ul>\n<li>A340, B-787 v\u0259 B-767 hava g\u0259mil\u0259rimizin yeni dizaynl\u0131 ekonom sinif salonlar\u0131nda ayaqlar \u00fc\u00e7\u00fcn geni\u015f yer v\u0259 rahatl\u0131q t\u0259min edilir. Bununla Siz \u00f6z\u00fcn\u00fcz\u00fc daha rahat v\u0259 s\u0259rb\u0259st hiss ed\u0259 bil\u0259rsiniz. Oturacaqlar erqonomik qaydada haz\u0131rlan\u0131b, geriy\u0259 a\u00e7\u0131la bilir v\u0259 Sizin rahatl\u0131\u011f\u0131n\u0131z \u00fc\u00e7\u00fcn t\u0259nziml\u0259n\u0259n ba\u015f altl\u0131qlar\u0131 il\u0259 t\u0259min edilib<\/li>\n<li>Oturacaqlara qura\u015fd\u0131r\u0131lm\u0131\u015f 10.6 d\u00fcym \u00f6l\u00e7\u00fcd\u0259 sensorlu monitorlara y\u00fckl\u0259n\u0259n \u0259n son v\u0259 klassik filml\u0259r, audio yaz\u0131lar, TV proqramlar, oyunlar v\u0259 dig\u0259r \u0259yl\u0259nc\u0259l\u0259rd\u0259n ibar\u0259t olan f\u0259rdi \u0259yl\u0259nc\u0259 sistemi Sizin s\u0259yah\u0259tinizi daha da maraql\u0131 ed\u0259c\u0259k. A319\/320, B-757 tipli hava g\u0259mil\u0259rind\u0259 asma monitorlar qura\u015fd\u0131r\u0131lm\u0131\u015fd\u0131r. E170\/190 tipli hava g\u0259mil\u0259rind\u0259 monitorlar m\u00f6vc\u00fcd deyil<\/li>\n<\/ul>\n<p>\"Az\u0259rbaycan Hava Yollar\u0131\" \u00f6z s\u0259rni\u015finl\u0259rin\u0259 Az\u0259rbaycan v\u0259 xarici d\u00f6vri n\u0259\u015frl\u0259r t\u0259qdim edir, onlar\u0131n se\u00e7imi reysin istiqam\u0259tind\u0259n as\u0131l\u0131 olaraq s\u0259rni\u015finl\u0259r\u0259 t\u0259klif olunur.<\/p>\n<p>Qar\u015f\u0131n\u0131zdak\u0131 oturaca\u011f\u0131n cibind\u0259 yerl\u0259\u015fdiril\u0259n \u00abAzerbaijan Airlines\u00bb* bort jurnal\u0131n\u0131, \u00abOn-Board Sales Catalogue\u00bb* v\u0259 \u00abIdeal\u00bb* jurnallar\u0131n\u0131 n\u0259z\u0259rd\u0259n ke\u00e7ir\u0259 bil\u0259rsiniz.<\/p>\n<p>Avia\u015firk\u0259tin r\u0259ngar\u0259ng \u015f\u0259killi bort jurnal\u0131nda siz faydal\u0131 v\u0259 maraql\u0131 m\u0259lumatlarla tan\u0131\u015f ola bil\u0259rsiniz. Burada siz mac\u0259ra dolu s\u0259yah\u0259t, d\u00fcnyan\u0131n f\u00fcsunkar yerl\u0259ri, g\u00f6z\u0259l \u015f\u0259h\u0259rl\u0259ri bar\u0259d\u0259 m\u0259qal\u0259l\u0259rl\u0259 tan\u0131\u015f ola v\u0259 m\u0259d\u0259niyy\u0259t, biznes v\u0259 s\u0259naye sah\u0259sind\u0259 son x\u0259b\u0259rl\u0259ri \u00f6yr\u0259n\u0259 bil\u0259rsiniz. Biz m\u00fcxt\u0259lif insanlar\u0131n v\u0259 pe\u015f\u0259 sahibl\u0259rinin maraq v\u0259 z\u00f6vq\u00fcn\u00fc n\u0259z\u0259r\u0259 al\u0131r\u0131q ki, bu da jurnal\u0131m\u0131z\u0131 daha da maraql\u0131 edir v\u0259 dig\u0259rl\u0259rind\u0259n f\u0259rql\u0259ndirir. Jurnal\u0131n s\u0259hif\u0259l\u0259rind\u0259 h\u0259m\u00e7inin \u015firk\u0259tin u\u00e7u\u015f sxeml\u0259ri, hava limanlar\u0131nda transfer c\u0259dv\u0259ll\u0259ri v\u0259 s. \u0259ks etdirilib.<\/p>\n<p>Eyni zamanda hava g\u0259mil\u0259rimizd\u0259 s\u0259rni\u015finl\u0259r \u00fc\u00e7\u00fcn al\u0131\u015f-veri\u015f etm\u0259k imkan\u0131 da yarad\u0131l\u0131r. \u00abOn-Board Sales Catalogue\u00bb* jurnal\u0131n\u0131n s\u0259hif\u0259l\u0259rin\u0259 n\u0259z\u0259r yetir\u0259r\u0259k parf\u00fcmeriya v\u0259 kosmetik m\u0259hsullar\u0131n \u00e7e\u015fidl\u0259ri il\u0259, h\u0259m\u00e7inin h\u0259diyy\u0259 v\u0259 suvenirl\u0259rl\u0259 tan\u0131\u015f olun.<\/p>\n<ul>\n<li>Pulsuz da\u015f\u0131nan baqaj normas\u0131<\/li>\n<\/ul>\n<p>Ekonom Sinif biletl\u0259rin\u0259 23 kiloqrama q\u0259d\u0259r \u00e7\u0259kid\u0259 1 yer baqaj v\u0259 10 kiloqrama q\u0259d\u0259r \u00e7\u0259kid\u0259 1 yer \u0259l y\u00fck\u00fc daxildir. \u018flav\u0259 baqaj\u0131n da\u015f\u0131nmas\u0131 \u00fc\u00e7\u00fcn \u00f6d\u0259ni\u015f h\u0259yata ke\u00e7irilm\u0259lidir.<\/p>\n<p>Bak\u0131-Nyu-York-Bak\u0131 istiqam\u0259tind\u0259ki (v\u0259 ya \u0259ksin\u0259) u\u00e7u\u015flarda, Ekonom Sinifli s\u0259rni\u015finl\u0259rin\u0259 2 yer (h\u0259r biri 23 kq art\u0131q olmamaq \u015f\u0259rtil\u0259) pulsuz baqaj\u0131n da\u015f\u0131nmas\u0131na icaz\u0259 verilir. \u018flav\u0259 baqaj\u0131n da\u015f\u0131nmas\u0131 \u00fc\u00e7\u00fcn \u00f6d\u0259ni\u015f h\u0259yata ke\u00e7irilm\u0259lidir.<\/p>\n<p>U\u00e7u\u015f vaxt\u0131n\u0131za v\u0259 t\u0259yinat m\u0259nt\u0259q\u0259sin\u0259 uy\u011fun geni\u015f \u00e7e\u015fidli i\u00e7kil\u0259r v\u0259 dadl\u0131 yem\u0259kl\u0259r t\u0259qdim olunur. S\u0259rni\u015finl\u0259r\u0259 h\u0259r qidalanmadan \u00f6nc\u0259 n\u0259m d\u0259smal t\u0259klif olunur. 4 saatdan \u00e7ox davam ed\u0259n u\u00e7u\u015flarda, \u00f6z\u00fcn\u0259xidm\u0259t bufetind\u0259 i\u00e7kil\u0259r t\u0259klif olunur.<\/p>\n<p>U\u00e7u\u015fa \u0259n az\u0131 24 saat qalm\u0131\u015f Sizin p\u0259hriz ehtiyaclar\u0131na cavab ver\u0259n x\u00fcsusi yem\u0259kl\u0259ri \u00f6nc\u0259d\u0259n sifari\u015f ver\u0259 bil\u0259rsiniz.<\/p>\n<p>S\u0259yah\u0259t d\u0259sti say\u0259sind\u0259 u\u00e7u\u015f u\u015faqlar \u00fc\u00e7\u00fcn bel\u0259 hiss olunmadan ke\u00e7\u0259c\u0259k. \u018fyl\u0259nc\u0259li oyunlar, t\u0259krar istifad\u0259 edil\u0259 bil\u0259n r\u0259sm l\u00f6vh\u0259si, r\u0259ngli karanda\u015flarla r\u0259ngl\u0259m\u0259 tapmacas\u0131 v\u0259 u\u015faq yuxu maskas\u0131 olan sehrli u\u015faq d\u0259sti (4-10 ya\u015f) t\u0259qdim edirik (bu d\u0259st d\u00f6rd saatdan \u00e7ox davam ed\u0259n u\u00e7u\u015flarda verilir).<\/p>\n<ul>\n<li>\u018fyl\u0259nc\u0259li oyunlar v\u0259 u\u015faqlar \u00fc\u00e7\u00fcn yuxu maskas\u0131ndan ibar\u0259t olan sehrli u\u015faq d\u0259stl\u0259ri t\u0259klif olunur (4-10 ya\u015f aras\u0131 u\u015faqlar)<\/li>\n<li>7 saatdan \u00e7ox davam ed\u0259n u\u00e7u\u015flarda yum\u015faq oyuncaqlar t\u0259klif olunur<\/li>\n<\/ul>\n","protected":false},"excerpt":{"rendered":"<p>Biziml\u0259 Ekonom Sinifd\u0259 s\u0259yah\u0259t ed\u0259rk\u0259n y\u00fcks\u0259k s\u0259viyy\u0259li xidm\u0259t standartlar\u0131ndan z\u00f6vq ...<\/p>\n","protected":false},"author":1,"featured_media":0,"parent":0,"menu_order":0,"comment_status":"closed","ping_status":"closed","template":"","meta":{"footnotes":""},"yst_prominent_words":[],"class_list":["post-1173","page","type-page","status-publish","hentry"],"_links":{"self":[{"href":"https:\/\/azal.of.by\/az\/wp-json\/wp\/v2\/pages\/1173","targetHints":{"allow":["GET"]}}],"collection":[{"href":"https:\/\/azal.of.by\/az\/wp-json\/wp\/v2\/pages"}],"about":[{"href":"https:\/\/azal.of.by\/az\/wp-json\/wp\/v2\/types\/page"}],"author":[{"embeddable":true,"href":"https:\/\/azal.of.by\/az\/wp-json\/wp\/v2\/users\/1"}],"replies":[{"embeddable":true,"href":"https:\/\/azal.of.by\/az\/wp-json\/wp\/v2\/comments?post=1173"}],"version-history":[{"count":2,"href":"https:\/\/azal.of.by\/az\/wp-json\/wp\/v2\/pages\/1173\/revisions"}],"predecessor-version":[{"id":1177,"href":"https:\/\/azal.of.by\/az\/wp-json\/wp\/v2\/pages\/1173\/revisions\/1177"}],"wp:attachment":[{"href":"https:\/\/azal.of.by\/az\/wp-json\/wp\/v2\/media?parent=1173"}],"wp:term":[{"taxonomy":"yst_prominent_words","embeddable":true,"href":"https:\/\/azal.of.by\/az\/wp-json\/wp\/v2\/yst_prominent_words?post=1173"}],"curies":[{"name":"wp","href":"https:\/\/api.w.org\/{rel}","templated":true}]}}