{"id":1178,"date":"2024-05-30T14:35:11","date_gmt":"2024-05-30T11:35:11","guid":{"rendered":"https:\/\/azal.of.by\/?page_id=1178"},"modified":"2024-06-03T17:39:02","modified_gmt":"2024-06-03T14:39:02","slug":"class-upgrade-xidm-ti","status":"publish","type":"page","link":"https:\/\/azal.of.by\/az\/class-upgrade-xidm-ti","title":{"rendered":"Class Upgrade xidm\u0259ti"},"content":{"rendered":"<p><span style=\"font-size: 34px; color: #01357e;\">\"Az\u0259rbaycan Hava Yollar\u0131\"-n\u0131n reysl\u0259rin\u0259 \"Class Upgrade\"<\/span><\/p>\n<p>&nbsp;<\/p>\n<div class=\"Services_description__JieB9\">\n<div class=\"TextBlock_block__XoJBQ\">\n<div class=\"Text_text__ENRzj\">\n<p>\"Az\u0259rbaycan Hava Yollar\u0131\"-n\u0131n reysl\u0259rin\u0259 \"Class Upgrade\" - xidm\u0259t sinfinin art\u0131r\u0131lmas\u0131 xidm\u0259ti yaln\u0131z avia\u015firk\u0259tin sat\u0131\u015f ofisl\u0259rind\u0259 v\u0259 t\u0259msil\u00e7isi olan r\u0259smi agentlikl\u0259rind\u0259 apar\u0131l\u0131r.<\/p>\n<p>Daha rahat s\u0259yah\u0259t etm\u0259k \u00fc\u00e7\u00fcn Ekonom-Sinif s\u0259rni\u015finl\u0259ri \u00f6z yerl\u0259rini Biznes v\u0259 ya Premium Ekonom sinifl\u0259rind\u0259ki yerl\u0259r\u0259 d\u0259yi\u015f\u0259 bil\u0259rl\u0259r.<\/p>\n<p>Eyni zamanda xidm\u0259t sinfini \u201cPremium Ekonom\u201ddan \u201cBiznes\u201d sinfin\u0259 q\u0259d\u0259r art\u0131rmaq da m\u00fcmk\u00fcnd\u00fcr.<\/p>\n<p>\u201cClass Upgrade\u201d xidm\u0259tind\u0259n sonra Siz Biznes Sinif salonunda rahat oturacaqlardan \u0259lav\u0259, Heyd\u0259r \u018fliyev Beyn\u0259lxalq Aeroportunda Biznes zala (AZAL Lounge) giri\u015f h\u00fcququnu \u0259ld\u0259 etmi\u015f olursunuz.<\/p>\n<\/div>\n<\/div>\n<\/div>\n<div class=\"Services_note___8Ngy\">\n<div class=\"Text_text__ENRzj\">\n<div class=\"PageContentContainer_pageContentContainer__vVrtw Services_servicePage__HJWyr\">\n<div class=\"SectionContentContainer_sectionContentContainer__hJGEf\" data-content=\"true\">\n<div class=\"Services_note___8Ngy\">\n<div class=\"Text_text__ENRzj\">\n<p>\u00a0<a href=\"http:\/\/azal.of.by\/wp-content\/uploads\/2024\/05\/converted-13.svg\"><img decoding=\"async\" class=\"alignnone wp-image-243\" role=\"img\" src=\"http:\/\/azal.of.by\/wp-content\/uploads\/2024\/05\/converted-13.svg\" alt=\"\" width=\"20\" height=\"20\" \/><\/a> Qeyd: Baqaj\u0131n da\u015f\u0131nmas\u0131 normas\u0131 yeni xidm\u0259t sinfin\u0259 uy\u011fun olaraq t\u0259qdim edil\u0259c\u0259k. T\u0259yyar\u0259d\u0259 qida ilkin \u0259ld\u0259 edilmi\u015f aviabiletin xidm\u0259t sinfin\u0259 uy\u011fun olaraq t\u0259qdim edilir.<\/p>\n<\/div>\n<\/div>\n<\/div>\n<\/div>\n<\/div>\n<\/div>\n","protected":false},"excerpt":{"rendered":"<p>\"Az\u0259rbaycan Hava Yollar\u0131\"-n\u0131n reysl\u0259rin\u0259 \"Class Upgrade\" &nbsp; \"Az\u0259rbaycan Hava Yollar\u0131\"-n\u0131n ...<\/p>\n","protected":false},"author":1,"featured_media":0,"parent":0,"menu_order":0,"comment_status":"closed","ping_status":"closed","template":"","meta":{"footnotes":""},"yst_prominent_words":[],"class_list":["post-1178","page","type-page","status-publish","hentry"],"_links":{"self":[{"href":"https:\/\/azal.of.by\/az\/wp-json\/wp\/v2\/pages\/1178","targetHints":{"allow":["GET"]}}],"collection":[{"href":"https:\/\/azal.of.by\/az\/wp-json\/wp\/v2\/pages"}],"about":[{"href":"https:\/\/azal.of.by\/az\/wp-json\/wp\/v2\/types\/page"}],"author":[{"embeddable":true,"href":"https:\/\/azal.of.by\/az\/wp-json\/wp\/v2\/users\/1"}],"replies":[{"embeddable":true,"href":"https:\/\/azal.of.by\/az\/wp-json\/wp\/v2\/comments?post=1178"}],"version-history":[{"count":2,"href":"https:\/\/azal.of.by\/az\/wp-json\/wp\/v2\/pages\/1178\/revisions"}],"predecessor-version":[{"id":1180,"href":"https:\/\/azal.of.by\/az\/wp-json\/wp\/v2\/pages\/1178\/revisions\/1180"}],"wp:attachment":[{"href":"https:\/\/azal.of.by\/az\/wp-json\/wp\/v2\/media?parent=1178"}],"wp:term":[{"taxonomy":"yst_prominent_words","embeddable":true,"href":"https:\/\/azal.of.by\/az\/wp-json\/wp\/v2\/yst_prominent_words?post=1178"}],"curies":[{"name":"wp","href":"https:\/\/api.w.org\/{rel}","templated":true}]}}