{"id":1183,"date":"2024-05-30T14:39:03","date_gmt":"2024-05-30T11:39:03","guid":{"rendered":"https:\/\/azal.of.by\/?page_id=1183"},"modified":"2024-06-03T17:39:31","modified_gmt":"2024-06-03T14:39:31","slug":"t-yyar-d-qidalanma","status":"publish","type":"page","link":"https:\/\/azal.of.by\/az\/t-yyar-d-qidalanma","title":{"rendered":"T\u0259yyar\u0259d\u0259 qidalanma"},"content":{"rendered":"<div class=\"Text_text__ENRzj TextBlock_block_title__84eOD\">\n<p><span style=\"font-size: 32px; color: #01357e;\">\"Az\u0259rbaycan Hava Yollar\u0131\" avia\u015firk\u0259tinin b\u00fct\u00fcn beyn\u0259lxalq reysl\u0259rind\u0259 pulsuz qidalanma t\u0259min olunur.<\/span><\/p>\n<p>&nbsp;<\/p>\n<\/div>\n<div class=\"Text_text__ENRzj\">\n<p>G\u00fcn\u00fcn hans\u0131 vaxt\u0131 u\u00e7ma\u011f\u0131n\u0131zdan as\u0131l\u0131 olmayaraq, Siz\u0259 h\u0259r zaman diqq\u0259tl\u0259 se\u00e7ilmi\u015f m\u0259hsullardan haz\u0131rlanm\u0131\u015f dadl\u0131 yem\u0259k se\u00e7imi t\u0259klif olunacaq. \u0130sti yem\u0259k il\u0259 yana\u015f\u0131, b\u00fct\u00fcn reys \u0259rzind\u0259 Siz h\u0259m\u00e7inin limitsiz miqdarda \u00e7ay v\u0259 q\u0259hv\u0259 sifari\u015f ed\u0259 bil\u0259rsiniz.<\/p>\n<p>Qeyd ed\u0259k ki, menyu Sizin u\u00e7u\u015f sinfinizd\u0259n, m\u00f6vs\u00fcmd\u0259n, g\u00fcn\u00fcn vaxt\u0131ndan v\u0259 u\u00e7u\u015f istiqam\u0259tind\u0259n as\u0131l\u0131 olaraq d\u0259yi\u015f\u0259 bil\u0259r. U\u00e7u\u015f m\u00fcdd\u0259ti 150 d\u0259qiq\u0259d\u0259n az olan reysl\u0259rd\u0259 ekonom sinfind\u0259 isti yem\u0259kl\u0259r t\u0259qdim olunmur. H\u0259min u\u00e7u\u015flarda s\u0259rni\u015finl\u0259r\u0259 \u00e7ay, kofe v\u0259 su verilir.<\/p>\n<p>\"Az\u0259rbaycan Hava Yollar\u0131\" avia\u015firk\u0259tinin reysl\u0259rind\u0259 ekonom sinif aviabileti alark\u0259n \u0259lav\u0259 olaraq a\u015fa\u011f\u0131da t\u0259qdim olunmu\u015f setl\u0259rd\u0259n biznes sinif t\u0259amlar\u0131 \u0259ld\u0259 ed\u0259 bil\u0259rsiniz. Diqq\u0259tiniz\u0259 \u00e7atd\u0131r\u0131r\u0131q ki, yay m\u00f6vs\u00fcm\u00fcnd\u0259 soyuq q\u0259lyanalt\u0131 kimi \u0259t, q\u0131\u015f m\u00f6vs\u00fcm\u00fcnd\u0259 is\u0259 d\u0259niz m\u0259hsullar\u0131 t\u0259qdim edilir.<\/p>\n<p>Siz h\u0259m\u00e7inin x\u00fcsusi n\u00f6v yem\u0259kl\u0259ri pulsuz sifari\u015f ed\u0259 bil\u0259rsiniz. Bunun \u00fc\u00e7\u00fcn bizim avia\u015firk\u0259timizin \u00e7a\u011fr\u0131 m\u0259rk\u0259zin\u0259 u\u00e7u\u015funuza \u0259n az\u0131 24 saat qalm\u0131\u015f m\u00fcraci\u0259t etm\u0259yiniz laz\u0131md\u0131r. Sizin ya\u015f v\u0259 p\u0259hriz x\u00fcsusiyy\u0259tl\u0259riniz n\u0259z\u0259r\u0259 al\u0131naraq, siz\u0259 m\u00fcxt\u0259lif n\u00f6v bort qidas\u0131 t\u0259klif olunur.<\/p>\n<p><strong>X\u00fcsusi qidalanma n\u00f6vl\u0259ri<\/strong><\/p>\n<ul>\n<li>CHML: (U\u015faq yem\u0259yi): X\u00fcsusi olaraq u\u015faqlar \u00fc\u00e7\u00fcn n\u0259z\u0259rd\u0259 tutulan menyu u\u015faqlar\u0131n\u0131z\u0131n z\u00f6vq\u00fcc\u0259 olacaq.<\/li>\n<li>BBML:(k\u00f6rp\u0259 yem\u0259yi): 2 ya\u015fa q\u0259d\u0259r u\u015faqlar \u00fc\u00e7\u00fcn b\u00fct\u00fcn keyfiyy\u0259t standartlar\u0131na cavab ver\u0259n t\u0259r\u0259v\u0259z v\u0259 meyv\u0259 t\u0259rkibli x\u00fcsusi qida t\u0259qdim edilir.<\/li>\n<\/ul>\n<p><strong>Vegetarianlar<\/strong><\/p>\n<ul>\n<li>AVML: Asiya vegetarian qidas\u0131 (Hind vegetarian qidas\u0131)<\/li>\n<li>RVML: Vegetarian qidas\u0131 (\u0259tsiz naharlar, t\u0259rkibind\u0259 s\u00fcd m\u0259hsullar\u0131 ola bil\u0259r)<\/li>\n<li>VGML: Q\u0259rb vegetarian qidas\u0131<\/li>\n<li>VLML: T\u0259rkibind\u0259 \u0259t m\u0259hsullar\u0131, bal\u0131q v\u0259 ya d\u0259niz m\u0259hsullar\u0131 olmayan qida (Qidan\u0131n t\u0259rkibind\u0259 s\u00fcd m\u0259hsullar\u0131 v\u0259 yumurta ola bil\u0259r)<\/li>\n<li>NLML: T\u0259rkibind\u0259 s\u00fcd m\u0259hsullar\u0131 olamayan qida<\/li>\n<li>VOML: \u015e\u0259rq vegetarian qidas\u0131<\/li>\n<\/ul>\n<p><strong>P\u0259hriz yem\u0259kl\u0259ri<\/strong><\/p>\n<ul>\n<li>DBML: Diabetik qida<\/li>\n<li>GFML: T\u0259rkibind\u0259 ql\u00fcten olmayan qida<\/li>\n<li>LFML: T\u0259rkibind\u0259 az miqdarda ya\u011f olan qida<\/li>\n<li>LSML: T\u0259rkibind\u0259 az miqdarda duz olan qida<\/li>\n<li>LCML: Az kalorili qida<\/li>\n<li>LPML: T\u0259rkibind\u0259 az miqdarda z\u00fclal olan qida<\/li>\n<li>PRML: T\u0259rkibin\u0259 az miqdarda purin olan qida<\/li>\n<li>Etnik yem\u0259k<\/li>\n<li>HNML: Hind qidas\u0131<\/li>\n<li>KSML: Ko\u015fer qidas\u0131 - sifari\u015f u\u00e7u\u015fdan \u0259n az\u0131 24 saat \u0259vv\u0259l q\u0259bul edilir.<\/li>\n<li>MOML: M\u00fcs\u0259lman qidas\u0131<\/li>\n<li>ORML: \u015e\u0259rq qidas\u0131<\/li>\n<li>VJML: Caynizm davam\u00e7\u0131lar\u0131 \u00fc\u00e7\u00fcn vegetarian qidas\u0131<\/li>\n<\/ul>\n<p><strong>X\u00fcsusi t\u0259l\u0259batlar<\/strong><\/p>\n<ul>\n<li>SFML: D\u0259niz m\u0259hsullar\u0131ndan haz\u0131rlanm\u0131\u015f qida<\/li>\n<li>BLML: H\u0259zm etm\u0259 v\u0259 ya qidan\u0131n \u00e7eyn\u0259nm\u0259si il\u0259 problemi olanlar \u00fc\u00e7\u00fcn \u00fcy\u00fcd\u00fclm\u00fc\u015f yum\u015faq qida<\/li>\n<li>FPML: T\u0259z\u0259 m\u00f6vs\u00fcmi meyv\u0259l\u0259rd\u0259n haz\u0131rlanm\u0131\u015f qida<\/li>\n<li>NFML: T\u0259rkibind\u0259 bal\u0131q v\u0259 dig\u0259r d\u0259niz m\u0259hsullar\u0131 olmayan qida<\/li>\n<li>HFML: T\u0259rkibind\u0259 \u00e7ox miqdarda sell\u00fcloz olan qida<\/li>\n<\/ul>\n<\/div>\n","protected":false},"excerpt":{"rendered":"<p>\"Az\u0259rbaycan Hava Yollar\u0131\" avia\u015firk\u0259tinin b\u00fct\u00fcn beyn\u0259lxalq reysl\u0259rind\u0259 pulsuz qidalanma t\u0259min ...<\/p>\n","protected":false},"author":1,"featured_media":0,"parent":0,"menu_order":0,"comment_status":"closed","ping_status":"closed","template":"","meta":{"footnotes":""},"yst_prominent_words":[],"class_list":["post-1183","page","type-page","status-publish","hentry"],"_links":{"self":[{"href":"https:\/\/azal.of.by\/az\/wp-json\/wp\/v2\/pages\/1183","targetHints":{"allow":["GET"]}}],"collection":[{"href":"https:\/\/azal.of.by\/az\/wp-json\/wp\/v2\/pages"}],"about":[{"href":"https:\/\/azal.of.by\/az\/wp-json\/wp\/v2\/types\/page"}],"author":[{"embeddable":true,"href":"https:\/\/azal.of.by\/az\/wp-json\/wp\/v2\/users\/1"}],"replies":[{"embeddable":true,"href":"https:\/\/azal.of.by\/az\/wp-json\/wp\/v2\/comments?post=1183"}],"version-history":[{"count":3,"href":"https:\/\/azal.of.by\/az\/wp-json\/wp\/v2\/pages\/1183\/revisions"}],"predecessor-version":[{"id":1186,"href":"https:\/\/azal.of.by\/az\/wp-json\/wp\/v2\/pages\/1183\/revisions\/1186"}],"wp:attachment":[{"href":"https:\/\/azal.of.by\/az\/wp-json\/wp\/v2\/media?parent=1183"}],"wp:term":[{"taxonomy":"yst_prominent_words","embeddable":true,"href":"https:\/\/azal.of.by\/az\/wp-json\/wp\/v2\/yst_prominent_words?post=1183"}],"curies":[{"name":"wp","href":"https:\/\/api.w.org\/{rel}","templated":true}]}}