{"id":1189,"date":"2024-05-30T14:43:55","date_gmt":"2024-05-30T11:43:55","guid":{"rendered":"https:\/\/azal.of.by\/?page_id=1189"},"modified":"2024-06-03T17:39:59","modified_gmt":"2024-06-03T14:39:59","slug":"ucus-zamani-yl-nc","status":"publish","type":"page","link":"https:\/\/azal.of.by\/az\/ucus-zamani-yl-nc","title":{"rendered":"U\u00e7u\u015f zaman\u0131 \u0259yl\u0259nc\u0259"},"content":{"rendered":"<div class=\"Text_text__ENRzj\">\n<p>U\u00e7u\u015f zaman\u0131 maraql\u0131 \u0259yl\u0259nc\u0259l\u0259rd\u0259n z\u00f6vq almaq v\u0259 vaxt\u0131n\u0131z\u0131 s\u0259m\u0259r\u0259li ke\u00e7irm\u0259k \u00fc\u00e7\u00fcn siz\u0259 f\u0259rqli v\u0259 m\u00fcxt\u0259lif janrda media materiallar\u0131 t\u0259klif edirik. \u201cAz\u0259rbaycan Hava Yollar\u0131\u201d \u015firk\u0259tinin u\u00e7u\u015fda y\u00fcks\u0259k s\u0259viyy\u0259li \u0259yl\u0259nc\u0259 sistemi vasit\u0259sil\u0259 sizl\u0259r\u0259 yeni Hollivud v\u0259 dig\u0259r beyn\u0259lxalq filml\u0259r, maarifl\u0259ndirici s\u0259n\u0259dli filml\u0259r, komediyalar, musiqi klipl\u0259ri, filml\u0259rd\u0259n musiqil\u0259r, h\u0259m\u00e7inin m\u00fcxt\u0259lif dil se\u00e7imi imkan\u0131 olan geni\u015f t\u0259rkibli media fayllar\u0131 t\u0259qdim edirik. Biz balaca dostlar\u0131m\u0131z\u0131 da unutmam\u0131\u015f\u0131q. Kolleksiyam\u0131zda onlar \u00fc\u00e7\u00fcn f\u0259rqli oyunlar, cizgi filml\u0259ri v\u0259 animasiyalar n\u0259z\u0259rd\u0259 tutulur.<\/p>\n<\/div>\n<div class=\"Text_text__ENRzj\">\n<p>We are wishing you pleasant and joyful flight!<\/p>\n<\/div>\n","protected":false},"excerpt":{"rendered":"<p>U\u00e7u\u015f zaman\u0131 maraql\u0131 \u0259yl\u0259nc\u0259l\u0259rd\u0259n z\u00f6vq almaq v\u0259 vaxt\u0131n\u0131z\u0131 s\u0259m\u0259r\u0259li ke\u00e7irm\u0259k ...<\/p>\n","protected":false},"author":1,"featured_media":0,"parent":0,"menu_order":0,"comment_status":"closed","ping_status":"closed","template":"","meta":{"footnotes":""},"yst_prominent_words":[],"class_list":["post-1189","page","type-page","status-publish","hentry"],"_links":{"self":[{"href":"https:\/\/azal.of.by\/az\/wp-json\/wp\/v2\/pages\/1189","targetHints":{"allow":["GET"]}}],"collection":[{"href":"https:\/\/azal.of.by\/az\/wp-json\/wp\/v2\/pages"}],"about":[{"href":"https:\/\/azal.of.by\/az\/wp-json\/wp\/v2\/types\/page"}],"author":[{"embeddable":true,"href":"https:\/\/azal.of.by\/az\/wp-json\/wp\/v2\/users\/1"}],"replies":[{"embeddable":true,"href":"https:\/\/azal.of.by\/az\/wp-json\/wp\/v2\/comments?post=1189"}],"version-history":[{"count":1,"href":"https:\/\/azal.of.by\/az\/wp-json\/wp\/v2\/pages\/1189\/revisions"}],"predecessor-version":[{"id":1190,"href":"https:\/\/azal.of.by\/az\/wp-json\/wp\/v2\/pages\/1189\/revisions\/1190"}],"wp:attachment":[{"href":"https:\/\/azal.of.by\/az\/wp-json\/wp\/v2\/media?parent=1189"}],"wp:term":[{"taxonomy":"yst_prominent_words","embeddable":true,"href":"https:\/\/azal.of.by\/az\/wp-json\/wp\/v2\/yst_prominent_words?post=1189"}],"curies":[{"name":"wp","href":"https:\/\/api.w.org\/{rel}","templated":true}]}}