{"id":1192,"date":"2024-05-30T14:48:10","date_gmt":"2024-05-30T11:48:10","guid":{"rendered":"https:\/\/azal.of.by\/?page_id=1192"},"modified":"2024-06-03T17:40:24","modified_gmt":"2024-06-03T14:40:24","slug":"daha-rahat-yerl-r","status":"publish","type":"page","link":"https:\/\/azal.of.by\/az\/daha-rahat-yerl-r","title":{"rendered":"Daha rahat yerl\u0259r"},"content":{"rendered":"<p>[vc_row][vc_column][vc_column_text]\u00d6n s\u0131rada rahatl\u0131\u011f\u0131n\u0131z \u00fc\u00e7\u00fcn daha geni\u015f yerli oturacaq \u2013 40 EUR<\/p>\n<p>Nisb\u0259t\u0259n s\u0259ssiz zonada rahat oturacaq \u2013 30 EUR<\/p>\n<p>G\u00f6st\u0259ril\u0259n yerl\u0259rin se\u00e7ilm\u0259si u\u00e7u\u015fdan \u00f6nc\u0259 bilet sat\u0131\u015f ofisl\u0259rind\u0259 v\u0259 ya \u00e7a\u011fr\u0131 m\u0259rk\u0259zi vasit\u0259sil\u0259, h\u0259m\u00e7inin hava liman\u0131nda qeydiyyat zaman\u0131 m\u00fcmk\u00fcnd\u00fcr.<\/p>\n<p>U\u00e7u\u015flar\u0131n t\u0259hl\u00fck\u0259sizliyini t\u0259min etm\u0259k m\u0259qs\u0259dil\u0259 q\u0259za \u00e7\u0131x\u0131\u015flar\u0131nda yerl\u0259rin sat\u0131\u015f\u0131 xidm\u0259ti t\u0259hl\u00fck\u0259sizlik t\u0259l\u0259bl\u0259rini oxuyub yerin\u0259 yetirm\u0259y\u0259 qadir olmayan v\u0259 ya 15 ya\u015fdan a\u015fa\u011f\u0131 olan s\u0259rni\u015finl\u0259r\u0259 t\u0259qdim olunmur v\u0259 bel\u0259 s\u0259rni\u015finl\u0259rin hava g\u0259misinin salonunda yeri d\u0259yi\u015fdiril\u0259c\u0259kdir.<\/p>\n<p>Avia\u015firk\u0259t t\u0259r\u0259find\u0259n (HG d\u0259yi\u015film\u0259si v\u0259 s.) rahat yerl\u0259rin t\u0259qdim olunmas\u0131 m\u00fcmk\u00fcn deyils\u0259, \u00f6d\u0259ni\u015f geri qaytar\u0131l\u0131r.<\/p>\n<p>[\/vc_column_text][\/vc_column][\/vc_row][vc_row][vc_column width=\"1\/3\"]       \t\n\t<div class=\"link-body\">\n\t<a href=\"https:\/\/portal.azal.az\/_next\/static\/media\/pdf\/comfort_seat_selection_afterboarding.pdf\" target=\"_blank\">\n\t\t<div class=\"link-img\"><img decoding=\"async\" src=\"\/wp-content\/uploads\/2024\/05\/converted-14.svg\" alt=\"pdf\"><\/div>\n\t\t<div class=\"link-text\">\n\t\t<span>Hava liman\u0131nda v\u0259 ya t\u0259yyar\u0259y\u0259 mindikd\u0259n sonra rahat oturacaq se\u00e7imi<\/span>\n\t\t<p>Y\u00fckl\u0259<\/p>\n\t\n\t<\/div>\n\t\n\n\t\n\t<\/a>\n\t\t\t\t   <\/div>   \n\t[\/vc_column][vc_column width=\"1\/3\"]       \t\n\t<div class=\"link-body\">\n\t<a href=\"https:\/\/portal.azal.az\/_next\/static\/media\/pdf\/comfort_seat_selection_presale.pdf\" target=\"_blank\">\n\t\t<div class=\"link-img\"><img decoding=\"async\" src=\"\/wp-content\/uploads\/2024\/05\/converted-14.svg\" alt=\"pdf\"><\/div>\n\t\t<div class=\"link-text\">\n\t\t<span>Komfortlu oturacaq se\u00e7imi sat\u0131\u015fdan \u0259vv\u0259l<\/span>\n\t\t<p>Y\u00fckl\u0259<\/p>\n\t\n\t<\/div>\n\t\n\n\t\n\t<\/a>\n\t\t\t\t   <\/div>   \n\t[\/vc_column][vc_column width=\"1\/3\"][\/vc_column][\/vc_row]<\/p>\n","protected":false},"excerpt":{"rendered":"<p>[vc_row][vc_column][vc_column_text]\u00d6n s\u0131rada rahatl\u0131\u011f\u0131n\u0131z \u00fc\u00e7\u00fcn daha geni\u015f yerli oturacaq \u2013 40 ...<\/p>\n","protected":false},"author":1,"featured_media":0,"parent":0,"menu_order":0,"comment_status":"closed","ping_status":"closed","template":"","meta":{"footnotes":""},"yst_prominent_words":[],"class_list":["post-1192","page","type-page","status-publish","hentry"],"_links":{"self":[{"href":"https:\/\/azal.of.by\/az\/wp-json\/wp\/v2\/pages\/1192","targetHints":{"allow":["GET"]}}],"collection":[{"href":"https:\/\/azal.of.by\/az\/wp-json\/wp\/v2\/pages"}],"about":[{"href":"https:\/\/azal.of.by\/az\/wp-json\/wp\/v2\/types\/page"}],"author":[{"embeddable":true,"href":"https:\/\/azal.of.by\/az\/wp-json\/wp\/v2\/users\/1"}],"replies":[{"embeddable":true,"href":"https:\/\/azal.of.by\/az\/wp-json\/wp\/v2\/comments?post=1192"}],"version-history":[{"count":1,"href":"https:\/\/azal.of.by\/az\/wp-json\/wp\/v2\/pages\/1192\/revisions"}],"predecessor-version":[{"id":1193,"href":"https:\/\/azal.of.by\/az\/wp-json\/wp\/v2\/pages\/1192\/revisions\/1193"}],"wp:attachment":[{"href":"https:\/\/azal.of.by\/az\/wp-json\/wp\/v2\/media?parent=1192"}],"wp:term":[{"taxonomy":"yst_prominent_words","embeddable":true,"href":"https:\/\/azal.of.by\/az\/wp-json\/wp\/v2\/yst_prominent_words?post=1192"}],"curies":[{"name":"wp","href":"https:\/\/api.w.org\/{rel}","templated":true}]}}