{"id":17,"date":"2024-05-24T16:42:29","date_gmt":"2024-05-24T13:42:29","guid":{"rendered":"http:\/\/azal.of.by\/?page_id=17"},"modified":"2024-06-24T12:06:40","modified_gmt":"2024-06-24T09:06:40","slug":"ana-s-hif","status":"publish","type":"page","link":"https:\/\/azal.of.by\/az","title":{"rendered":"Ana s\u0259hif\u0259"},"content":{"rendered":"<p>[vc_row][vc_column]<h2 class=\"heading\">X\u00fcsusi t\u0259klifl\u0259r\n\t<div class=\"heading-link\">\n\t<a href=\"https:\/\/azal.of.by\/az\/xususi-t-klifl-r\">H\u0259r \u015fey\u0259 bax\u0131n<\/a>\n\t<\/div>\n\t<\/h2><div class=\"spec-block\">     \n\t\t\t\n\t\t\t\t<div class=\"single-spec\">\t\t\t\n\t\t\t\t\t<div class=\"spec-img\"><img decoding=\"async\" src=\"https:\/\/azal.of.by\/wp-content\/uploads\/2024\/05\/azal_sofiya_buxarest_42996d98da.0e35df40.jpg-1_11zon.webp\" width=\"350px\" height=\"205px\" alt=\"AZAL Buxarest v\u0259 Sofiyaya 99 avrodan aviabiletl\u0259r t\u0259klif edir\"><\/div>\n\t\t\t\t\t<div class=\"spec-text-block\">\n\n\t\t\t\t\t\t<p class=\"spec-header\">AZAL Buxarest v\u0259 Sofiyaya 99 avrodan aviabiletl\u0259r t\u0259klif edir<\/p>\t\n\t\t\t\t\t\t<span>[vc_row][vc_column][vc_single_image image=\"935\" img_size=\"full\" alignment=\"center\"][vc_column_text]Az\u0259rbaycan\u0131n milli aviada\u015f\u0131y\u0131c\u0131s\u0131 AZAL Buxarest v\u0259 Sofiya ...<\/span>\n\t\t\t\t\t\t<a href=\"https:\/\/azal.of.by\/az\/azal-buxarest-v-sofiyaya-99-avrodan-aviabiletl-r-t-klif-edir\">Daha \u0259trafl\u0131<\/a>\n\t\t\t\t\t<\/div>\n\t\t\t\t<\/div>\n\t\t\t\n\t\t     \n\t\t\t\n\t\t\t\t<div class=\"single-spec\">\t\t\t\n\t\t\t\t\t<div class=\"spec-img\"><img decoding=\"async\" src=\"https:\/\/azal.of.by\/wp-content\/uploads\/2024\/05\/azal_pekin_aksiya_2b86d8ea65.ff514837.jpg_11zon.webp\" width=\"350px\" height=\"205px\" alt=\"AZAL il\u0259 Pekin\u0259 x\u00fcsusi qiym\u0259tl\u0259rl\u0259 s\u0259yah\u0259t etm\u0259k f\u00fcrs\u0259tini qa\u00e7\u0131rmay\u0131n\"><\/div>\n\t\t\t\t\t<div class=\"spec-text-block\">\n\n\t\t\t\t\t\t<p class=\"spec-header\">AZAL il\u0259 Pekin\u0259 x\u00fcsusi qiym\u0259tl\u0259rl\u0259 s\u0259yah\u0259t etm\u0259k f\u00fcrs\u0259tini qa\u00e7\u0131rmay\u0131n<\/p>\t\n\t\t\t\t\t\t<span>[vc_row][vc_column][vc_single_image image=\"940\" img_size=\"full\" alignment=\"center\"][\/vc_column][\/vc_row][vc_row][vc_column][vc_column_text]Az\u0259rbaycan\u0131n milli aviada\u015f\u0131y\u0131c\u0131s\u0131 AZAL 2024-c\u00fc il may\u0131n ...<\/span>\n\t\t\t\t\t\t<a href=\"https:\/\/azal.of.by\/az\/azal-il-pekin-xususi-qiym-tl-rl-s-yah-t-etm-k-furs-tini-qacirmayin\">Daha \u0259trafl\u0131<\/a>\n\t\t\t\t\t<\/div>\n\t\t\t\t<\/div>\n\t\t\t\n\t\t<\/div>[\/vc_column][\/vc_row][vc_row][vc_column]<h2 class=\"heading\">Xidm\u0259tl\u0259rimiz<\/h2><div class=\"uslugi-list \">     \n\t\t\t\t\t\t\t\n\t\t<div class=\"uslugi-item\">\n\t\t\t\t<a href=\"\/az\/biznes-sinif\">\t\t\t\n\t\t\t\t\t\t\t<div class=\"uslugi-item-img\">\n\t\t\t\t\t\t\n\t\t\t\t\t\t\t<img decoding=\"async\"  src=\"https:\/\/azal.of.by\/wp-content\/uploads\/2024\/05\/business_class_p_2_33c4d907d3.fd011fad.jpg\" width=\"385px\" height=\"240px\" alt=\"Biznes sinif\"><\/div>\n\t\t\t\t\t\t\t<div class=\"uslugi-text\">\n\t\t\t\t\t\t\t<span class=\"uslugi-item-text\">Biznes sinif<\/span>\n\t\t\t\t\t\t\t<p>Biznes sinifind\u0259n faydalanaraq B\u00f6y\u00fck rahatl\u0131qla s\u0259yah\u0259t edin<\/p>\n\t\t\t\t\t\t\t<p>Daha \u0259trafl\u0131<\/p>\t\t\t\n       \t\t\t<\/div>\n\t\t\t\t   \t\n\t\t\t\t<\/a>\t<\/div>     \n\t\t\t\t\t\t\t\n\t\t<div class=\"uslugi-item\">\n\t\t\t\t<a href=\"\/az\/t-yyar-d-qidalanma\">\t\t\t\n\t\t\t\t\t\t\t<div class=\"uslugi-item-img\">\n\t\t\t\t\t\t\n\t\t\t\t\t\t\t<img decoding=\"async\"  src=\"https:\/\/azal.of.by\/wp-content\/uploads\/2024\/05\/qidalanma_3_d30d72de34.9ffad3ae.jpg\" width=\"385px\" height=\"240px\" alt=\"T\u0259yyar\u0259d\u0259 qidalanma\"><\/div>\n\t\t\t\t\t\t\t<div class=\"uslugi-text\">\n\t\t\t\t\t\t\t<span class=\"uslugi-item-text\">T\u0259yyar\u0259d\u0259 qidalanma<\/span>\n\t\t\t\t\t\t\t<p>\"Az\u0259rbaycan Hava Yollar\u0131\" avia\u015firk\u0259tinin b\u00fct\u00fcn beyn\u0259lxalq reysl\u0259rind\u0259 pulsuz qidalanma t\u0259min olunur.<\/p>\n\t\t\t\t\t\t\t<p>Daha \u0259trafl\u0131<\/p>\t\t\t\n       \t\t\t<\/div>\n\t\t\t\t   \t\n\t\t\t\t<\/a>\t<\/div>     \n\t\t\t\t\t\t\t\n\t\t<div class=\"uslugi-item\">\n\t\t\t\t<a href=\"\/az\/proqram-haqqinda\">\t\t\t\n\t\t\t\t\t\t\t<div class=\"uslugi-item-img\">\n\t\t\t\t\t\t\n\t\t\t\t\t\t\t<img decoding=\"async\"  src=\"https:\/\/azal.of.by\/wp-content\/uploads\/2024\/05\/snapedit_1716800766546.png\" width=\"385px\" height=\"240px\" alt=\"AZAL-Miles\"><\/div>\n\t\t\t\t\t\t\t<div class=\"uslugi-text\">\n\t\t\t\t\t\t\t<span class=\"uslugi-item-text\">AZAL-Miles<\/span>\n\t\t\t\t\t\t\t<p>AZAL-Miles proqram\u0131 \u201cAz\u0259rbaycan Hava Yollar\u0131\u201d avia\u015firk\u0259ti il\u0259 tez-tez u\u00e7an s\u0259rni\u015finl\u0259r \u00fc\u00e7\u00fcn yarad\u0131lm\u0131\u015f proqramd\u0131r.<\/p>\n\t\t\t\t\t\t\t<p>Daha \u0259trafl\u0131<\/p>\t\t\t\n       \t\t\t<\/div>\n\t\t\t\t   \t\n\t\t\t\t<\/a>\t<\/div>\t<\/div>[\/vc_column][\/vc_row][vc_row][vc_column]<h2 class=\"heading\">Populyar istiqam\u0259tl\u0259r<\/h2><div class=\"naprav-list \">     \n\t\t\t\t\t\t\t\n\t\t<div class=\"naprav-item\">\n\t\t\t\t\t\t\n\t\t\t\t\t\t\t<div class=\"naprav-item-img\">\n\t\t\t\t\t\t\n\t\t\t\t\t\t\t<img decoding=\"async\"  src=\"https:\/\/azal.of.by\/wp-content\/uploads\/2024\/05\/Heiliger-Franz-de-Asis-Church-at-Mexikoplatz.jpg\" alt=\"Vyana\"><\/div>\n\t\t\t\t\t\t\t<div class=\"naprav-text\">\n\t\t\t\t\t\t\t<span class=\"naprav-item-text\">Vyana<\/span>\n\t\t\t\t\t\t\t<p>Avstriya<\/p>\n\t\t\t\t\t\t\t\t\t\n       \t\t\t<\/div>\n\t\t\t\t   \t\n\t\t\t\t\t<\/div>     \n\t\t\t\t\t\t\t\n\t\t<div class=\"naprav-item\">\n\t\t\t\t\t\t\n\t\t\t\t\t\t\t<div class=\"naprav-item-img\">\n\t\t\t\t\t\t\n\t\t\t\t\t\t\t<img decoding=\"async\"  src=\"https:\/\/azal.of.by\/wp-content\/uploads\/2024\/05\/TBS.jpg\" alt=\"Tbilisi\"><\/div>\n\t\t\t\t\t\t\t<div class=\"naprav-text\">\n\t\t\t\t\t\t\t<span class=\"naprav-item-text\">Tbilisi<\/span>\n\t\t\t\t\t\t\t<p>G\u00fcrc\u00fcstan<\/p>\n\t\t\t\t\t\t\t\t\t\n       \t\t\t<\/div>\n\t\t\t\t   \t\n\t\t\t\t\t<\/div>     \n\t\t\t\t\t\t\t\n\t\t<div class=\"naprav-item\">\n\t\t\t\t\t\t\n\t\t\t\t\t\t\t<div class=\"naprav-item-img\">\n\t\t\t\t\t\t\n\t\t\t\t\t\t\t<img decoding=\"async\"  src=\"https:\/\/azal.of.by\/wp-content\/uploads\/2024\/05\/BCN.jpg\" alt=\"Barselona\"><\/div>\n\t\t\t\t\t\t\t<div class=\"naprav-text\">\n\t\t\t\t\t\t\t<span class=\"naprav-item-text\">Barselona<\/span>\n\t\t\t\t\t\t\t<p>\u0130spaniya<\/p>\n\t\t\t\t\t\t\t\t\t\n       \t\t\t<\/div>\n\t\t\t\t   \t\n\t\t\t\t\t<\/div>     \n\t\t\t\t\t\t\t\n\t\t<div class=\"naprav-item\">\n\t\t\t\t\t\t\n\t\t\t\t\t\t\t<div class=\"naprav-item-img\">\n\t\t\t\t\t\t\n\t\t\t\t\t\t\t<img decoding=\"async\"  src=\"https:\/\/azal.of.by\/wp-content\/uploads\/2024\/05\/DXB.jpg\" alt=\"Dubay\"><\/div>\n\t\t\t\t\t\t\t<div class=\"naprav-text\">\n\t\t\t\t\t\t\t<span class=\"naprav-item-text\">Dubay<\/span>\n\t\t\t\t\t\t\t<p>Birl\u0259\u015fmi\u015f \u018fr\u0259b \u018fmirlikl\u0259ri<\/p>\n\t\t\t\t\t\t\t\t\t\n       \t\t\t<\/div>\n\t\t\t\t   \t\n\t\t\t\t\t<\/div>\t<\/div>[\/vc_column][\/vc_row]<\/p>\n","protected":false},"excerpt":{"rendered":"<p>[vc_row][vc_column][\/vc_column][\/vc_row][vc_row][vc_column][\/vc_column][\/vc_row][vc_row][vc_column][\/vc_column][\/vc_row]<\/p>\n","protected":false},"author":1,"featured_media":0,"parent":0,"menu_order":0,"comment_status":"closed","ping_status":"closed","template":"","meta":{"footnotes":""},"yst_prominent_words":[],"class_list":["post-17","page","type-page","status-publish","hentry"],"_links":{"self":[{"href":"https:\/\/azal.of.by\/az\/wp-json\/wp\/v2\/pages\/17","targetHints":{"allow":["GET"]}}],"collection":[{"href":"https:\/\/azal.of.by\/az\/wp-json\/wp\/v2\/pages"}],"about":[{"href":"https:\/\/azal.of.by\/az\/wp-json\/wp\/v2\/types\/page"}],"author":[{"embeddable":true,"href":"https:\/\/azal.of.by\/az\/wp-json\/wp\/v2\/users\/1"}],"replies":[{"embeddable":true,"href":"https:\/\/azal.of.by\/az\/wp-json\/wp\/v2\/comments?post=17"}],"version-history":[{"count":7,"href":"https:\/\/azal.of.by\/az\/wp-json\/wp\/v2\/pages\/17\/revisions"}],"predecessor-version":[{"id":1261,"href":"https:\/\/azal.of.by\/az\/wp-json\/wp\/v2\/pages\/17\/revisions\/1261"}],"wp:attachment":[{"href":"https:\/\/azal.of.by\/az\/wp-json\/wp\/v2\/media?parent=17"}],"wp:term":[{"taxonomy":"yst_prominent_words","embeddable":true,"href":"https:\/\/azal.of.by\/az\/wp-json\/wp\/v2\/yst_prominent_words?post=17"}],"curies":[{"name":"wp","href":"https:\/\/api.w.org\/{rel}","templated":true}]}}