{"id":1032,"date":"2024-05-30T10:16:59","date_gmt":"2024-05-30T07:16:59","guid":{"rendered":"https:\/\/azal.of.by\/?page_id=1032"},"modified":"2024-06-03T17:02:07","modified_gmt":"2024-06-03T14:02:07","slug":"press-room","status":"publish","type":"page","link":"https:\/\/azal.of.by\/en\/press-room","title":{"rendered":"Press Room"},"content":{"rendered":"<p>[vc_row][vc_column width=\"2\/3\"][vc_column_text]Requests from media and press must be sent to the Press Service of Azerbaijan Airlines CJSC by e-mail: media@azal.az<\/p>\n<p>request topic;<\/p>\n<p>list of questions;<\/p>\n<p>when, where and in which context the provided information will be used;<\/p>\n<p>contact details of editorial office and a correspondent.<\/p>\n<p>Head of Media Relations: Farid Huseynov<\/p>\n<ul>\n<li>\"Az\u0259rbaycan Hava Yollar\u0131\" avia\u015firk\u0259tinin x\u0259b\u0259rl\u0259rini sosial \u015f\u0259b\u0259k\u0259l\u0259rd\u0259 izl\u0259yin:<\/li>\n<li>Korporativ \u00fcslub \u00fczr\u0259 t\u0259limat kitab\u00e7as\u0131n\u0131 bu linkd\u0259n y\u00fckl\u0259y\u0259 bil\u0259rsiniz:<\/li>\n<li>Azerbaijan Airlines Brand Guidelines<\/li>\n<\/ul>\n<p>[\/vc_column_text][\/vc_column][vc_column width=\"1\/3\"]       \t\n\t<div class=\"link-body\">\n\t<a href=\"https:\/\/portal.azal.az\/_next\/static\/media\/pdf\/press_room123.pdf\" target=\"_blank\">\n\t\t<div class=\"link-img\"><img decoding=\"async\" src=\"\/wp-content\/uploads\/2024\/05\/converted-14.svg\" alt=\"pdf\"><\/div>\n\t\t<div class=\"link-text\">\n\t\t<span>Azerbaijan Airlines Brand Guidelines<\/span>\n\t\t<p>Download<\/p>\n\t\n\t<\/div>\n\t\n\n\t\n\t<\/a>\n\t\t\t\t   <\/div>   \n\t[\/vc_column][\/vc_row]<\/p>\n","protected":false},"excerpt":{"rendered":"<p>[vc_row][vc_column width=\"2\/3\"][vc_column_text]Requests from media and press must be sent to ...<\/p>\n","protected":false},"author":1,"featured_media":0,"parent":0,"menu_order":0,"comment_status":"closed","ping_status":"closed","template":"","meta":{"footnotes":""},"yst_prominent_words":[],"class_list":["post-1032","page","type-page","status-publish","hentry"],"_links":{"self":[{"href":"https:\/\/azal.of.by\/en\/wp-json\/wp\/v2\/pages\/1032","targetHints":{"allow":["GET"]}}],"collection":[{"href":"https:\/\/azal.of.by\/en\/wp-json\/wp\/v2\/pages"}],"about":[{"href":"https:\/\/azal.of.by\/en\/wp-json\/wp\/v2\/types\/page"}],"author":[{"embeddable":true,"href":"https:\/\/azal.of.by\/en\/wp-json\/wp\/v2\/users\/1"}],"replies":[{"embeddable":true,"href":"https:\/\/azal.of.by\/en\/wp-json\/wp\/v2\/comments?post=1032"}],"version-history":[{"count":2,"href":"https:\/\/azal.of.by\/en\/wp-json\/wp\/v2\/pages\/1032\/revisions"}],"predecessor-version":[{"id":1034,"href":"https:\/\/azal.of.by\/en\/wp-json\/wp\/v2\/pages\/1032\/revisions\/1034"}],"wp:attachment":[{"href":"https:\/\/azal.of.by\/en\/wp-json\/wp\/v2\/media?parent=1032"}],"wp:term":[{"taxonomy":"yst_prominent_words","embeddable":true,"href":"https:\/\/azal.of.by\/en\/wp-json\/wp\/v2\/yst_prominent_words?post=1032"}],"curies":[{"name":"wp","href":"https:\/\/api.w.org\/{rel}","templated":true}]}}